{"id":140,"date":"2019-03-25T20:06:50","date_gmt":"2019-03-25T19:06:50","guid":{"rendered":"https:\/\/krets.jagareforbundet.se\/tjorn\/?page_id=140"},"modified":"2019-09-04T20:48:39","modified_gmt":"2019-09-04T18:48:39","slug":"protokoll","status":"publish","type":"page","link":"https:\/\/krets.jagareforbundet.se\/tjorn\/protokoll\/","title":{"rendered":"Protokoll"},"content":{"rendered":"<p><a href=\"https:\/\/krets.jagareforbundet.se\/tjorn\/files\/2019\/09\/\u00c5rsm\u00f6tes-protokoll-2019.pdf\">\u00c5rsm\u00f6tes protokoll 2019<\/a><\/p>\n<p><a href=\"https:\/\/krets.jagareforbundet.se\/tjorn\/files\/2016\/02\/arsmote-2015.pdf\">\u00c5rsm\u00f6te 2015<\/a><\/p>\n","protected":false},"excerpt":{"rendered":"<p>\u00c5rsm\u00f6tes protokoll 2019 \u00c5rsm\u00f6te 2015<\/p>\n","protected":false},"author":218,"featured_media":0,"parent":0,"menu_order":0,"comment_status":"closed","ping_status":"closed","template":"","meta":{"jetpack_post_was_ever_published":false,"footnotes":""},"class_list":["post-140","page","type-page","status-publish","hentry"],"_links":{"self":[{"href":"https:\/\/krets.jagareforbundet.se\/tjorn\/wp-json\/wp\/v2\/pages\/140","targetHints":{"allow":["GET"]}}],"collection":[{"href":"https:\/\/krets.jagareforbundet.se\/tjorn\/wp-json\/wp\/v2\/pages"}],"about":[{"href":"https:\/\/krets.jagareforbundet.se\/tjorn\/wp-json\/wp\/v2\/types\/page"}],"author":[{"embeddable":true,"href":"https:\/\/krets.jagareforbundet.se\/tjorn\/wp-json\/wp\/v2\/users\/218"}],"replies":[{"embeddable":true,"href":"https:\/\/krets.jagareforbundet.se\/tjorn\/wp-json\/wp\/v2\/comments?post=140"}],"version-history":[{"count":2,"href":"https:\/\/krets.jagareforbundet.se\/tjorn\/wp-json\/wp\/v2\/pages\/140\/revisions"}],"predecessor-version":[{"id":165,"href":"https:\/\/krets.jagareforbundet.se\/tjorn\/wp-json\/wp\/v2\/pages\/140\/revisions\/165"}],"wp:attachment":[{"href":"https:\/\/krets.jagareforbundet.se\/tjorn\/wp-json\/wp\/v2\/media?parent=140"}],"curies":[{"name":"wp","href":"https:\/\/api.w.org\/{rel}","templated":true}]}}