{"id":151,"date":"2016-02-18T21:20:49","date_gmt":"2016-02-18T20:20:49","guid":{"rendered":"https:\/\/krets.jagareforbundet.se\/tjorn\/?page_id=151"},"modified":"2018-01-09T20:42:18","modified_gmt":"2018-01-09T19:42:18","slug":"utbildning","status":"publish","type":"page","link":"https:\/\/krets.jagareforbundet.se\/tjorn\/utbildning\/","title":{"rendered":"Utbildning"},"content":{"rendered":"<p><a href=\"https:\/\/krets.jagareforbundet.se\/tjorn\/files\/2018\/01\/utbildningar-2018.pdf\">UTBILDNINGAR 2018<\/a><\/p>\n<p>God forts\u00e4ttning p\u00e5 det nya \u00e5ret!<\/p>\n<p>Svenska J\u00e4garef\u00f6rbundet tillsammans med studiefr\u00e4mjandet h\u00e4lsar er v\u00e4lkomna till 2018 \u00e5rs utbildningar.<\/p>\n<p>Bifogat finner ni utbildningskalendern f\u00f6r 2018 V\u00e4stra G\u00f6taland<\/p>\n<p>Med v\u00e4nliga h\u00e4lsningar<\/p>\n","protected":false},"excerpt":{"rendered":"<p>UTBILDNINGAR 2018 God forts\u00e4ttning p\u00e5 det nya \u00e5ret! Svenska J\u00e4garef\u00f6rbundet tillsammans med studiefr\u00e4mjandet h\u00e4lsar er v\u00e4lkomna till 2018 \u00e5rs utbildningar. Bifogat finner ni utbildningskalendern f\u00f6r 2018 V\u00e4stra G\u00f6taland Med v\u00e4nliga h\u00e4lsningar<\/p>\n","protected":false},"author":218,"featured_media":0,"parent":0,"menu_order":0,"comment_status":"closed","ping_status":"closed","template":"","meta":{"jetpack_post_was_ever_published":false,"footnotes":""},"class_list":["post-151","page","type-page","status-publish","hentry"],"_links":{"self":[{"href":"https:\/\/krets.jagareforbundet.se\/tjorn\/wp-json\/wp\/v2\/pages\/151","targetHints":{"allow":["GET"]}}],"collection":[{"href":"https:\/\/krets.jagareforbundet.se\/tjorn\/wp-json\/wp\/v2\/pages"}],"about":[{"href":"https:\/\/krets.jagareforbundet.se\/tjorn\/wp-json\/wp\/v2\/types\/page"}],"author":[{"embeddable":true,"href":"https:\/\/krets.jagareforbundet.se\/tjorn\/wp-json\/wp\/v2\/users\/218"}],"replies":[{"embeddable":true,"href":"https:\/\/krets.jagareforbundet.se\/tjorn\/wp-json\/wp\/v2\/comments?post=151"}],"version-history":[{"count":1,"href":"https:\/\/krets.jagareforbundet.se\/tjorn\/wp-json\/wp\/v2\/pages\/151\/revisions"}],"predecessor-version":[{"id":156,"href":"https:\/\/krets.jagareforbundet.se\/tjorn\/wp-json\/wp\/v2\/pages\/151\/revisions\/156"}],"wp:attachment":[{"href":"https:\/\/krets.jagareforbundet.se\/tjorn\/wp-json\/wp\/v2\/media?parent=151"}],"curies":[{"name":"wp","href":"https:\/\/api.w.org\/{rel}","templated":true}]}}