{"id":2,"date":"2016-02-17T09:00:43","date_gmt":"2016-02-17T08:00:43","guid":{"rendered":"https:\/\/krets.jagareforbundet.se\/template\/?page_id=2"},"modified":"2023-09-07T21:41:46","modified_gmt":"2023-09-07T19:41:46","slug":"exempelsida","status":"publish","type":"page","link":"https:\/\/krets.jagareforbundet.se\/tjorn\/","title":{"rendered":"V\u00e4lkommen till Tj\u00f6rns jaktv\u00e5rdskrets"},"content":{"rendered":"<p class=\"x_MsoNormal\">Hej Alla,<br aria-hidden=\"true\" \/>V\u00e4lkomna till lerduveskytte p\u00e5 Tj\u00f6rns skjutplats (bredvid brandk\u00e5rens \u00f6vningsomr\u00e5de, Tj\u00f6rns brukshunds klubb) precis innan He\u00e5s \u00e5tervinningsstation) i Tj\u00f6rns Jaktv\u00e5rdskrets regi.<br aria-hidden=\"true\" \/>Vi kommer att k\u00f6ra h\u00f6sts\u00e4songen S\u00f6ndagar med start 27:a Augusti till 1:a Oktober mellan 17:00-19:00.<br aria-hidden=\"true\" \/>Anm\u00e4l er till mig senast dagen innan lerduveskyttet via mail eller sms.<br aria-hidden=\"true\" \/>Namn och mobilnummer vid anm\u00e4lan.<br aria-hidden=\"true\" \/>St\u00e4lls lerduveskyttet in s\u00e5 anm\u00e4ls detta direkt till dom som anm\u00e4lt sig och denna Facebook sida och Tj\u00f6rns Jaktv\u00e5rdskrets hemsida.<\/p>\n<p class=\"x_MsoNormal\">Kostnad: 25 lerduvor\/40kr via swish, inga kontanter.<\/p>\n<p class=\"x_MsoNormal\">Viss m\u00e4ngd ammunition kan ordnas men man m\u00e5ste s\u00e4ga till dagen innan skyttet.<\/p>\n<p class=\"x_MsoNormal\">Det \u00e4r mycket f\u00f6rberedelser med 2 eller 3 mobila lerduvekastare som m\u00e5ste demonteras\/monteras vid varje tillf\u00e4lle och st\u00e4dning bla av hagelf\u00f6rladdningar s\u00e5 vi k\u00f6r att man kommer 30min innan och \u00e4r kvar max 30min efter\u00e5t och hj\u00e4lper till med allt.<\/p>\n<p class=\"x_MsoNormal\">Pga eldf\u00f6rbudet som intr\u00e4ffade s\u00e5 blev \u00e4ven Tj\u00f6rn M\u00e4sterskapet i Lerduveskytte inst\u00e4llt.<br aria-hidden=\"true\" \/>Detta kommer nu att bli under h\u00f6sts\u00e4songen och mer info kommer skickas ut senare.<\/p>\n<p class=\"x_MsoNormal\"><u>Ser \u00e4ven att det beh\u00f6ver r\u00f6jas lite p\u00e5 skjutplatsen s\u00e5 om n\u00e5gon har en bensindriven r\u00f6js\u00e5g\/trimmer som jag har s\u00e5 vore det \u00f6nskv\u00e4rt om dessa kan h\u00f6ra av sig till mig s\u00e5 kan vi synka lite trimjobb under veckan till S\u00f6ndag eftermiddag!<\/u><\/p>\n<p class=\"x_MsoNormal\">Vi hoppas att vi alla kan samarbeta f\u00f6r att g\u00f6ra lerduveskytte b\u00e5de trevligt och s\u00e4kert!<\/p>\n<p class=\"x_MsoNormal\">Fr\u00e5gor: Kontakta mig nedan.<\/p>\n<p class=\"x_MsoNormal\">Med v\u00e4nlig h\u00e4lsning:<br aria-hidden=\"true\" \/>Lars-\u00c5ke 0707 880699<br aria-hidden=\"true\" \/>Mail :\u00a0<a id=\"LPlnk799721\" href=\"mailto:zooken66@msn.com\">zooken66@msn.com<\/a><\/p>\n<p class=\"x_MsoNormal\">\n","protected":false},"excerpt":{"rendered":"<p>Hej Alla,V\u00e4lkomna till lerduveskytte p\u00e5 Tj\u00f6rns skjutplats (bredvid brandk\u00e5rens \u00f6vningsomr\u00e5de, Tj\u00f6rns brukshunds klubb) precis innan He\u00e5s \u00e5tervinningsstation) i Tj\u00f6rns Jaktv\u00e5rdskrets regi.Vi kommer att k\u00f6ra h\u00f6sts\u00e4songen S\u00f6ndagar med start 27:a Augusti till 1:a Oktober mellan 17:00-19:00.Anm\u00e4l er till mig senast dagen innan lerduveskyttet via mail eller sms.Namn och mobilnummer vid anm\u00e4lan.St\u00e4lls lerduveskyttet in s\u00e5 anm\u00e4ls detta [&hellip;]<\/p>\n","protected":false},"author":3,"featured_media":0,"parent":0,"menu_order":0,"comment_status":"open","ping_status":"open","template":"","meta":{"jetpack_post_was_ever_published":false,"footnotes":""},"class_list":["post-2","page","type-page","status-publish","hentry"],"_links":{"self":[{"href":"https:\/\/krets.jagareforbundet.se\/tjorn\/wp-json\/wp\/v2\/pages\/2","targetHints":{"allow":["GET"]}}],"collection":[{"href":"https:\/\/krets.jagareforbundet.se\/tjorn\/wp-json\/wp\/v2\/pages"}],"about":[{"href":"https:\/\/krets.jagareforbundet.se\/tjorn\/wp-json\/wp\/v2\/types\/page"}],"author":[{"embeddable":true,"href":"https:\/\/krets.jagareforbundet.se\/tjorn\/wp-json\/wp\/v2\/users\/3"}],"replies":[{"embeddable":true,"href":"https:\/\/krets.jagareforbundet.se\/tjorn\/wp-json\/wp\/v2\/comments?post=2"}],"version-history":[{"count":3,"href":"https:\/\/krets.jagareforbundet.se\/tjorn\/wp-json\/wp\/v2\/pages\/2\/revisions"}],"predecessor-version":[{"id":185,"href":"https:\/\/krets.jagareforbundet.se\/tjorn\/wp-json\/wp\/v2\/pages\/2\/revisions\/185"}],"wp:attachment":[{"href":"https:\/\/krets.jagareforbundet.se\/tjorn\/wp-json\/wp\/v2\/media?parent=2"}],"curies":[{"name":"wp","href":"https:\/\/api.w.org\/{rel}","templated":true}]}}