{"id":161,"date":"2019-02-08T16:20:44","date_gmt":"2019-02-08T15:20:44","guid":{"rendered":"https:\/\/krets.jagareforbundet.se\/tranas\/?page_id=161"},"modified":"2019-02-08T16:20:44","modified_gmt":"2019-02-08T15:20:44","slug":"kontakta-oss","status":"publish","type":"page","link":"https:\/\/krets.jagareforbundet.se\/tranas\/kontakta-oss\/","title":{"rendered":"Kontakta oss"},"content":{"rendered":"<h4>H\u00e4r kan du skicka meddelande till oss!<\/h4>\n<p>Ditt \u00e4rende kommer att vidarebefordras till ber\u00f6rd styrelsemedlem.<\/p>\n","protected":false},"excerpt":{"rendered":"<p>H\u00e4r kan du skicka meddelande till oss! Ditt \u00e4rende kommer att vidarebefordras till ber\u00f6rd styrelsemedlem.<\/p>\n","protected":false},"author":280,"featured_media":148,"parent":0,"menu_order":0,"comment_status":"closed","ping_status":"closed","template":"template-contact.php","meta":{"footnotes":""},"class_list":["post-161","page","type-page","status-publish","has-post-thumbnail","hentry"],"_links":{"self":[{"href":"https:\/\/krets.jagareforbundet.se\/tranas\/wp-json\/wp\/v2\/pages\/161","targetHints":{"allow":["GET"]}}],"collection":[{"href":"https:\/\/krets.jagareforbundet.se\/tranas\/wp-json\/wp\/v2\/pages"}],"about":[{"href":"https:\/\/krets.jagareforbundet.se\/tranas\/wp-json\/wp\/v2\/types\/page"}],"author":[{"embeddable":true,"href":"https:\/\/krets.jagareforbundet.se\/tranas\/wp-json\/wp\/v2\/users\/280"}],"replies":[{"embeddable":true,"href":"https:\/\/krets.jagareforbundet.se\/tranas\/wp-json\/wp\/v2\/comments?post=161"}],"version-history":[{"count":0,"href":"https:\/\/krets.jagareforbundet.se\/tranas\/wp-json\/wp\/v2\/pages\/161\/revisions"}],"wp:featuredmedia":[{"embeddable":true,"href":"https:\/\/krets.jagareforbundet.se\/tranas\/wp-json\/wp\/v2\/media\/148"}],"wp:attachment":[{"href":"https:\/\/krets.jagareforbundet.se\/tranas\/wp-json\/wp\/v2\/media?parent=161"}],"curies":[{"name":"wp","href":"https:\/\/api.w.org\/{rel}","templated":true}]}}