{"id":182,"date":"2021-01-13T19:03:18","date_gmt":"2021-01-13T18:03:18","guid":{"rendered":"https:\/\/krets.jagareforbundet.se\/tranas\/?page_id=182"},"modified":"2024-09-15T10:00:57","modified_gmt":"2024-09-15T08:00:57","slug":"syrelse","status":"publish","type":"page","link":"https:\/\/krets.jagareforbundet.se\/tranas\/syrelse\/","title":{"rendered":"Syrelse"},"content":{"rendered":"<p>J\u00e4garef\u00f6rbundet Tran\u00e5s styrelse:<\/p>\n<p>#Niklas Bengtsson, Ordf\u00f6rande,\u00a0 borgatorp@telia.com\u00a0 \u00a00706-60 93 50<\/p>\n<p>#Mats Svensson, Vice ordf\u00f6rande,\u00a0 matsisaeby@gmail.com\u00a0 \u00a00706-20 71 11<\/p>\n<p>#Martin Wahlstr\u00f6m, Sekreterare,\u00a0 martin.wahlstrom@hotmail.com\u00a0 \u00a00702-40 02 88<\/p>\n<p>#Fredrik Gustafsson, Kass\u00f6r,\u00a0 fredrik.r.gustafsson@telia.com\u00a0 \u00a00706-99 43 46<\/p>\n<p>#Henrik Isaksson, Ledamot,\u00a0 info@hisabco.se\u00a0 \u00a00705-86 86 22<\/p>\n<p>#P\u00e4r Walett, Ledamot,\u00a0 parwalett@gmail.com\u00a0 \u00a00703-64 65 46<\/p>\n<p>#Simon Karlsson, Ledamot, simonoskar@hotmail.com\u00a0 \u00a00705-21 74 63<\/p>\n<p>#Jakob Holmgren, Suppleant,\u00a0 jakob@holmgrens-ror.se\u00a0 \u00a00708-17 67 60<\/p>\n<p>#Stefan Soleskog, Suppleant, soleskogstefan@gmail.com\u00a0 \u00a00702-27 45 99<\/p>\n<p>Valberedning:<\/p>\n<p>#Sven-Olof Wahlstr\u00f6m,\u00a0 fallabagarbod@outlook.com\u00a0 \u00a0 0706-64 87 17<\/p>\n<p>#Jakob G\u00f6ransson,\u00a0 jakob.goransson@lansstyrelsen.se\u00a0 \u00a0 0708-92 88 52<\/p>\n<p>#Filip Carlsson, filip.carlsson@hotmail.com\u00a0 \u00a00702-61 12 26<\/p>\n","protected":false},"excerpt":{"rendered":"<p>J\u00e4garef\u00f6rbundet Tran\u00e5s styrelse: #Niklas Bengtsson, Ordf\u00f6rande,\u00a0 borgatorp@telia.com\u00a0 \u00a00706-60 93 50 #Mats Svensson, Vice ordf\u00f6rande,\u00a0 matsisaeby@gmail.com\u00a0 \u00a00706-20 71 11 #Martin Wahlstr\u00f6m, Sekreterare,\u00a0 martin.wahlstrom@hotmail.com\u00a0 \u00a00702-40 02 88 #Fredrik Gustafsson, Kass\u00f6r,\u00a0 fredrik.r.gustafsson@telia.com\u00a0 \u00a00706-99 43 46 #Henrik Isaksson, Ledamot,\u00a0 info@hisabco.se\u00a0 \u00a00705-86 86 22 #P\u00e4r Walett, Ledamot,\u00a0 parwalett@gmail.com\u00a0 \u00a00703-64 65 46 #Simon Karlsson, Ledamot, simonoskar@hotmail.com\u00a0 \u00a00705-21 74 63 #Jakob Holmgren, [&hellip;]<\/p>\n","protected":false},"author":280,"featured_media":0,"parent":0,"menu_order":0,"comment_status":"closed","ping_status":"closed","template":"","meta":{"footnotes":""},"class_list":["post-182","page","type-page","status-publish","hentry"],"_links":{"self":[{"href":"https:\/\/krets.jagareforbundet.se\/tranas\/wp-json\/wp\/v2\/pages\/182","targetHints":{"allow":["GET"]}}],"collection":[{"href":"https:\/\/krets.jagareforbundet.se\/tranas\/wp-json\/wp\/v2\/pages"}],"about":[{"href":"https:\/\/krets.jagareforbundet.se\/tranas\/wp-json\/wp\/v2\/types\/page"}],"author":[{"embeddable":true,"href":"https:\/\/krets.jagareforbundet.se\/tranas\/wp-json\/wp\/v2\/users\/280"}],"replies":[{"embeddable":true,"href":"https:\/\/krets.jagareforbundet.se\/tranas\/wp-json\/wp\/v2\/comments?post=182"}],"version-history":[{"count":3,"href":"https:\/\/krets.jagareforbundet.se\/tranas\/wp-json\/wp\/v2\/pages\/182\/revisions"}],"predecessor-version":[{"id":211,"href":"https:\/\/krets.jagareforbundet.se\/tranas\/wp-json\/wp\/v2\/pages\/182\/revisions\/211"}],"wp:attachment":[{"href":"https:\/\/krets.jagareforbundet.se\/tranas\/wp-json\/wp\/v2\/media?parent=182"}],"curies":[{"name":"wp","href":"https:\/\/api.w.org\/{rel}","templated":true}]}}