{"id":2,"date":"2011-09-07T09:28:43","date_gmt":"2011-09-07T09:28:43","guid":{"rendered":"https:\/\/krets.jagareforbundet.se\/template\/?page_id=2"},"modified":"2026-01-28T20:35:18","modified_gmt":"2026-01-28T19:35:18","slug":"exempelsida","status":"publish","type":"page","link":"https:\/\/krets.jagareforbundet.se\/tranas\/","title":{"rendered":"V\u00e4lkommen till J\u00e4garef\u00f6rbundet Tran\u00e5s"},"content":{"rendered":"<p><a href=\"http:\/\/www.tranasjvf.se\">L\u00e4nk till Tran\u00e5s Jaktv\u00e5rdsf\u00f6rening<\/a><\/p>\n<p>&nbsp;<\/p>\n<p><strong>Kallelse till \u00e5rsm\u00f6te<\/strong><br \/>\nMedlemmar i J\u00e4garef\u00f6rbundets Tran\u00e5skrets kallas till \u00e5rsm\u00f6te.<br \/>\nOnsdagen den 18:e februari 2026 kl.19:00 i J\u00e4gareg\u00e5rden, Mada.<\/p>\n<p>I samband med \u00e5rsm\u00f6tesf\u00f6rhandlingarna kommer Henrik Palm\u00e9r som \u00e4r efters\u00f6ksansvarig<br \/>\ni Tran\u00e5skretsen att informera om NVR och trafikefters\u00f6k.<br \/>\nKretsen bjuder p\u00e5 fika!<\/p>\n<p>V\u00e4lkomna!<\/p>\n<p>OBS! Anm\u00e4l g\u00e4rna ditt deltagande till Martin Wahlstr\u00f6m, 070-240 02 88<br \/>\nmartin.wahlstrom@hotmail.com<\/p>\n","protected":false},"excerpt":{"rendered":"<p>L\u00e4nk till Tran\u00e5s Jaktv\u00e5rdsf\u00f6rening &nbsp; Kallelse till \u00e5rsm\u00f6te Medlemmar i J\u00e4garef\u00f6rbundets Tran\u00e5skrets kallas till \u00e5rsm\u00f6te. Onsdagen den 18:e februari 2026 kl.19:00 i J\u00e4gareg\u00e5rden, Mada. I samband med \u00e5rsm\u00f6tesf\u00f6rhandlingarna kommer Henrik Palm\u00e9r som \u00e4r efters\u00f6ksansvarig i Tran\u00e5skretsen att informera om NVR och trafikefters\u00f6k. Kretsen bjuder p\u00e5 fika! V\u00e4lkomna! OBS! Anm\u00e4l g\u00e4rna ditt deltagande till Martin Wahlstr\u00f6m, [&hellip;]<\/p>\n","protected":false},"author":3,"featured_media":145,"parent":0,"menu_order":0,"comment_status":"open","ping_status":"open","template":"","meta":{"footnotes":""},"class_list":["post-2","page","type-page","status-publish","has-post-thumbnail","hentry"],"_links":{"self":[{"href":"https:\/\/krets.jagareforbundet.se\/tranas\/wp-json\/wp\/v2\/pages\/2","targetHints":{"allow":["GET"]}}],"collection":[{"href":"https:\/\/krets.jagareforbundet.se\/tranas\/wp-json\/wp\/v2\/pages"}],"about":[{"href":"https:\/\/krets.jagareforbundet.se\/tranas\/wp-json\/wp\/v2\/types\/page"}],"author":[{"embeddable":true,"href":"https:\/\/krets.jagareforbundet.se\/tranas\/wp-json\/wp\/v2\/users\/3"}],"replies":[{"embeddable":true,"href":"https:\/\/krets.jagareforbundet.se\/tranas\/wp-json\/wp\/v2\/comments?post=2"}],"version-history":[{"count":4,"href":"https:\/\/krets.jagareforbundet.se\/tranas\/wp-json\/wp\/v2\/pages\/2\/revisions"}],"predecessor-version":[{"id":219,"href":"https:\/\/krets.jagareforbundet.se\/tranas\/wp-json\/wp\/v2\/pages\/2\/revisions\/219"}],"wp:featuredmedia":[{"embeddable":true,"href":"https:\/\/krets.jagareforbundet.se\/tranas\/wp-json\/wp\/v2\/media\/145"}],"wp:attachment":[{"href":"https:\/\/krets.jagareforbundet.se\/tranas\/wp-json\/wp\/v2\/media?parent=2"}],"curies":[{"name":"wp","href":"https:\/\/api.w.org\/{rel}","templated":true}]}}