{"id":147,"date":"2013-06-01T18:19:53","date_gmt":"2013-06-01T16:19:53","guid":{"rendered":"https:\/\/krets.jagareforbundet.se\/trogd\/?page_id=147"},"modified":"2026-04-20T19:18:23","modified_gmt":"2026-04-20T17:18:23","slug":"styrelsen","status":"publish","type":"page","link":"https:\/\/krets.jagareforbundet.se\/trogd\/styrelsen\/","title":{"rendered":"Styrelsen"},"content":{"rendered":"<table width=\"755\">\n<tbody>\n<tr>\n<td width=\"143\">Ordf\u00f6rande<\/td>\n<td width=\"267\">David Eriksson<\/td>\n<td width=\"147\">073-836 95 00<\/td>\n<td width=\"44\"><a href=\"mailto:david@djurby.se\">Mejla<\/a><\/td>\n<\/tr>\n<tr>\n<td width=\"143\">Vice ordf<\/td>\n<td width=\"267\">Fredrik Fors\u00e9ll<\/td>\n<td width=\"147\">070-673 93 27<\/td>\n<td width=\"44\"><a href=\"mailto:fredrik@djurby.se\">Mejla<\/a><\/td>\n<\/tr>\n<tr>\n<td width=\"143\">Kass\u00f6r<\/td>\n<td width=\"267\">Jan Petersson<\/td>\n<td width=\"147\">070-433 60 00<\/td>\n<td width=\"44\"><a href=\"mailto:janne@mariedal.com\">Mejla<\/a><\/td>\n<\/tr>\n<tr>\n<td width=\"143\">Sekreterare<\/td>\n<td width=\"267\">Rolf Eriksson<\/td>\n<td width=\"147\">070-910 00 64<\/td>\n<td width=\"44\"><a href=\"mailto:gesonre@gmail.com\">Mejla<\/a><\/td>\n<\/tr>\n<tr>\n<td width=\"143\">Ledamot<\/td>\n<td width=\"267\">Cecilia Asplund<\/td>\n<td width=\"147\">070-667 65 44<\/td>\n<td width=\"44\"><a href=\"mailto:asplund.cecilia@gmail.com\">Mejla<\/a><\/td>\n<\/tr>\n<tr>\n<td width=\"143\">Ledamot<\/td>\n<td width=\"267\">Anders Flodin<\/td>\n<td width=\"147\">073-663 57 38<\/td>\n<td width=\"44\"><a href=\"mailto:anders.g.flodin@hotmail.com\">Mejla<\/a><\/td>\n<\/tr>\n<tr>\n<td width=\"143\">Ledamot<\/td>\n<td width=\"267\">Hampus Haraldsson<\/td>\n<td width=\"147\">076-025 13 30<\/td>\n<td width=\"44\"><a href=\"mailto:hampus.haraldsson96@gmail.com\">Mejla<\/a><\/td>\n<\/tr>\n<\/tbody>\n<\/table>\n<p><strong>Adjungerade<\/strong><\/p>\n<table width=\"755\">\n<tbody>\n<tr>\n<td width=\"143\">Hundansvarig<\/td>\n<td width=\"267\">Claes Philippen<\/td>\n<td width=\"147\">070-295 59 87<\/td>\n<td width=\"44\"><a href=\"mailto:claes.philippen@anpassarna.se\">Mejla<\/a><\/td>\n<\/tr>\n<\/tbody>\n<\/table>\n","protected":false},"excerpt":{"rendered":"<p>Ordf\u00f6rande David Eriksson 073-836 95 00 Mejla Vice ordf Fredrik Fors\u00e9ll 070-673 93 27 Mejla Kass\u00f6r Jan Petersson 070-433 60 00 Mejla Sekreterare Rolf Eriksson 070-910 00 64 Mejla Ledamot Cecilia Asplund 070-667 65 44 Mejla Ledamot Anders Flodin 073-663 57 38 Mejla Ledamot Hampus Haraldsson 076-025 13 30 Mejla Adjungerade Hundansvarig Claes Philippen 070-295 [&hellip;]<\/p>\n","protected":false},"author":111,"featured_media":0,"parent":0,"menu_order":3,"comment_status":"open","ping_status":"closed","template":"","meta":{"footnotes":""},"class_list":["post-147","page","type-page","status-publish","hentry"],"_links":{"self":[{"href":"https:\/\/krets.jagareforbundet.se\/trogd\/wp-json\/wp\/v2\/pages\/147","targetHints":{"allow":["GET"]}}],"collection":[{"href":"https:\/\/krets.jagareforbundet.se\/trogd\/wp-json\/wp\/v2\/pages"}],"about":[{"href":"https:\/\/krets.jagareforbundet.se\/trogd\/wp-json\/wp\/v2\/types\/page"}],"author":[{"embeddable":true,"href":"https:\/\/krets.jagareforbundet.se\/trogd\/wp-json\/wp\/v2\/users\/111"}],"replies":[{"embeddable":true,"href":"https:\/\/krets.jagareforbundet.se\/trogd\/wp-json\/wp\/v2\/comments?post=147"}],"version-history":[{"count":4,"href":"https:\/\/krets.jagareforbundet.se\/trogd\/wp-json\/wp\/v2\/pages\/147\/revisions"}],"predecessor-version":[{"id":1329,"href":"https:\/\/krets.jagareforbundet.se\/trogd\/wp-json\/wp\/v2\/pages\/147\/revisions\/1329"}],"wp:attachment":[{"href":"https:\/\/krets.jagareforbundet.se\/trogd\/wp-json\/wp\/v2\/media?parent=147"}],"curies":[{"name":"wp","href":"https:\/\/api.w.org\/{rel}","templated":true}]}}