{"id":171,"date":"2013-06-01T20:03:57","date_gmt":"2013-06-01T18:03:57","guid":{"rendered":"https:\/\/krets.jagareforbundet.se\/trogd\/?page_id=171"},"modified":"2026-03-14T17:09:24","modified_gmt":"2026-03-14T16:09:24","slug":"arsmotesprotokoll","status":"publish","type":"page","link":"https:\/\/krets.jagareforbundet.se\/trogd\/styrelsen\/arsmotesprotokoll\/","title":{"rendered":"\u00c5rsm\u00f6tesprotokoll"},"content":{"rendered":"<p><a href=\"https:\/\/krets.jagareforbundet.se\/trogd\/files\/2026\/03\/Arsmote-Trogds-JVK-2026.pdf\">\u00c5rsm\u00f6te Tr\u00f6gds JVK 2026<\/a><\/p>\n<p><a href=\"https:\/\/krets.jagareforbundet.se\/trogd\/files\/2025\/03\/Trogds-JVK-Arsmote-2025.pdf\">\u00c5rsm\u00f6te 2025<\/a><\/p>\n<p><a href=\"https:\/\/krets.jagareforbundet.se\/trogd\/files\/2024\/03\/Arsmotesprotokoll-sammanfogad.pdf\">\u00c5rsm\u00f6te 2024<\/a><\/p>\n<p><a href=\"https:\/\/krets.jagareforbundet.se\/trogd\/files\/2023\/04\/Trogds-JVK-arsmotesprotokoll-2023.pdf\">\u00c5rsm\u00f6te 2023<\/a><\/p>\n<p><a href=\"https:\/\/krets.jagareforbundet.se\/trogd\/files\/2023\/04\/Trogds-Jaktvardskrets-Arsmotesprotokoll-2022-signerat.pdf\">\u00c5rsm\u00f6te 2022<\/a><\/p>\n<p><a href=\"https:\/\/krets.jagareforbundet.se\/trogd\/files\/2021\/03\/Arsmotesprotokoll-2021.pdf\">\u00c5rsm\u00f6te 2021<\/a><\/p>\n<p><a href=\"https:\/\/krets.jagareforbundet.se\/trogd\/files\/2020\/02\/Protokoll-\u00e5rsm\u00f6te-2020.pdf\">\u00c5rsm\u00f6te 2020<\/a><\/p>\n<p><a href=\"https:\/\/krets.jagareforbundet.se\/trogd\/files\/2019\/02\/arsmote-19-protokoll-justerat.pdf\">\u00c5rsm\u00f6te 2019<\/a><\/p>\n<p><a href=\"https:\/\/krets.jagareforbundet.se\/trogd\/styrelsen\/arsmotesprotokoll\/trogds-jvk-18\/\" rel=\"attachment wp-att-788\">\u00c5rsm\u00f6te 2018<\/a><\/p>\n<p><a href=\"https:\/\/krets.jagareforbundet.se\/trogd\/files\/2013\/06\/trogds-jvk-arsmote-17.pdf\">\u00c5rsm\u00f6te 2017<\/a><\/p>\n<p><a href=\"https:\/\/krets.jagareforbundet.se\/trogd\/files\/2016\/02\/trogds-jvk-arsmote-16.pdf\">\u00c5rsm\u00f6te 2016<\/a><\/p>\n<p><a href=\"https:\/\/krets.jagareforbundet.se\/trogd\/files\/2013\/06\/\u00c5rsm\u00f6te-JVK-15.pdf\">\u00c5rsm\u00f6te\u00a02018<\/a><\/p>\n<p><a href=\"https:\/\/krets.jagareforbundet.se\/trogd\/files\/2013\/06\/\u00c5rsm\u00f6te-JVK-14.pdf\">\u00c5rsm\u00f6te 2014<\/a><\/p>\n<p style=\"text-align: justify\"><a href=\"https:\/\/krets.jagareforbundet.se\/trogd\/files\/2013\/06\/krets_\u00e5rsm\u00f6te_2013.pdf\">\u00c5rsm\u00f6te 2013<\/a><\/p>\n<p style=\"text-align: justify\"><a href=\"https:\/\/krets.jagareforbundet.se\/trogd\/files\/2013\/06\/krets_\u00e5rsm\u00f6te-12.pdf\">\u00c5rsm\u00f6te 2012<\/a><\/p>\n<p style=\"text-align: justify\"><a href=\"https:\/\/krets.jagareforbundet.se\/trogd\/files\/2013\/06\/\u00c5rsm\u00f6tesprotokoll-Tr\u00f6gds-JvK-2011.pdf\">\u00c5rsm\u00f6te 2011<\/a><\/p>\n","protected":false},"excerpt":{"rendered":"<p>\u00c5rsm\u00f6te Tr\u00f6gds JVK 2026 \u00c5rsm\u00f6te 2025 \u00c5rsm\u00f6te 2024 \u00c5rsm\u00f6te 2023 \u00c5rsm\u00f6te 2022 \u00c5rsm\u00f6te 2021 \u00c5rsm\u00f6te 2020 \u00c5rsm\u00f6te 2019 \u00c5rsm\u00f6te 2018 \u00c5rsm\u00f6te 2017 \u00c5rsm\u00f6te 2016 \u00c5rsm\u00f6te\u00a02018 \u00c5rsm\u00f6te 2014 \u00c5rsm\u00f6te 2013 \u00c5rsm\u00f6te 2012 \u00c5rsm\u00f6te 2011<\/p>\n","protected":false},"author":111,"featured_media":0,"parent":147,"menu_order":0,"comment_status":"open","ping_status":"open","template":"template-biz.php","meta":{"footnotes":""},"class_list":["post-171","page","type-page","status-publish","hentry"],"_links":{"self":[{"href":"https:\/\/krets.jagareforbundet.se\/trogd\/wp-json\/wp\/v2\/pages\/171","targetHints":{"allow":["GET"]}}],"collection":[{"href":"https:\/\/krets.jagareforbundet.se\/trogd\/wp-json\/wp\/v2\/pages"}],"about":[{"href":"https:\/\/krets.jagareforbundet.se\/trogd\/wp-json\/wp\/v2\/types\/page"}],"author":[{"embeddable":true,"href":"https:\/\/krets.jagareforbundet.se\/trogd\/wp-json\/wp\/v2\/users\/111"}],"replies":[{"embeddable":true,"href":"https:\/\/krets.jagareforbundet.se\/trogd\/wp-json\/wp\/v2\/comments?post=171"}],"version-history":[{"count":4,"href":"https:\/\/krets.jagareforbundet.se\/trogd\/wp-json\/wp\/v2\/pages\/171\/revisions"}],"predecessor-version":[{"id":1320,"href":"https:\/\/krets.jagareforbundet.se\/trogd\/wp-json\/wp\/v2\/pages\/171\/revisions\/1320"}],"up":[{"embeddable":true,"href":"https:\/\/krets.jagareforbundet.se\/trogd\/wp-json\/wp\/v2\/pages\/147"}],"wp:attachment":[{"href":"https:\/\/krets.jagareforbundet.se\/trogd\/wp-json\/wp\/v2\/media?parent=171"}],"curies":[{"name":"wp","href":"https:\/\/api.w.org\/{rel}","templated":true}]}}