{"id":2,"date":"2011-09-07T09:28:43","date_gmt":"2011-09-07T09:28:43","guid":{"rendered":"https:\/\/krets.jagareforbundet.se\/template\/?page_id=2"},"modified":"2021-05-13T23:51:17","modified_gmt":"2021-05-13T21:51:17","slug":"exempelsida","status":"publish","type":"page","link":"https:\/\/krets.jagareforbundet.se\/trogd\/exempelsida\/","title":{"rendered":"Tr\u00f6gds Jaktv\u00e5rdskrets"},"content":{"rendered":"<h3><span style=\"color: #ff6600\"><em>Tr\u00f6gds jaktv\u00e5rdskrets bildades 2009 genom en sammanslagning av dom gamla kretsarna Norra och S\u00f6dra Tr\u00f6gd. Kretsen \u00e4r bel\u00e4gen i dom sydligaste delarna av Uppsala l\u00e4n och omfattar ca 34 500ha. Kretsen har kretsm\u00e4sterskap i viltsp\u00e5r, \u00e4lgskytte, vildsvinsskytte, trap och jaktstig. Dessutom \u00e4r kretsen med och ordnar ett skyttel\u00e4ger f\u00f6r ungdomar mellan 13-18\u00e5r. D\u00e4r dom f\u00e5r prova p\u00e5 skytte i olika former under en dag.<\/em><\/span><\/h3>\n<p><span style=\"color: #ff6600\"><em>\u00a0<\/em><\/span><a href=\"https:\/\/krets.jagareforbundet.se\/trogd\/styrelsen\">Styrelse, kontaktuppgifter, protokoll mm hittar du h\u00e4r!<\/a><\/p>\n<p><a href=\"https:\/\/krets.jagareforbundet.se\/trogd\/aktiviteter\/\">Aktivitetsplan med planerade aktiviteter samt information om kretsens verksamhet hittar du h\u00e4r!<\/a><\/p>\n<p><a href=\"https:\/\/krets.jagareforbundet.se\/trogd\/files\/2021\/05\/STADGAR-for-Jagareforbundet-Trogds-Jaktvardskrets-2014.pdf\">STADGAR f\u00f6r J\u00e4garef\u00f6rbundet Tr\u00f6gds Jaktv\u00e5rdskrets<\/a><\/p>\n<p>Planerade aktiviteter<\/p>\n<table width=\"372\">\n<tbody>\n<tr>\n<td width=\"218\"><\/td>\n<td width=\"82\"><\/td>\n<td width=\"72\"><\/td>\n<\/tr>\n<tr>\n<td width=\"218\"><a href=\"https:\/\/krets.jagareforbundet.se\/trogd\/aktiviteter\/hundar\/\"><b><i>Viltsp\u00e5rtr\u00e4ning\u00a0<\/i><\/b><\/a><\/td>\n<td width=\"82\"><\/td>\n<td width=\"72\"><\/td>\n<\/tr>\n<tr>\n<td width=\"218\"><a href=\"https:\/\/krets.jagareforbundet.se\/trogd\/aktiviteter\/ungdom\/\"><b><i>Ungdomsl\u00e4ger\u00a0<\/i><\/b><\/a><\/td>\n<td width=\"82\"><\/td>\n<td width=\"72\"><\/td>\n<\/tr>\n<tr>\n<td width=\"218\"><a href=\"https:\/\/krets.jagareforbundet.se\/trogd\/aktiviteter\/kretsmasterskap\/\"><b><i>Kretsdag Vildsvin\u00a0med KM<\/i><\/b><\/a><\/td>\n<td width=\"82\"><\/td>\n<td width=\"72\"><\/td>\n<\/tr>\n<tr>\n<td width=\"218\"><em><strong><a href=\"https:\/\/krets.jagareforbundet.se\/trogd\/aktiviteter\/hundar\/\">KM Viltsp\u00e5r<\/a><\/strong><\/em><\/td>\n<td width=\"82\"><\/td>\n<td width=\"72\"><\/td>\n<\/tr>\n<tr>\n<td width=\"218\"><a href=\"https:\/\/krets.jagareforbundet.se\/trogd\/aktiviteter\/kretsmasterskap\/\"><b><i>KM Jaktstig<\/i><\/b><\/a><\/td>\n<td width=\"82\"><\/td>\n<td width=\"72\"><\/td>\n<\/tr>\n<tr>\n<td width=\"218\"><a href=\"https:\/\/krets.jagareforbundet.se\/trogd\/aktiviteter\/kretsmasterskap\/\"><b><i>KM Trap<\/i><\/b><\/a><\/td>\n<td width=\"82\"><\/td>\n<td width=\"72\"><\/td>\n<\/tr>\n<tr>\n<td width=\"218\"><a href=\"https:\/\/krets.jagareforbundet.se\/trogd\/aktiviteter\/kretsmasterskap\/\"><b><i>Kretsdag \u00c4lg\u00a0med KM<\/i><\/b><\/a><\/td>\n<td width=\"82\"><\/td>\n<td width=\"72\"><\/td>\n<\/tr>\n<\/tbody>\n<\/table>\n<p>&nbsp;<\/p>\n","protected":false},"excerpt":{"rendered":"<p>Tr\u00f6gds jaktv\u00e5rdskrets bildades 2009 genom en sammanslagning av dom gamla kretsarna Norra och S\u00f6dra Tr\u00f6gd. Kretsen \u00e4r bel\u00e4gen i dom sydligaste delarna av Uppsala l\u00e4n och omfattar ca 34 500ha. Kretsen har kretsm\u00e4sterskap i viltsp\u00e5r, \u00e4lgskytte, vildsvinsskytte, trap och jaktstig. Dessutom \u00e4r kretsen med och ordnar ett skyttel\u00e4ger f\u00f6r ungdomar mellan 13-18\u00e5r. D\u00e4r dom f\u00e5r [&hellip;]<\/p>\n","protected":false},"author":3,"featured_media":0,"parent":0,"menu_order":1,"comment_status":"open","ping_status":"open","template":"","meta":{"footnotes":""},"class_list":["post-2","page","type-page","status-publish","hentry"],"_links":{"self":[{"href":"https:\/\/krets.jagareforbundet.se\/trogd\/wp-json\/wp\/v2\/pages\/2","targetHints":{"allow":["GET"]}}],"collection":[{"href":"https:\/\/krets.jagareforbundet.se\/trogd\/wp-json\/wp\/v2\/pages"}],"about":[{"href":"https:\/\/krets.jagareforbundet.se\/trogd\/wp-json\/wp\/v2\/types\/page"}],"author":[{"embeddable":true,"href":"https:\/\/krets.jagareforbundet.se\/trogd\/wp-json\/wp\/v2\/users\/3"}],"replies":[{"embeddable":true,"href":"https:\/\/krets.jagareforbundet.se\/trogd\/wp-json\/wp\/v2\/comments?post=2"}],"version-history":[{"count":2,"href":"https:\/\/krets.jagareforbundet.se\/trogd\/wp-json\/wp\/v2\/pages\/2\/revisions"}],"predecessor-version":[{"id":1045,"href":"https:\/\/krets.jagareforbundet.se\/trogd\/wp-json\/wp\/v2\/pages\/2\/revisions\/1045"}],"wp:attachment":[{"href":"https:\/\/krets.jagareforbundet.se\/trogd\/wp-json\/wp\/v2\/media?parent=2"}],"curies":[{"name":"wp","href":"https:\/\/api.w.org\/{rel}","templated":true}]}}