{"id":225,"date":"2013-06-01T21:03:33","date_gmt":"2013-06-01T19:03:33","guid":{"rendered":"https:\/\/krets.jagareforbundet.se\/trogd\/?page_id=225"},"modified":"2022-11-11T07:36:49","modified_gmt":"2022-11-11T06:36:49","slug":"kretsmasterskap","status":"publish","type":"page","link":"https:\/\/krets.jagareforbundet.se\/trogd\/aktiviteter\/kretsmasterskap\/","title":{"rendered":"T\u00e4vlingar"},"content":{"rendered":"<h3><span style=\"color: #ff6600\"><em>Kretsen arrangerar KM i Viltsp\u00e5r, trap, jaktstig, \u00e4lg och vildsvinsskytte<\/em>.<\/span><\/h3>\n<p>Information ang skytteaktiviteterna 2023 kommer finnas h\u00e4r n\u00e4r datum \u00e4r best\u00e4mt.<\/p>\n<p>KM i viltsp\u00e5r kommer genomf\u00f6ras ? juni anm\u00e4lan och info Claes Philippen<\/p>\n<p>\u00c5rets kretsdag med KM i vildsvinsskytte ? maj 18:00<\/p>\n<p>KM i trap ? augusti.<\/p>\n<p>Kretsdag med KM i \u00e4lgskytte h\u00e5lls ? september kl 9:00<\/p>\n<p>F\u00f6r mer information kontakta David Skagerlind\u00a0073-508 83 40<\/p>\n","protected":false},"excerpt":{"rendered":"<p>Kretsen arrangerar KM i Viltsp\u00e5r, trap, jaktstig, \u00e4lg och vildsvinsskytte. Information ang skytteaktiviteterna 2023 kommer finnas h\u00e4r n\u00e4r datum \u00e4r best\u00e4mt. KM i viltsp\u00e5r kommer genomf\u00f6ras ? juni anm\u00e4lan och info Claes Philippen \u00c5rets kretsdag med KM i vildsvinsskytte ? maj 18:00 KM i trap ? augusti. Kretsdag med KM i \u00e4lgskytte h\u00e5lls ? september [&hellip;]<\/p>\n","protected":false},"author":111,"featured_media":0,"parent":351,"menu_order":0,"comment_status":"open","ping_status":"closed","template":"","meta":{"footnotes":""},"class_list":["post-225","page","type-page","status-publish","hentry"],"_links":{"self":[{"href":"https:\/\/krets.jagareforbundet.se\/trogd\/wp-json\/wp\/v2\/pages\/225","targetHints":{"allow":["GET"]}}],"collection":[{"href":"https:\/\/krets.jagareforbundet.se\/trogd\/wp-json\/wp\/v2\/pages"}],"about":[{"href":"https:\/\/krets.jagareforbundet.se\/trogd\/wp-json\/wp\/v2\/types\/page"}],"author":[{"embeddable":true,"href":"https:\/\/krets.jagareforbundet.se\/trogd\/wp-json\/wp\/v2\/users\/111"}],"replies":[{"embeddable":true,"href":"https:\/\/krets.jagareforbundet.se\/trogd\/wp-json\/wp\/v2\/comments?post=225"}],"version-history":[{"count":3,"href":"https:\/\/krets.jagareforbundet.se\/trogd\/wp-json\/wp\/v2\/pages\/225\/revisions"}],"predecessor-version":[{"id":1165,"href":"https:\/\/krets.jagareforbundet.se\/trogd\/wp-json\/wp\/v2\/pages\/225\/revisions\/1165"}],"up":[{"embeddable":true,"href":"https:\/\/krets.jagareforbundet.se\/trogd\/wp-json\/wp\/v2\/pages\/351"}],"wp:attachment":[{"href":"https:\/\/krets.jagareforbundet.se\/trogd\/wp-json\/wp\/v2\/media?parent=225"}],"curies":[{"name":"wp","href":"https:\/\/api.w.org\/{rel}","templated":true}]}}