{"id":331,"date":"2017-09-17T18:35:47","date_gmt":"2017-09-17T16:35:47","guid":{"rendered":"https:\/\/krets.jagareforbundet.se\/trogd\/?page_id=331"},"modified":"2026-03-18T19:22:31","modified_gmt":"2026-03-18T18:22:31","slug":"algarenden","status":"publish","type":"page","link":"https:\/\/krets.jagareforbundet.se\/trogd\/algarenden\/","title":{"rendered":"Tr\u00f6gds \u00e4lg- och kronviltsk\u00f6tselomr\u00e5de"},"content":{"rendered":"<h2><strong>Styrelse 2026<\/strong><\/h2>\n<table border=\"0\" width=\"469\" cellspacing=\"0\" cellpadding=\"0\">\n<tbody>\n<tr>\n<td width=\"85\" height=\"19\">Ordf\u00f6rande<\/td>\n<td width=\"135\">Carl Arosenius<\/td>\n<td width=\"249\"><a href=\"mailto:carl@nynasgard.se\">carl@nynasgard.se<\/a><\/td>\n<\/tr>\n<tr>\n<td height=\"19\">Sekreterare<\/td>\n<td>Johan Hermelin<\/td>\n<td><a href=\"mailto:johan@thorsvigard.se\">johan@thorsvigard.se<\/a><\/td>\n<\/tr>\n<tr>\n<td height=\"19\">Kass\u00f6r<\/td>\n<td>Patrik Gr\u00e5berg<\/td>\n<td><a class=\"ng-binding ng-scope\" href=\"mailto:pgraberg@gmail.com\">pgraberg@gmail.com<\/a><\/td>\n<\/tr>\n<tr>\n<td height=\"19\">Ledamot<\/td>\n<td>Fredrik Forsell<\/td>\n<td><a href=\"mailto:fredrik@djurby.se\">fredrik@djurby.se<\/a><\/td>\n<\/tr>\n<tr>\n<td height=\"19\">Ledamot<\/td>\n<td>J\u00f6rgen Pettersson<\/td>\n<td><a href=\"mailto:jorgen.pettersson@comeco.nu\">jorgen.pettersson@comeco.nu<\/a><\/td>\n<\/tr>\n<tr>\n<td height=\"19\">Ledamot<\/td>\n<td>Erik Lindblom<\/td>\n<td><a href=\"mailto:eriklindblom123@gmail.com\">eriklindblom123@gmail.com<\/a><\/td>\n<\/tr>\n<tr>\n<td height=\"19\">Ledamot<\/td>\n<td>David Skagerlind<\/td>\n<td><a href=\"mailto:david.skagerlind88@gmail.com\">david.skagerlind88@gmail.com<\/a><\/td>\n<\/tr>\n<tr>\n<td height=\"19\">Ledamot<\/td>\n<td>Niklas Holst<\/td>\n<td><a href=\"mailto:famholst@telia.com\">famholst@telia.com<\/a><\/td>\n<\/tr>\n<\/tbody>\n<\/table>\n<h2><strong>Gruppledare f\u00f6r respektive undergrupp<\/strong><\/h2>\n<table border=\"0\" width=\"492\" cellspacing=\"0\" cellpadding=\"0\">\n<tbody>\n<tr>\n<td width=\"108\" height=\"17\">Grpledare<\/td>\n<td width=\"135\">Norra Sydost<\/td>\n<td width=\"249\">Erik Lindblom<\/td>\n<\/tr>\n<tr>\n<td height=\"17\">Grpledare<\/td>\n<td>Norra Sydv\u00e4st<\/td>\n<td>Magnus Ivedal<\/td>\n<\/tr>\n<tr>\n<td height=\"17\">Grpledare<\/td>\n<td>Norra Nordv\u00e4st<\/td>\n<td>Lennart Mark<\/td>\n<\/tr>\n<tr>\n<td height=\"17\">Grpledare<\/td>\n<td>Norra Nordost<\/td>\n<td>Fredrik Forsell<\/td>\n<\/tr>\n<tr>\n<td height=\"17\"><\/td>\n<td><\/td>\n<td><\/td>\n<\/tr>\n<tr>\n<td height=\"17\">Grpledare<\/td>\n<td>S\u00f6dra Syd<\/td>\n<td>P O Hedstad<\/td>\n<\/tr>\n<tr>\n<td height=\"17\">Grpledare<\/td>\n<td>S\u00f6dra Mellersta<\/td>\n<td>David Skagerlind<\/td>\n<\/tr>\n<tr>\n<td height=\"17\">Grpledare<\/td>\n<td>S\u00f6dra Nordv\u00e4stra<\/td>\n<td>Carl Arosenius<\/td>\n<\/tr>\n<tr>\n<td height=\"17\">Grpledare<\/td>\n<td>S\u00f6dra Nord\u00f6stra<\/td>\n<td>Patrik Gr\u00e5berg<\/td>\n<\/tr>\n<\/tbody>\n<\/table>\n<h2><strong>Valberedning<\/strong><\/h2>\n<table style=\"height: 154px\" border=\"0\" width=\"420\" cellspacing=\"0\" cellpadding=\"0\">\n<tbody>\n<tr>\n<td height=\"17\">Sammankallande<\/td>\n<td>Per Luthman<\/td>\n<\/tr>\n<tr>\n<td height=\"17\">Ledamot<\/td>\n<td>Henrik von Ehrenheim<\/td>\n<\/tr>\n<tr>\n<td width=\"108\" height=\"17\">Ledamot<\/td>\n<td width=\"135\">Niklas Lagstr\u00f6m<\/td>\n<\/tr>\n<\/tbody>\n<\/table>\n<h2><strong>Revisorer<\/strong><\/h2>\n<table border=\"0\" width=\"243\" cellspacing=\"0\" cellpadding=\"0\">\n<tbody>\n<tr>\n<td width=\"108\" height=\"17\">Ordinarie<\/td>\n<td width=\"135\">Leif Nor\u00e9n<\/td>\n<\/tr>\n<tr>\n<td height=\"17\">Ordinarie<\/td>\n<td>Fredrik Flodin<\/td>\n<\/tr>\n<tr>\n<td height=\"17\">Suppleant<\/td>\n<td>Henrik R\u00f6nngren<\/td>\n<\/tr>\n<tr>\n<td height=\"17\">Suppleant<\/td>\n<td>Jan-Olov Pettersson<\/td>\n<\/tr>\n<\/tbody>\n<\/table>\n<p>&nbsp;<\/p>\n","protected":false},"excerpt":{"rendered":"<p>Styrelse 2026 Ordf\u00f6rande Carl Arosenius carl@nynasgard.se Sekreterare Johan Hermelin johan@thorsvigard.se Kass\u00f6r Patrik Gr\u00e5berg pgraberg@gmail.com Ledamot Fredrik Forsell fredrik@djurby.se Ledamot J\u00f6rgen Pettersson jorgen.pettersson@comeco.nu Ledamot Erik Lindblom eriklindblom123@gmail.com Ledamot David Skagerlind david.skagerlind88@gmail.com Ledamot Niklas Holst famholst@telia.com Gruppledare f\u00f6r respektive undergrupp Grpledare Norra Sydost Erik Lindblom Grpledare Norra Sydv\u00e4st Magnus Ivedal Grpledare Norra Nordv\u00e4st Lennart Mark Grpledare Norra [&hellip;]<\/p>\n","protected":false},"author":111,"featured_media":0,"parent":0,"menu_order":4,"comment_status":"open","ping_status":"closed","template":"","meta":{"footnotes":""},"class_list":["post-331","page","type-page","status-publish","hentry"],"_links":{"self":[{"href":"https:\/\/krets.jagareforbundet.se\/trogd\/wp-json\/wp\/v2\/pages\/331","targetHints":{"allow":["GET"]}}],"collection":[{"href":"https:\/\/krets.jagareforbundet.se\/trogd\/wp-json\/wp\/v2\/pages"}],"about":[{"href":"https:\/\/krets.jagareforbundet.se\/trogd\/wp-json\/wp\/v2\/types\/page"}],"author":[{"embeddable":true,"href":"https:\/\/krets.jagareforbundet.se\/trogd\/wp-json\/wp\/v2\/users\/111"}],"replies":[{"embeddable":true,"href":"https:\/\/krets.jagareforbundet.se\/trogd\/wp-json\/wp\/v2\/comments?post=331"}],"version-history":[{"count":4,"href":"https:\/\/krets.jagareforbundet.se\/trogd\/wp-json\/wp\/v2\/pages\/331\/revisions"}],"predecessor-version":[{"id":1323,"href":"https:\/\/krets.jagareforbundet.se\/trogd\/wp-json\/wp\/v2\/pages\/331\/revisions\/1323"}],"wp:attachment":[{"href":"https:\/\/krets.jagareforbundet.se\/trogd\/wp-json\/wp\/v2\/media?parent=331"}],"curies":[{"name":"wp","href":"https:\/\/api.w.org\/{rel}","templated":true}]}}