{"id":365,"date":"2013-06-02T11:41:50","date_gmt":"2013-06-02T09:41:50","guid":{"rendered":"https:\/\/krets.jagareforbundet.se\/trogd\/?page_id=365"},"modified":"2024-05-02T17:04:30","modified_gmt":"2024-05-02T15:04:30","slug":"aktivetetsplan","status":"publish","type":"page","link":"https:\/\/krets.jagareforbundet.se\/trogd\/aktiviteter\/aktivetetsplan\/","title":{"rendered":"Aktivitetsplan"},"content":{"rendered":"<table style=\"border-collapse: collapse;width: 407pt\" width=\"542\">\n<tbody>\n<tr style=\"height: 22.5pt\">\n<td class=\"xl22\" style=\"width: 474pt;height: 22.5pt\" colspan=\"4\" width=\"632\" height=\"30\">Verksamhetsplan 2024<\/td>\n<\/tr>\n<tr style=\"height: 21.0pt\">\n<td class=\"xl16\" style=\"height: 21.0pt\" height=\"28\"><\/td>\n<td class=\"xl18\">Jan<\/td>\n<td class=\"xl17\"><\/td>\n<\/tr>\n<tr style=\"height: 21.0pt\">\n<td class=\"xl16\" style=\"height: 21.0pt\" height=\"28\"><\/td>\n<td class=\"xl18\"><\/td>\n<td class=\"xl19\"><\/td>\n<\/tr>\n<tr style=\"height: 21.0pt\">\n<td class=\"xl16\" style=\"height: 21.0pt\" height=\"28\"><\/td>\n<td class=\"xl18\">Feb<\/td>\n<td class=\"xl19\"><\/td>\n<\/tr>\n<tr style=\"height: 21.0pt\">\n<td class=\"xl16\" style=\"height: 21.0pt\" height=\"28\"><\/td>\n<td class=\"xl18\"><\/td>\n<td class=\"xl19\">Styrelsem\u00f6te 18:00<\/td>\n<\/tr>\n<tr style=\"height: 21.0pt\">\n<td class=\"xl16\" style=\"height: 21.0pt\" height=\"28\"><\/td>\n<td class=\"xl18\">21<\/td>\n<td class=\"xl19\">\u00c5rsm\u00f6te\/Konstituerande styrelsem\u00f6te<\/td>\n<\/tr>\n<tr style=\"height: 21.0pt\">\n<td class=\"xl16\" style=\"height: 21.0pt\" height=\"28\"><\/td>\n<td class=\"xl18\"><\/td>\n<td class=\"xl19\">JAQT klappjakt f\u00f6r f\u00e5 deltagare<\/td>\n<\/tr>\n<tr style=\"height: 21.0pt\">\n<td class=\"xl16\" style=\"height: 21.0pt\" height=\"28\"><\/td>\n<td class=\"xl18\">Mar<\/td>\n<td class=\"xl19\"><\/td>\n<\/tr>\n<tr style=\"height: 21.0pt\">\n<td class=\"xl16\" style=\"height: 21.0pt\" height=\"28\"><\/td>\n<td class=\"xl18\">20<\/td>\n<td class=\"xl19\">Styrelsem\u00f6te 18:00<\/td>\n<\/tr>\n<tr style=\"height: 21.0pt\">\n<td class=\"xl16\" style=\"height: 21.0pt\" height=\"28\"><\/td>\n<td class=\"xl18\">April<\/td>\n<td class=\"xl19\"><\/td>\n<\/tr>\n<tr style=\"height: 21.0pt\">\n<td class=\"xl16\" style=\"height: 21.0pt\" height=\"28\"><\/td>\n<td class=\"xl18\">9<\/td>\n<td class=\"xl19\">Sp\u00e5r\/lydnadstr\u00e4ning start. 18:00<\/td>\n<\/tr>\n<tr style=\"height: 21.0pt\">\n<td class=\"xl16\" style=\"height: 21.0pt\" height=\"28\"><\/td>\n<td class=\"xl73\"><s>23<\/s><\/td>\n<td class=\"xl75\"><span class=\"font28\"><s>Sp\u00e5r\/lydnadstr\u00e4ning start. 18:00 <\/s><\/span><span class=\"font29\">Inst\u00e4llt<\/span><\/td>\n<\/tr>\n<tr style=\"height: 21.0pt\">\n<td class=\"xl16\" style=\"height: 21.0pt\" height=\"28\"><\/td>\n<td class=\"xl18\">25<\/td>\n<td class=\"xl19\">Viltsp\u00e5rtr\u00e4ning 18:00 Djurby<\/td>\n<\/tr>\n<tr style=\"height: 21.0pt\">\n<td class=\"xl16\" style=\"height: 21.0pt\" height=\"28\"><\/td>\n<td class=\"xl18\">Maj<\/td>\n<td class=\"xl19\"><\/td>\n<\/tr>\n<tr style=\"height: 21.0pt\">\n<td class=\"xl16\" style=\"height: 21.0pt\" height=\"28\"><\/td>\n<td class=\"xl18\">2<\/td>\n<td class=\"xl19\">Viltsp\u00e5rtr\u00e4ning 18:00 Djurby<\/td>\n<\/tr>\n<tr style=\"height: 21.0pt\">\n<td class=\"xl16\" style=\"height: 21.0pt\" height=\"28\"><\/td>\n<td class=\"xl18\">7<\/td>\n<td class=\"xl19\">Sp\u00e5r\/lydnadstr\u00e4ning start. 18:00<\/td>\n<\/tr>\n<tr style=\"height: 21.0pt\">\n<td class=\"xl16\" style=\"height: 21.0pt\" height=\"28\"><\/td>\n<td class=\"xl18\">9<\/td>\n<td class=\"xl19\">Viltsp\u00e5rtr\u00e4ning 18:00 Djurby<\/td>\n<\/tr>\n<tr style=\"height: 21.0pt\">\n<td class=\"xl16\" style=\"height: 21.0pt\" height=\"28\"><\/td>\n<td class=\"xl18\">11<\/td>\n<td class=\"xl19\">Ungdomsl\u00e4ger<\/td>\n<\/tr>\n<tr style=\"height: 21.0pt\">\n<td class=\"xl16\" style=\"height: 21.0pt\" height=\"28\"><\/td>\n<td class=\"xl18\">16<\/td>\n<td class=\"xl19\">Viltsp\u00e5rtr\u00e4ning 18:00 Djurby<\/td>\n<\/tr>\n<tr style=\"height: 21.0pt\">\n<td class=\"xl16\" style=\"height: 21.0pt\" height=\"28\"><\/td>\n<td class=\"xl18\">19<\/td>\n<td class=\"xl19\">Kretsdag p\u00e5 Sneden Vildsvinsskytte 9:00<\/td>\n<\/tr>\n<tr style=\"height: 21.0pt\">\n<td class=\"xl16\" style=\"height: 21.0pt\" height=\"28\"><\/td>\n<td class=\"xl18\">21<\/td>\n<td class=\"xl19\">Sp\u00e5r\/lydnadstr\u00e4ning start. 18:00<\/td>\n<\/tr>\n<tr style=\"height: 21.0pt\">\n<td class=\"xl16\" style=\"height: 21.0pt\" height=\"28\"><\/td>\n<td class=\"xl18\">23<\/td>\n<td class=\"xl19\">KM Viltsp\u00e5r 18:00 Djurby Anm. senast 16\/5<\/td>\n<\/tr>\n<tr style=\"height: 21.0pt\">\n<td class=\"xl16\" style=\"height: 21.0pt\" height=\"28\"><\/td>\n<td class=\"xl18\">25<\/td>\n<td class=\"xl19\">JAQT \u00c4lgbana 12:30-14:30<\/td>\n<\/tr>\n<tr style=\"height: 21.0pt\">\n<td class=\"xl16\" style=\"height: 21.0pt\" height=\"28\"><\/td>\n<td class=\"xl18\">30<\/td>\n<td class=\"xl19\">Viltsp\u00e5rtr\u00e4ning 18:00 Djurby<\/td>\n<\/tr>\n<tr style=\"height: 21.0pt\">\n<td class=\"xl16\" style=\"height: 21.0pt\" height=\"28\"><\/td>\n<td class=\"xl18\">Juni<\/td>\n<td class=\"xl19\"><\/td>\n<\/tr>\n<tr style=\"height: 21.0pt\">\n<td class=\"xl16\" style=\"height: 21.0pt\" height=\"28\"><\/td>\n<td class=\"xl18\"><\/td>\n<td class=\"xl19\">JAQT?<\/td>\n<\/tr>\n<tr style=\"height: 21.0pt\">\n<td class=\"xl16\" style=\"height: 21.0pt\" height=\"28\"><\/td>\n<td class=\"xl18\">15<\/td>\n<td class=\"xl19\">LM Viltsp\u00e5r<\/td>\n<\/tr>\n<tr style=\"height: 21.0pt\">\n<td class=\"xl16\" style=\"height: 21.0pt\" height=\"28\"><\/td>\n<td class=\"xl18\">Juli<\/td>\n<td class=\"xl19\"><\/td>\n<\/tr>\n<tr style=\"height: 21.0pt\">\n<td class=\"xl16\" style=\"height: 21.0pt\" height=\"28\"><\/td>\n<td class=\"xl18\">Aug<\/td>\n<td class=\"xl19\"><\/td>\n<\/tr>\n<tr style=\"height: 21.0pt\">\n<td class=\"xl16\" style=\"height: 21.0pt\" height=\"28\"><\/td>\n<td class=\"xl18\">14<\/td>\n<td class=\"xl19\">Styrelsem\u00f6te 18:00<\/td>\n<\/tr>\n<tr style=\"height: 21.0pt\">\n<td class=\"xl16\" style=\"height: 21.0pt\" height=\"28\"><\/td>\n<td class=\"xl18\">18<\/td>\n<td class=\"xl19\">KM Trap 10:00<\/td>\n<\/tr>\n<tr style=\"height: 21.0pt\">\n<td class=\"xl16\" style=\"height: 21.0pt\" height=\"28\"><\/td>\n<td class=\"xl18\"><\/td>\n<td class=\"xl19\"><\/td>\n<\/tr>\n<tr style=\"height: 21.0pt\">\n<td class=\"xl16\" style=\"height: 21.0pt\" height=\"28\"><\/td>\n<td class=\"xl18\">Sep<\/td>\n<td class=\"xl19\"><\/td>\n<\/tr>\n<tr style=\"height: 21.0pt\">\n<td class=\"xl16\" style=\"height: 21.0pt\" height=\"28\"><\/td>\n<td class=\"xl18\">22<\/td>\n<td class=\"xl19\">Kretsdag p\u00e5 Sneden \u00c4lgskytte 9:00<\/td>\n<\/tr>\n<tr style=\"height: 21.0pt\">\n<td class=\"xl16\" style=\"height: 21.0pt\" height=\"28\"><\/td>\n<td class=\"xl18\"><\/td>\n<td class=\"xl19\">JAQT?<\/td>\n<\/tr>\n<tr style=\"height: 21.0pt\">\n<td class=\"xl16\" style=\"height: 21.0pt\" height=\"28\"><\/td>\n<td class=\"xl18\">Nov<\/td>\n<td class=\"xl19\"><\/td>\n<\/tr>\n<tr style=\"height: 21.0pt\">\n<td class=\"xl16\" style=\"height: 21.0pt\" height=\"28\"><\/td>\n<td class=\"xl18\">20<\/td>\n<td class=\"xl19\">Styrelsem\u00f6te 18:00<\/td>\n<\/tr>\n<tr style=\"height: 21.0pt\">\n<td class=\"xl16\" style=\"height: 21.0pt\" height=\"28\"><\/td>\n<td class=\"xl18\"><\/td>\n<td class=\"xl19\"><\/td>\n<\/tr>\n<tr style=\"height: 21.0pt\">\n<td class=\"xl16\" style=\"height: 21.0pt\" height=\"28\"><\/td>\n<td class=\"xl18\">Dec<\/td>\n<td class=\"xl19\"><\/td>\n<\/tr>\n<\/tbody>\n<\/table>\n","protected":false},"excerpt":{"rendered":"<p>Verksamhetsplan 2024 Jan Feb Styrelsem\u00f6te 18:00 21 \u00c5rsm\u00f6te\/Konstituerande styrelsem\u00f6te JAQT klappjakt f\u00f6r f\u00e5 deltagare Mar 20 Styrelsem\u00f6te 18:00 April 9 Sp\u00e5r\/lydnadstr\u00e4ning start. 18:00 23 Sp\u00e5r\/lydnadstr\u00e4ning start. 18:00 Inst\u00e4llt 25 Viltsp\u00e5rtr\u00e4ning 18:00 Djurby Maj 2 Viltsp\u00e5rtr\u00e4ning 18:00 Djurby 7 Sp\u00e5r\/lydnadstr\u00e4ning start. 18:00 9 Viltsp\u00e5rtr\u00e4ning 18:00 Djurby 11 Ungdomsl\u00e4ger 16 Viltsp\u00e5rtr\u00e4ning 18:00 Djurby 19 Kretsdag p\u00e5 Sneden [&hellip;]<\/p>\n","protected":false},"author":111,"featured_media":0,"parent":351,"menu_order":0,"comment_status":"open","ping_status":"open","template":"","meta":{"footnotes":""},"class_list":["post-365","page","type-page","status-publish","hentry"],"_links":{"self":[{"href":"https:\/\/krets.jagareforbundet.se\/trogd\/wp-json\/wp\/v2\/pages\/365","targetHints":{"allow":["GET"]}}],"collection":[{"href":"https:\/\/krets.jagareforbundet.se\/trogd\/wp-json\/wp\/v2\/pages"}],"about":[{"href":"https:\/\/krets.jagareforbundet.se\/trogd\/wp-json\/wp\/v2\/types\/page"}],"author":[{"embeddable":true,"href":"https:\/\/krets.jagareforbundet.se\/trogd\/wp-json\/wp\/v2\/users\/111"}],"replies":[{"embeddable":true,"href":"https:\/\/krets.jagareforbundet.se\/trogd\/wp-json\/wp\/v2\/comments?post=365"}],"version-history":[{"count":3,"href":"https:\/\/krets.jagareforbundet.se\/trogd\/wp-json\/wp\/v2\/pages\/365\/revisions"}],"predecessor-version":[{"id":1260,"href":"https:\/\/krets.jagareforbundet.se\/trogd\/wp-json\/wp\/v2\/pages\/365\/revisions\/1260"}],"up":[{"embeddable":true,"href":"https:\/\/krets.jagareforbundet.se\/trogd\/wp-json\/wp\/v2\/pages\/351"}],"wp:attachment":[{"href":"https:\/\/krets.jagareforbundet.se\/trogd\/wp-json\/wp\/v2\/media?parent=365"}],"curies":[{"name":"wp","href":"https:\/\/api.w.org\/{rel}","templated":true}]}}