{"id":381,"date":"2013-06-04T14:05:45","date_gmt":"2013-06-04T12:05:45","guid":{"rendered":"https:\/\/krets.jagareforbundet.se\/trogd\/?page_id=381"},"modified":"2023-09-03T14:06:08","modified_gmt":"2023-09-03T12:06:08","slug":"hundar","status":"publish","type":"page","link":"https:\/\/krets.jagareforbundet.se\/trogd\/aktiviteter\/hundar\/","title":{"rendered":"Hundar"},"content":{"rendered":"<h3>Information om sp\u00e5rtr\u00e4ningen 2024!<\/h3>\n<p>V<\/p>\n<p>F\u00f6r fr\u00e5gor och f\u00f6rslag r\u00f6rande hundaktiviteter kontakta Claes Philippen 070-295 59 87.<\/p>\n<h2>Efters\u00f6ksekipage i kretsen<\/h2>\n<table border=\"0\" width=\"355\" cellspacing=\"0\" cellpadding=\"0\">\n<tbody>\n<tr>\n<td width=\"111\" height=\"20\"><strong>Namn<\/strong><\/td>\n<td width=\"88\"><strong>Mobil<\/strong><\/td>\n<td width=\"156\"><strong>Hundras<\/strong><\/td>\n<\/tr>\n<tr>\n<td height=\"20\">David Skagerlind<\/td>\n<td>073-508 83 40<\/td>\n<td>\u00d6stlaika och tysk terrier<\/td>\n<\/tr>\n<tr>\n<td height=\"20\">Johan Axelsson<\/td>\n<td>070-601 02 24<\/td>\n<td>V\u00e4stlaika och tax<\/td>\n<\/tr>\n<tr>\n<td height=\"20\"><\/td>\n<td><\/td>\n<td><\/td>\n<\/tr>\n<tr>\n<td height=\"20\">Bo Andersson<\/td>\n<td>070-534 89 82<\/td>\n<td>Bayersk viltsp\u00e5rhund<\/td>\n<\/tr>\n<tr>\n<td height=\"20\">Klas Johansson<\/td>\n<td>010-448 71 38<\/td>\n<td>Tax. Endast r\u00e5djur och hjort<\/td>\n<\/tr>\n<tr>\n<td height=\"20\">Claes Philippen<\/td>\n<td>070-295 59 87<\/td>\n<td><\/td>\n<\/tr>\n<\/tbody>\n<\/table>\n","protected":false},"excerpt":{"rendered":"<p>Information om sp\u00e5rtr\u00e4ningen 2024! V F\u00f6r fr\u00e5gor och f\u00f6rslag r\u00f6rande hundaktiviteter kontakta Claes Philippen 070-295 59 87. Efters\u00f6ksekipage i kretsen Namn Mobil Hundras David Skagerlind 073-508 83 40 \u00d6stlaika och tysk terrier Johan Axelsson 070-601 02 24 V\u00e4stlaika och tax Bo Andersson 070-534 89 82 Bayersk viltsp\u00e5rhund Klas Johansson 010-448 71 38 Tax. Endast r\u00e5djur [&hellip;]<\/p>\n","protected":false},"author":111,"featured_media":0,"parent":351,"menu_order":0,"comment_status":"open","ping_status":"open","template":"","meta":{"footnotes":""},"class_list":["post-381","page","type-page","status-publish","hentry"],"_links":{"self":[{"href":"https:\/\/krets.jagareforbundet.se\/trogd\/wp-json\/wp\/v2\/pages\/381","targetHints":{"allow":["GET"]}}],"collection":[{"href":"https:\/\/krets.jagareforbundet.se\/trogd\/wp-json\/wp\/v2\/pages"}],"about":[{"href":"https:\/\/krets.jagareforbundet.se\/trogd\/wp-json\/wp\/v2\/types\/page"}],"author":[{"embeddable":true,"href":"https:\/\/krets.jagareforbundet.se\/trogd\/wp-json\/wp\/v2\/users\/111"}],"replies":[{"embeddable":true,"href":"https:\/\/krets.jagareforbundet.se\/trogd\/wp-json\/wp\/v2\/comments?post=381"}],"version-history":[{"count":3,"href":"https:\/\/krets.jagareforbundet.se\/trogd\/wp-json\/wp\/v2\/pages\/381\/revisions"}],"predecessor-version":[{"id":1224,"href":"https:\/\/krets.jagareforbundet.se\/trogd\/wp-json\/wp\/v2\/pages\/381\/revisions\/1224"}],"up":[{"embeddable":true,"href":"https:\/\/krets.jagareforbundet.se\/trogd\/wp-json\/wp\/v2\/pages\/351"}],"wp:attachment":[{"href":"https:\/\/krets.jagareforbundet.se\/trogd\/wp-json\/wp\/v2\/media?parent=381"}],"curies":[{"name":"wp","href":"https:\/\/api.w.org\/{rel}","templated":true}]}}