{"id":384,"date":"2013-06-04T14:07:29","date_gmt":"2013-06-04T12:07:29","guid":{"rendered":"https:\/\/krets.jagareforbundet.se\/trogd\/?page_id=384"},"modified":"2024-05-05T19:28:13","modified_gmt":"2024-05-05T17:28:13","slug":"ungdom","status":"publish","type":"page","link":"https:\/\/krets.jagareforbundet.se\/trogd\/aktiviteter\/ungdom\/","title":{"rendered":"Ungdom"},"content":{"rendered":"<h2><\/h2>\n<h2>Skyttedagen f\u00f6r ungdomar mellan 13-18 \u00e5r genomf\u00f6rs andra l\u00f6rdagen i maj varje \u00e5r, d\u00e5 kommer det finnas m\u00f6jlighet att prova p\u00e5 skytte i olika former, bla\u00a0 \u00c4lgbana, Pistol, Korth\u00e5ll, Mini\u00e4lg och Trap.<\/h2>\n<p>&nbsp;<\/p>\n<h2><span style=\"color: #ff6600\">Kretsens ungdomsansvarige \u00e4r <\/span><span style=\"color: #ff6600\"><span style=\"color: #000080\"><a href=\"hampus.haraldsson@hotmail.com\">Hampus Haraldsson<\/a>\u00a0<\/span><\/span><\/h2>\n","protected":false},"excerpt":{"rendered":"<p>Skyttedagen f\u00f6r ungdomar mellan 13-18 \u00e5r genomf\u00f6rs andra l\u00f6rdagen i maj varje \u00e5r, d\u00e5 kommer det finnas m\u00f6jlighet att prova p\u00e5 skytte i olika former, bla\u00a0 \u00c4lgbana, Pistol, Korth\u00e5ll, Mini\u00e4lg och Trap. &nbsp; Kretsens ungdomsansvarige \u00e4r Hampus Haraldsson\u00a0<\/p>\n","protected":false},"author":111,"featured_media":0,"parent":351,"menu_order":0,"comment_status":"open","ping_status":"open","template":"","meta":{"footnotes":""},"class_list":["post-384","page","type-page","status-publish","hentry"],"_links":{"self":[{"href":"https:\/\/krets.jagareforbundet.se\/trogd\/wp-json\/wp\/v2\/pages\/384","targetHints":{"allow":["GET"]}}],"collection":[{"href":"https:\/\/krets.jagareforbundet.se\/trogd\/wp-json\/wp\/v2\/pages"}],"about":[{"href":"https:\/\/krets.jagareforbundet.se\/trogd\/wp-json\/wp\/v2\/types\/page"}],"author":[{"embeddable":true,"href":"https:\/\/krets.jagareforbundet.se\/trogd\/wp-json\/wp\/v2\/users\/111"}],"replies":[{"embeddable":true,"href":"https:\/\/krets.jagareforbundet.se\/trogd\/wp-json\/wp\/v2\/comments?post=384"}],"version-history":[{"count":3,"href":"https:\/\/krets.jagareforbundet.se\/trogd\/wp-json\/wp\/v2\/pages\/384\/revisions"}],"predecessor-version":[{"id":1261,"href":"https:\/\/krets.jagareforbundet.se\/trogd\/wp-json\/wp\/v2\/pages\/384\/revisions\/1261"}],"up":[{"embeddable":true,"href":"https:\/\/krets.jagareforbundet.se\/trogd\/wp-json\/wp\/v2\/pages\/351"}],"wp:attachment":[{"href":"https:\/\/krets.jagareforbundet.se\/trogd\/wp-json\/wp\/v2\/media?parent=384"}],"curies":[{"name":"wp","href":"https:\/\/api.w.org\/{rel}","templated":true}]}}