{"id":406,"date":"2013-07-03T11:57:56","date_gmt":"2013-07-03T09:57:56","guid":{"rendered":"https:\/\/krets.jagareforbundet.se\/trogd\/?page_id=406"},"modified":"2013-07-03T12:03:07","modified_gmt":"2013-07-03T10:03:07","slug":"goran-hellstens-minne","status":"publish","type":"page","link":"https:\/\/krets.jagareforbundet.se\/trogd\/aktiviteter\/ungdom\/goran-hellstens-minne\/","title":{"rendered":"G\u00f6ran Hellstens minne"},"content":{"rendered":"<p>Priset delas \u00e5rligen ut till en ungdom under 21 \u00e5r som varit framtr\u00e4dande b\u00e5de p\u00e5 skjutbanan och i jaktliga sammanhang.<\/p>\n<p><a href=\"https:\/\/krets.jagareforbundet.se\/trogd\/files\/2013\/07\/Statuter-Hellstens-minne.pdf\">Statuter Hellstens minne<\/a><\/p>\n<p>&nbsp;<\/p>\n","protected":false},"excerpt":{"rendered":"<p>Priset delas \u00e5rligen ut till en ungdom under 21 \u00e5r som varit framtr\u00e4dande b\u00e5de p\u00e5 skjutbanan och i jaktliga sammanhang. Statuter Hellstens minne &nbsp;<\/p>\n","protected":false},"author":111,"featured_media":0,"parent":384,"menu_order":0,"comment_status":"open","ping_status":"open","template":"","meta":{"footnotes":""},"class_list":["post-406","page","type-page","status-publish","hentry"],"_links":{"self":[{"href":"https:\/\/krets.jagareforbundet.se\/trogd\/wp-json\/wp\/v2\/pages\/406","targetHints":{"allow":["GET"]}}],"collection":[{"href":"https:\/\/krets.jagareforbundet.se\/trogd\/wp-json\/wp\/v2\/pages"}],"about":[{"href":"https:\/\/krets.jagareforbundet.se\/trogd\/wp-json\/wp\/v2\/types\/page"}],"author":[{"embeddable":true,"href":"https:\/\/krets.jagareforbundet.se\/trogd\/wp-json\/wp\/v2\/users\/111"}],"replies":[{"embeddable":true,"href":"https:\/\/krets.jagareforbundet.se\/trogd\/wp-json\/wp\/v2\/comments?post=406"}],"version-history":[{"count":0,"href":"https:\/\/krets.jagareforbundet.se\/trogd\/wp-json\/wp\/v2\/pages\/406\/revisions"}],"up":[{"embeddable":true,"href":"https:\/\/krets.jagareforbundet.se\/trogd\/wp-json\/wp\/v2\/pages\/384"}],"wp:attachment":[{"href":"https:\/\/krets.jagareforbundet.se\/trogd\/wp-json\/wp\/v2\/media?parent=406"}],"curies":[{"name":"wp","href":"https:\/\/api.w.org\/{rel}","templated":true}]}}