{"id":472,"date":"2013-10-16T11:23:23","date_gmt":"2013-10-16T09:23:23","guid":{"rendered":"https:\/\/krets.jagareforbundet.se\/trogd\/event\/"},"modified":"2023-05-20T19:09:37","modified_gmt":"2023-05-20T17:09:37","slug":"event","status":"publish","type":"page","link":"https:\/\/krets.jagareforbundet.se\/trogd\/event\/","title":{"rendered":"Evenemang"},"content":{"rendered":"<p>CONTENTS<\/p>\n<p><a href=\"webcal:\/\/krets.jagareforbundet.se\/trogd\/events.ics\">Anv\u00e4nd den h\u00e4r l\u00e4nken f\u00f6r att l\u00e4gga till evenemangen i din kalender.<\/a><\/p>\n","protected":false},"excerpt":{"rendered":"<p>CONTENTS Anv\u00e4nd den h\u00e4r l\u00e4nken f\u00f6r att l\u00e4gga till evenemangen i din kalender.<\/p>\n","protected":false},"author":3,"featured_media":0,"parent":0,"menu_order":0,"comment_status":"open","ping_status":"closed","template":"","meta":{"footnotes":""},"class_list":["post-472","page","type-page","status-publish","hentry"],"_links":{"self":[{"href":"https:\/\/krets.jagareforbundet.se\/trogd\/wp-json\/wp\/v2\/pages\/472","targetHints":{"allow":["GET"]}}],"collection":[{"href":"https:\/\/krets.jagareforbundet.se\/trogd\/wp-json\/wp\/v2\/pages"}],"about":[{"href":"https:\/\/krets.jagareforbundet.se\/trogd\/wp-json\/wp\/v2\/types\/page"}],"author":[{"embeddable":true,"href":"https:\/\/krets.jagareforbundet.se\/trogd\/wp-json\/wp\/v2\/users\/3"}],"replies":[{"embeddable":true,"href":"https:\/\/krets.jagareforbundet.se\/trogd\/wp-json\/wp\/v2\/comments?post=472"}],"version-history":[{"count":3,"href":"https:\/\/krets.jagareforbundet.se\/trogd\/wp-json\/wp\/v2\/pages\/472\/revisions"}],"predecessor-version":[{"id":1213,"href":"https:\/\/krets.jagareforbundet.se\/trogd\/wp-json\/wp\/v2\/pages\/472\/revisions\/1213"}],"wp:attachment":[{"href":"https:\/\/krets.jagareforbundet.se\/trogd\/wp-json\/wp\/v2\/media?parent=472"}],"curies":[{"name":"wp","href":"https:\/\/api.w.org\/{rel}","templated":true}]}}