{"id":503,"date":"2014-02-10T11:22:18","date_gmt":"2014-02-10T10:22:18","guid":{"rendered":"https:\/\/krets.jagareforbundet.se\/trogd\/?page_id=503"},"modified":"2024-03-04T20:55:09","modified_gmt":"2024-03-04T19:55:09","slug":"arkiv","status":"publish","type":"page","link":"https:\/\/krets.jagareforbundet.se\/trogd\/algarenden\/arkiv\/","title":{"rendered":"Arkiv"},"content":{"rendered":"<p>H\u00e4r hittar\u00a0<span style=\"line-height: 1.5em\">du<\/span><span style=\"line-height: 1.5em\">\u00a0information fr\u00e5n tidigare \u00e5r.<\/span><\/p>\n<p><a href=\"https:\/\/krets.jagareforbundet.se\/trogd\/files\/2023\/03\/Forvber-Trogds-ASO-2022.pdf\">F\u00f6rvaltningsber\u00e4ttelse Tr\u00f6gds \u00c4SO 2022<\/a><\/p>\n<p><a href=\"https:\/\/krets.jagareforbundet.se\/trogd\/files\/2023\/03\/Revberattelse-Trogds-ASO-2022.pdf\">Revisionsber\u00e4ttelse Tr\u00f6gds \u00c4SO 2022<\/a><\/p>\n<p><a href=\"https:\/\/krets.jagareforbundet.se\/trogd\/files\/2023\/03\/Verksamhetsberattelse-2022-signerad.pdf\">Verksamhetsber\u00e4ttelse 2022 signerad<\/a><\/p>\n<p><a href=\"https:\/\/krets.jagareforbundet.se\/trogd\/files\/2022\/04\/Arsmotesprotokoll-2022.pdf\">\u00c5rsm\u00f6tesprotokoll Tr\u00f6gds \u00c4SO 2022<\/a><\/p>\n<p><a href=\"https:\/\/krets.jagareforbundet.se\/trogd\/files\/2022\/03\/Fo\u0308rvber-Tro\u0308gds-A\u0308SO-2021.pdf\">Fo\u0308rvber Tro\u0308gds A\u0308SO 2021<\/a><\/p>\n<p><a href=\"https:\/\/krets.jagareforbundet.se\/trogd\/files\/2022\/03\/Revbera\u0308ttelse-Tro\u0308gds-A\u0308SO-2021.pdf\">Revbera\u0308ttelse Tro\u0308gds A\u0308SO 2021<\/a><\/p>\n<p><a href=\"https:\/\/krets.jagareforbundet.se\/trogd\/files\/2022\/03\/Verksamhetsbera\u0308ttelse-2021.pdf\">Verksamhetsbera\u0308ttelse 2021<\/a><\/p>\n<p><a href=\"https:\/\/krets.jagareforbundet.se\/trogd\/files\/2022\/03\/Dagordning-Arsmote-2022-03-22.pdf\">Dagordning \u00c5rsm\u00f6te 2022-03-22<\/a><\/p>\n<p><a href=\"https:\/\/krets.jagareforbundet.se\/trogd\/files\/2021\/05\/Protokoll-arsmote-2021-03-23.pdf\">Protokoll \u00e5rsm\u00f6te 2021-03-23<\/a><\/p>\n<p><a href=\"https:\/\/krets.jagareforbundet.se\/trogd\/files\/2021\/05\/Verksamhetsberattelse-2020.pdf\">Verksamhetsber\u00e4ttelse 2020<\/a><\/p>\n<p><a href=\"https:\/\/krets.jagareforbundet.se\/trogd\/files\/2021\/05\/Forvaltningsberattelse-2020.doc\">F\u00f6rvaltningsber\u00e4ttelse 2020<\/a><\/p>\n<p><a href=\"https:\/\/krets.jagareforbundet.se\/trogd\/files\/2021\/05\/Revisionsberattelse-2020-21.docx\">Revisionsber\u00e4ttelse 2020-21<\/a><\/p>\n<p><a href=\"https:\/\/krets.jagareforbundet.se\/trogd\/files\/2021\/03\/Trogds-ASO-Arsmoteshandlingar-2021.pdf\">Tr\u00f6gds \u00c4SO \u00c5rsm\u00f6teshandlingar 2021<\/a><\/p>\n<p><a href=\"https:\/\/krets.jagareforbundet.se\/trogd\/files\/2020\/11\/Material-jaktledarmote-II-2020-11-18.pptx\">Material jaktledarm\u00f6te II 2020-11-18<\/a><\/p>\n<p><a href=\"https:\/\/krets.jagareforbundet.se\/trogd\/files\/2020\/10\/Protokoll-jaktledarmote-1-2020-09-24.pdf\">Protokoll jaktledarm\u00f6te 1 2020-09-24<\/a><\/p>\n<p><a href=\"https:\/\/krets.jagareforbundet.se\/trogd\/files\/2020\/09\/Material-jaktledarmote-1-2020-09-24.pdf\">Material jaktledarm\u00f6te 1 2020-09-24<\/a><\/p>\n<p><a href=\"https:\/\/krets.jagareforbundet.se\/trogd\/files\/2020\/09\/Verksamhetsberattelse-2019-signerad.pdf\">Verksamhetsber\u00e4ttelse 2019 signerad<\/a><\/p>\n<p><a href=\"https:\/\/krets.jagareforbundet.se\/trogd\/files\/2020\/09\/Forvberattelse-2019.doc\">F\u00f6rvaltningsber\u00e4ttelse 2019<\/a><\/p>\n<p><a href=\"https:\/\/krets.jagareforbundet.se\/trogd\/files\/2020\/09\/Protokoll-arsmote-for-Trogds-Algskotselomrade-2020-03-12.docx\">Protokoll \u00e5rsm\u00f6te f\u00f6r Tr\u00f6gds \u00c4lgsk\u00f6tselomr\u00e5de 2020-03-12<\/a><\/p>\n<p><a href=\"https:\/\/krets.jagareforbundet.se\/trogd\/files\/2019\/03\/protokoll-arsmote-2019-03-05.pdf\">Protokoll \u00e5rsm\u00f6te 2019-03-05<\/a><\/p>\n<p><a href=\"https:\/\/krets.jagareforbundet.se\/trogd\/files\/2019\/03\/forvber-trogds-aso-2018.pdf\">F\u00f6rvaltningsber\u00e4ttelse Tr\u00f6gds \u00c4SO 2018<\/a><\/p>\n<p><a href=\"https:\/\/krets.jagareforbundet.se\/trogd\/files\/2019\/03\/revber-trogd-aso-2018.pdf\">Revisionsber\u00e4ttelse Tr\u00f6gd \u00c4SO 2018<\/a><\/p>\n<p><a href=\"https:\/\/krets.jagareforbundet.se\/trogd\/files\/2018\/09\/protokoll-jaktledarmote-1-2018-09-19.pdf\">Protokoll jaktledarm\u00f6te 1 2018-09-19<\/a><\/p>\n<p><a href=\"https:\/\/krets.jagareforbundet.se\/trogd\/files\/2018\/09\/algskotselplan-trogd-sodra-2018-03-28.pdf\">\u00c4lgsk\u00f6tselplan Tr\u00f6gd S\u00f6dra, 2018-03-28<\/a><\/p>\n<p><a href=\"https:\/\/krets.jagareforbundet.se\/trogd\/files\/2018\/09\/algskotselplan-trogd-norra-2018-03-28.pdf\">\u00c4lgsk\u00f6tselplan Tr\u00f6gd Norra, 2018-03-28<\/a><\/p>\n<p><a href=\"https:\/\/krets.jagareforbundet.se\/trogd\/files\/2018\/08\/protokoll-arsmote-2018-03-06.pdf\" rel=\"attachment wp-att-816\">\u00c5rsm\u00f6tesprotokoll 2018-03-06<\/a><\/p>\n<p><a href=\"https:\/\/krets.jagareforbundet.se\/trogd\/algarenden\/dokument\/forvber-trogds-aso-2017\/\" rel=\"attachment wp-att-793\">F\u00f6rvber Tr\u00f6gds \u00c4SO 2017<\/a><\/p>\n<p><a href=\"https:\/\/krets.jagareforbundet.se\/trogd\/algarenden\/dokument\/revber-trogd-aso-2017\/\" rel=\"attachment wp-att-794\">Revber Tr\u00f6gd \u00c4SO 2017<\/a><\/p>\n<p><a href=\"https:\/\/krets.jagareforbundet.se\/trogd\/algarenden\/dokument\/verksamhetsberattelse-2017\/\" rel=\"attachment wp-att-795\">Verksamhetsber\u00e4ttelse 2017<\/a><\/p>\n<p><a href=\"https:\/\/krets.jagareforbundet.se\/trogd\/files\/2014\/02\/trogds-aso-arsm-17.pdf\">Tr\u00f6gds \u00c4SO \u00e5rsm-17<\/a><\/p>\n<p><a href=\"https:\/\/krets.jagareforbundet.se\/trogd\/algarenden\/dokument\/verksamhetsberattelse-2016-signerad\/\" rel=\"attachment wp-att-774\">Verksamhetsber\u00e4ttelse 2016 signerad<\/a><\/p>\n<p><a href=\"https:\/\/krets.jagareforbundet.se\/trogd\/files\/2014\/02\/kronskotselplan-trogd-2016-2018-signerad.pdf\">Kronsk\u00f6tselplan Tr\u00f6gd, 2016-2018, signerad<\/a><\/p>\n<p><a href=\"https:\/\/krets.jagareforbundet.se\/trogd\/files\/2015\/02\/\u00c4lgsk\u00f6tselplan-Tr\u00f6gd-2015-2017%2c-signerad-1.pdf\">\u00c4lgsk\u00f6tselplan Tr\u00f6gd 2015-2017<\/a><\/p>\n<p><a href=\"https:\/\/krets.jagareforbundet.se\/trogd\/files\/2015\/02\/\u00c4lgfrode-Tr\u00f6gd-2015-02-09-2.xlsx\">\u00c4lgfrode Tr\u00f6gd 2015-02-09 (2)<\/a><\/p>\n<p><a href=\"https:\/\/krets.jagareforbundet.se\/trogd\/files\/2014\/09\/Stadgar-f\u00f6r-Tr\u00f6gds-\u00e4lg-och-kronviltsk\u00f6tselomr\u00e5de-slutversion-131120.pdf\">Stadgar f\u00f6r Tr\u00f6gds \u00e4lg och kronviltsk\u00f6tselomr\u00e5de<\/a><\/p>\n<p><a href=\"https:\/\/krets.jagareforbundet.se\/trogd\/files\/2014\/02\/protokoll-jaktledarmote-2016-09-20.pdf\">protokoll-jaktledarmote-2016-09-20<\/a><\/p>\n<p><a href=\"https:\/\/krets.jagareforbundet.se\/trogd\/files\/2014\/02\/trogds-aso-arsmotesprotokoll-16.pdf\">Tr\u00f6gds \u00c4SO \u00e5rsm\u00f6tesprotokoll-16<\/a><\/p>\n<p><a href=\"https:\/\/krets.jagareforbundet.se\/trogd\/files\/2014\/02\/verksamhetsberattelse-2015-signerad.pdf\">Verksamhetsber\u00e4ttelse 2015 signerad<\/a><\/p>\n<p><a href=\"https:\/\/krets.jagareforbundet.se\/trogd\/files\/2014\/02\/Verksamhetsber\u00e4ttelse-2014-signerad.pdf\">Verksamhetsber\u00e4ttelse 2014 signerad<\/a><\/p>\n<p><a href=\"https:\/\/krets.jagareforbundet.se\/trogd\/files\/2014\/02\/\u00c5rsm\u00f6te-\u00c4SO-14.pdf\">\u00c5rsm\u00f6te \u00c4SO-14<\/a><\/p>\n<p><a href=\"https:\/\/krets.jagareforbundet.se\/trogd\/files\/2015\/02\/Protokoll-\u00e5rsm\u00f6te-15.pdf\">\u00c5rsm\u00f6te \u00c4SO-15<\/a><\/p>\n","protected":false},"excerpt":{"rendered":"<p>H\u00e4r hittar\u00a0du\u00a0information fr\u00e5n tidigare \u00e5r. F\u00f6rvaltningsber\u00e4ttelse Tr\u00f6gds \u00c4SO 2022 Revisionsber\u00e4ttelse Tr\u00f6gds \u00c4SO 2022 Verksamhetsber\u00e4ttelse 2022 signerad \u00c5rsm\u00f6tesprotokoll Tr\u00f6gds \u00c4SO 2022 Fo\u0308rvber Tro\u0308gds A\u0308SO 2021 Revbera\u0308ttelse Tro\u0308gds A\u0308SO 2021 Verksamhetsbera\u0308ttelse 2021 Dagordning \u00c5rsm\u00f6te 2022-03-22 Protokoll \u00e5rsm\u00f6te 2021-03-23 Verksamhetsber\u00e4ttelse 2020 F\u00f6rvaltningsber\u00e4ttelse 2020 Revisionsber\u00e4ttelse 2020-21 Tr\u00f6gds \u00c4SO \u00c5rsm\u00f6teshandlingar 2021 Material jaktledarm\u00f6te II 2020-11-18 Protokoll jaktledarm\u00f6te 1 2020-09-24 Material [&hellip;]<\/p>\n","protected":false},"author":111,"featured_media":0,"parent":331,"menu_order":2,"comment_status":"open","ping_status":"closed","template":"","meta":{"footnotes":""},"class_list":["post-503","page","type-page","status-publish","hentry"],"_links":{"self":[{"href":"https:\/\/krets.jagareforbundet.se\/trogd\/wp-json\/wp\/v2\/pages\/503","targetHints":{"allow":["GET"]}}],"collection":[{"href":"https:\/\/krets.jagareforbundet.se\/trogd\/wp-json\/wp\/v2\/pages"}],"about":[{"href":"https:\/\/krets.jagareforbundet.se\/trogd\/wp-json\/wp\/v2\/types\/page"}],"author":[{"embeddable":true,"href":"https:\/\/krets.jagareforbundet.se\/trogd\/wp-json\/wp\/v2\/users\/111"}],"replies":[{"embeddable":true,"href":"https:\/\/krets.jagareforbundet.se\/trogd\/wp-json\/wp\/v2\/comments?post=503"}],"version-history":[{"count":3,"href":"https:\/\/krets.jagareforbundet.se\/trogd\/wp-json\/wp\/v2\/pages\/503\/revisions"}],"predecessor-version":[{"id":1241,"href":"https:\/\/krets.jagareforbundet.se\/trogd\/wp-json\/wp\/v2\/pages\/503\/revisions\/1241"}],"up":[{"embeddable":true,"href":"https:\/\/krets.jagareforbundet.se\/trogd\/wp-json\/wp\/v2\/pages\/331"}],"wp:attachment":[{"href":"https:\/\/krets.jagareforbundet.se\/trogd\/wp-json\/wp\/v2\/media?parent=503"}],"curies":[{"name":"wp","href":"https:\/\/api.w.org\/{rel}","templated":true}]}}