{"id":518,"date":"2014-02-28T10:12:56","date_gmt":"2014-02-28T09:12:56","guid":{"rendered":"https:\/\/krets.jagareforbundet.se\/trogd\/?page_id=518"},"modified":"2016-02-02T13:12:50","modified_gmt":"2016-02-02T12:12:50","slug":"utbildningmedlem","status":"publish","type":"page","link":"https:\/\/krets.jagareforbundet.se\/trogd\/aktiviteter\/utbildningmedlem\/","title":{"rendered":"Utbildning\/Medlem"},"content":{"rendered":"<p>Vill du ta j\u00e4garexamen eller du kanske \u00e4r nyfiken p\u00e5 \u00f6vriga utbildningar i j\u00e4garef\u00f6rbundets regi? Kontakta kretsens utbildningsansvarig <a href=\"mailto:torbjorn.sundh@stat-inst.se\">Tobbe Sundh<\/a> eller l\u00e4s mer <a href=\"http:\/\/jagareforbundet.se\/mitt\/uppsala-lan\/jagareforbundet-uppsala-lan\/verksamhet\/utbildning\/jagarexamen\/\">h\u00e4r<\/a>\u00a0om j\u00e4garexamen och \u00f6vrig utbildningar <a href=\"http:\/\/jagareforbundet.se\/mitt\/uppsala-lan\/jagareforbundet-uppsala-lan\/verksamhet\/utbildning\/\">h\u00e4r<\/a>.<\/p>\n<p>\u00c4r du intresserad av medlemsfr\u00e5gor, dina f\u00f6rm\u00e5ner som medlem eller hur man blir medlem? Kontakta Tobbe eller l\u00e4s mer <a href=\"http:\/\/jagareforbundet.se\/medlem\/\">h\u00e4r<\/a>.<\/p>\n","protected":false},"excerpt":{"rendered":"<p>Vill du ta j\u00e4garexamen eller du kanske \u00e4r nyfiken p\u00e5 \u00f6vriga utbildningar i j\u00e4garef\u00f6rbundets regi? Kontakta kretsens utbildningsansvarig Tobbe Sundh eller l\u00e4s mer h\u00e4r\u00a0om j\u00e4garexamen och \u00f6vrig utbildningar h\u00e4r. \u00c4r du intresserad av medlemsfr\u00e5gor, dina f\u00f6rm\u00e5ner som medlem eller hur man blir medlem? Kontakta Tobbe eller l\u00e4s mer h\u00e4r.<\/p>\n","protected":false},"author":111,"featured_media":0,"parent":351,"menu_order":0,"comment_status":"open","ping_status":"open","template":"","meta":{"footnotes":""},"class_list":["post-518","page","type-page","status-publish","hentry"],"_links":{"self":[{"href":"https:\/\/krets.jagareforbundet.se\/trogd\/wp-json\/wp\/v2\/pages\/518","targetHints":{"allow":["GET"]}}],"collection":[{"href":"https:\/\/krets.jagareforbundet.se\/trogd\/wp-json\/wp\/v2\/pages"}],"about":[{"href":"https:\/\/krets.jagareforbundet.se\/trogd\/wp-json\/wp\/v2\/types\/page"}],"author":[{"embeddable":true,"href":"https:\/\/krets.jagareforbundet.se\/trogd\/wp-json\/wp\/v2\/users\/111"}],"replies":[{"embeddable":true,"href":"https:\/\/krets.jagareforbundet.se\/trogd\/wp-json\/wp\/v2\/comments?post=518"}],"version-history":[{"count":0,"href":"https:\/\/krets.jagareforbundet.se\/trogd\/wp-json\/wp\/v2\/pages\/518\/revisions"}],"up":[{"embeddable":true,"href":"https:\/\/krets.jagareforbundet.se\/trogd\/wp-json\/wp\/v2\/pages\/351"}],"wp:attachment":[{"href":"https:\/\/krets.jagareforbundet.se\/trogd\/wp-json\/wp\/v2\/media?parent=518"}],"curies":[{"name":"wp","href":"https:\/\/api.w.org\/{rel}","templated":true}]}}