{"id":520,"date":"2014-02-28T10:25:09","date_gmt":"2014-02-28T09:25:09","guid":{"rendered":"https:\/\/krets.jagareforbundet.se\/trogd\/?page_id=520"},"modified":"2024-04-09T14:44:52","modified_gmt":"2024-04-09T12:44:52","slug":"skytte-2","status":"publish","type":"page","link":"https:\/\/krets.jagareforbundet.se\/trogd\/aktiviteter\/skytte-2\/","title":{"rendered":"Skytte"},"content":{"rendered":"<p>Kretsen ordnar kretsm\u00e4sterskap i ett flertal grenar varje \u00e5r. Kontakta skytteansvarige <a href=\"hampus.haraldsson@hotmail.com\">Hampus Haraldsson<\/a> eller 076-025 13 30 f\u00f6r mer information eller h\u00e5ll utkik p\u00e5 denna sida.<\/p>\n<p>H\u00e4r \u00e4r l\u00e4nkar till skjutbanor i Enk\u00f6ping.<\/p>\n<p>F\u00f6r \u00e4lg och vildsvinsskytte\u00a0<a href=\"https:\/\/krets.jagareforbundet.se\/enabygden_nv\/enabygdens-jagarcentrum-skjutbanor\/\" target=\"_blank\" rel=\"noopener noreferrer\">J\u00e4garcentrum p\u00e5 Sneden<\/a> och\u00a0<a href=\"http:\/\/sneden.se\/\" target=\"_blank\" rel=\"noopener noreferrer\">sneden.se<\/a><\/p>\n<p>F\u00f6r trap och skeet\u00a0<a href=\"http:\/\/ejsk.se\" target=\"_blank\" rel=\"noopener noreferrer\">Enk\u00f6pings jaktskytteklubb<\/a><\/p>\n","protected":false},"excerpt":{"rendered":"<p>Kretsen ordnar kretsm\u00e4sterskap i ett flertal grenar varje \u00e5r. Kontakta skytteansvarige Hampus Haraldsson eller 076-025 13 30 f\u00f6r mer information eller h\u00e5ll utkik p\u00e5 denna sida. H\u00e4r \u00e4r l\u00e4nkar till skjutbanor i Enk\u00f6ping. F\u00f6r \u00e4lg och vildsvinsskytte\u00a0J\u00e4garcentrum p\u00e5 Sneden och\u00a0sneden.se F\u00f6r trap och skeet\u00a0Enk\u00f6pings jaktskytteklubb<\/p>\n","protected":false},"author":111,"featured_media":0,"parent":351,"menu_order":0,"comment_status":"open","ping_status":"open","template":"","meta":{"footnotes":""},"class_list":["post-520","page","type-page","status-publish","hentry"],"_links":{"self":[{"href":"https:\/\/krets.jagareforbundet.se\/trogd\/wp-json\/wp\/v2\/pages\/520","targetHints":{"allow":["GET"]}}],"collection":[{"href":"https:\/\/krets.jagareforbundet.se\/trogd\/wp-json\/wp\/v2\/pages"}],"about":[{"href":"https:\/\/krets.jagareforbundet.se\/trogd\/wp-json\/wp\/v2\/types\/page"}],"author":[{"embeddable":true,"href":"https:\/\/krets.jagareforbundet.se\/trogd\/wp-json\/wp\/v2\/users\/111"}],"replies":[{"embeddable":true,"href":"https:\/\/krets.jagareforbundet.se\/trogd\/wp-json\/wp\/v2\/comments?post=520"}],"version-history":[{"count":3,"href":"https:\/\/krets.jagareforbundet.se\/trogd\/wp-json\/wp\/v2\/pages\/520\/revisions"}],"predecessor-version":[{"id":1251,"href":"https:\/\/krets.jagareforbundet.se\/trogd\/wp-json\/wp\/v2\/pages\/520\/revisions\/1251"}],"up":[{"embeddable":true,"href":"https:\/\/krets.jagareforbundet.se\/trogd\/wp-json\/wp\/v2\/pages\/351"}],"wp:attachment":[{"href":"https:\/\/krets.jagareforbundet.se\/trogd\/wp-json\/wp\/v2\/media?parent=520"}],"curies":[{"name":"wp","href":"https:\/\/api.w.org\/{rel}","templated":true}]}}