{"id":523,"date":"2014-02-28T11:02:08","date_gmt":"2014-02-28T10:02:08","guid":{"rendered":"https:\/\/krets.jagareforbundet.se\/trogd\/?page_id=523"},"modified":"2019-08-16T23:37:37","modified_gmt":"2019-08-16T21:37:37","slug":"viltolyckoreftersok","status":"publish","type":"page","link":"https:\/\/krets.jagareforbundet.se\/trogd\/aktiviteter\/viltolyckoreftersok\/","title":{"rendered":"Viltolyckor\/Efters\u00f6k"},"content":{"rendered":"<p><span style=\"color: #ff6600\"><em><span style=\"font-size: 1.5em;line-height: 1.5em\">Den fordonsf\u00f6rare som varit inblandat i en sammanst\u00f6tning med \u00e4lg, hjort, r\u00e5djur, vildsvin, utter, mufflonf\u00e5r, \u00f6rn eller n\u00e5got av v\u00e5ra stora rovdjur \u00e4r alltid skyldig att snarast m\u00f6jligt m\u00e4rka ut olycksplatsen och underr\u00e4tta n\u00e4rmaste polismyndighet genom att ringa 112. Polisen kontaktar sedan en efters\u00f6ksj\u00e4gare inom Nationella Viltolycksr\u00e5det som unders\u00f6ker och genomf\u00f6r eventuellt efters\u00f6k.<\/span><\/em><\/span><\/p>\n<p>Inom kretsen finns det efters\u00f6ksekipage, l\u00e4s mer p\u00e5 sidan <a href=\"https:\/\/krets.jagareforbundet.se\/trogd\/aktiviteter\/hundar\/\">hundar<\/a>.<\/p>\n<p>L\u00e4s mer om efters\u00f6k <a href=\"http:\/\/jagareforbundet.se\/jakten\/eftersok\/\" target=\"_blank\" rel=\"noopener noreferrer\">p\u00e5 J\u00e4garef\u00f6rbundets sida<\/a>.<\/p>\n","protected":false},"excerpt":{"rendered":"<p>Den fordonsf\u00f6rare som varit inblandat i en sammanst\u00f6tning med \u00e4lg, hjort, r\u00e5djur, vildsvin, utter, mufflonf\u00e5r, \u00f6rn eller n\u00e5got av v\u00e5ra stora rovdjur \u00e4r alltid skyldig att snarast m\u00f6jligt m\u00e4rka ut olycksplatsen och underr\u00e4tta n\u00e4rmaste polismyndighet genom att ringa 112. Polisen kontaktar sedan en efters\u00f6ksj\u00e4gare inom Nationella Viltolycksr\u00e5det som unders\u00f6ker och genomf\u00f6r eventuellt efters\u00f6k. Inom kretsen [&hellip;]<\/p>\n","protected":false},"author":111,"featured_media":0,"parent":351,"menu_order":0,"comment_status":"open","ping_status":"open","template":"","meta":{"footnotes":""},"class_list":["post-523","page","type-page","status-publish","hentry"],"_links":{"self":[{"href":"https:\/\/krets.jagareforbundet.se\/trogd\/wp-json\/wp\/v2\/pages\/523","targetHints":{"allow":["GET"]}}],"collection":[{"href":"https:\/\/krets.jagareforbundet.se\/trogd\/wp-json\/wp\/v2\/pages"}],"about":[{"href":"https:\/\/krets.jagareforbundet.se\/trogd\/wp-json\/wp\/v2\/types\/page"}],"author":[{"embeddable":true,"href":"https:\/\/krets.jagareforbundet.se\/trogd\/wp-json\/wp\/v2\/users\/111"}],"replies":[{"embeddable":true,"href":"https:\/\/krets.jagareforbundet.se\/trogd\/wp-json\/wp\/v2\/comments?post=523"}],"version-history":[{"count":3,"href":"https:\/\/krets.jagareforbundet.se\/trogd\/wp-json\/wp\/v2\/pages\/523\/revisions"}],"predecessor-version":[{"id":883,"href":"https:\/\/krets.jagareforbundet.se\/trogd\/wp-json\/wp\/v2\/pages\/523\/revisions\/883"}],"up":[{"embeddable":true,"href":"https:\/\/krets.jagareforbundet.se\/trogd\/wp-json\/wp\/v2\/pages\/351"}],"wp:attachment":[{"href":"https:\/\/krets.jagareforbundet.se\/trogd\/wp-json\/wp\/v2\/media?parent=523"}],"curies":[{"name":"wp","href":"https:\/\/api.w.org\/{rel}","templated":true}]}}