{"id":524,"date":"2014-02-28T11:36:14","date_gmt":"2014-02-28T10:36:14","guid":{"rendered":"https:\/\/krets.jagareforbundet.se\/trogd\/?page_id=524"},"modified":"2019-08-17T15:31:53","modified_gmt":"2019-08-17T13:31:53","slug":"viltprovtagare","status":"publish","type":"page","link":"https:\/\/krets.jagareforbundet.se\/trogd\/aktiviteter\/viltprovtagare\/","title":{"rendered":"Viltprovtagare"},"content":{"rendered":"<h3><span style=\"color: #ff6600\"><em>M\u00e5let med Viltprovtagare \u00e4r att det ska finnas ett rikst\u00e4ckande n\u00e4t av personer som kan bist\u00e5 med att samla in prover och information r\u00f6rande vilda djur, eller bara rapportera om vad som sker hos viltet. Svenska J\u00e4garef\u00f6rbundet har bist\u00e5tt forskningen och myndigheterna med den h\u00e4r typen av verksamhet \u00e4nda sedan 1830, d\u00e5 f\u00f6rbundet bildades.<\/em><\/span><\/h3>\n<p>Statens Veterin\u00e4rmedicinska <span style=\"color: #000000\">Anstalt<\/span> (SVA)\u00a0\u00e4r en\u00a0av J\u00e4garef\u00f6rbundets viktigaste\u00a0samarbetspartners. P\u00e5\u00a0SVA:s viltsektion arbetar man fr\u00e4mst med att diagnosticera sjukdomar och d\u00f6dsorsaker hos vilda djur i Sverige. P\u00e5 SVA genomf\u00f6rs ocks\u00e5 olika projekt f\u00f6r \u00f6vervakning av smitt\u00e4mnen eller sjukdomar samt forskningsprojekt r\u00f6rande vilt.<\/p>\n<p>Mycket av viltprovtagarnas arbete best\u00e5r i att bist\u00e5 SVA med att samla in material. Samarbete eller uppdrag fr\u00e5n andra myndigheter eller enstaka forskningsprojekt kan dock ocks\u00e5 f\u00f6rekomma.<\/p>\n","protected":false},"excerpt":{"rendered":"<p>M\u00e5let med Viltprovtagare \u00e4r att det ska finnas ett rikst\u00e4ckande n\u00e4t av personer som kan bist\u00e5 med att samla in prover och information r\u00f6rande vilda djur, eller bara rapportera om vad som sker hos viltet. Svenska J\u00e4garef\u00f6rbundet har bist\u00e5tt forskningen och myndigheterna med den h\u00e4r typen av verksamhet \u00e4nda sedan 1830, d\u00e5 f\u00f6rbundet bildades. Statens [&hellip;]<\/p>\n","protected":false},"author":111,"featured_media":0,"parent":351,"menu_order":0,"comment_status":"open","ping_status":"open","template":"","meta":{"footnotes":""},"class_list":["post-524","page","type-page","status-publish","hentry"],"_links":{"self":[{"href":"https:\/\/krets.jagareforbundet.se\/trogd\/wp-json\/wp\/v2\/pages\/524","targetHints":{"allow":["GET"]}}],"collection":[{"href":"https:\/\/krets.jagareforbundet.se\/trogd\/wp-json\/wp\/v2\/pages"}],"about":[{"href":"https:\/\/krets.jagareforbundet.se\/trogd\/wp-json\/wp\/v2\/types\/page"}],"author":[{"embeddable":true,"href":"https:\/\/krets.jagareforbundet.se\/trogd\/wp-json\/wp\/v2\/users\/111"}],"replies":[{"embeddable":true,"href":"https:\/\/krets.jagareforbundet.se\/trogd\/wp-json\/wp\/v2\/comments?post=524"}],"version-history":[{"count":2,"href":"https:\/\/krets.jagareforbundet.se\/trogd\/wp-json\/wp\/v2\/pages\/524\/revisions"}],"predecessor-version":[{"id":911,"href":"https:\/\/krets.jagareforbundet.se\/trogd\/wp-json\/wp\/v2\/pages\/524\/revisions\/911"}],"up":[{"embeddable":true,"href":"https:\/\/krets.jagareforbundet.se\/trogd\/wp-json\/wp\/v2\/pages\/351"}],"wp:attachment":[{"href":"https:\/\/krets.jagareforbundet.se\/trogd\/wp-json\/wp\/v2\/media?parent=524"}],"curies":[{"name":"wp","href":"https:\/\/api.w.org\/{rel}","templated":true}]}}