{"id":530,"date":"2014-02-28T12:04:38","date_gmt":"2014-02-28T11:04:38","guid":{"rendered":"https:\/\/krets.jagareforbundet.se\/trogd\/?page_id=530"},"modified":"2024-04-09T14:23:35","modified_gmt":"2024-04-09T12:23:35","slug":"jaqt","status":"publish","type":"page","link":"https:\/\/krets.jagareforbundet.se\/trogd\/aktiviteter\/jaqt\/","title":{"rendered":"JAQT"},"content":{"rendered":"<h2>JAQT<\/h2>\n<h2>N\u00e4tverkets syfte<\/h2>\n<h4>Jagande Aktiva Kvinnor i Tiden, \u00e4r J\u00e4garef\u00f6rbundets kvinnliga n\u00e4tverk och m\u00e5ls\u00e4ttningen med JAQT \u00e4r att vi ska bli fler j\u00e4gare i Sverige, att \u00f6ka acceptansen f\u00f6r kvinnliga j\u00e4gare, hj\u00e4lpa nya kvinnliga j\u00e4gare samt att kvinnor och m\u00e4n ska jaga tillsammans.<\/h4>\n<ul>\n<li>Att knyta nya jaktliga kontakter<\/li>\n<li>Att umg\u00e5s utifr\u00e5n jakten och ha roligt tillsammans<\/li>\n<li>Att undvika prestige p\u00e5 skjutbanor och ute i skogen<\/li>\n<li>Att l\u00e4ra sig mer om jakt, djur, natur friluftsliv i form av m\u00f6ten, kurser, seminarier och jakt<\/li>\n<li>Att f\u00e5 information om nyheter inom bland annat jakt, natur, djur<\/li>\n<li>Att vara en grupp som bildar opinion och som kan st\u00f6tta inom aktuella jaktliga omr\u00e5den.<\/li>\n<\/ul>\n<h3>Har du fr\u00e5gor om JAQT?<\/h3>\n<p>Kretsens ansvariga \u00e4r <a href=\"sannaj@telia.com\">Sanna Johansson<\/a> och <a href=\"caroline.benter@hotmail.com\">Caroline Benter<\/a><\/p>\n<p>Du kan \u00e4ven l\u00e4sa p\u00e5 <a href=\"https:\/\/jagareforbundet.se\/mitt\/uppsala-lan\/jagareforbundet-uppsala-lan\/verksamhet\/jaqt\/\" target=\"_blank\" rel=\"noopener noreferrer\">J\u00e4garef\u00f6rbundet Upplands sida<\/a>.<\/p>\n<p>P\u00e5 Facebook finns det n\u00e5gra grupper f\u00f6r kvinnliga j\u00e4gare i Uppland:\u00a0<a href=\"https:\/\/www.facebook.com\/groups\/jaqgtuppsala\/\" target=\"_blank\" rel=\"noopener noreferrer\">JAQT Uppsala<\/a> och <a href=\"https:\/\/www.facebook.com\/groups\/1706696716281810\/\" target=\"_blank\" rel=\"noopener noreferrer\">Pangbrudar<\/a><\/p>\n","protected":false},"excerpt":{"rendered":"<p>JAQT N\u00e4tverkets syfte Jagande Aktiva Kvinnor i Tiden, \u00e4r J\u00e4garef\u00f6rbundets kvinnliga n\u00e4tverk och m\u00e5ls\u00e4ttningen med JAQT \u00e4r att vi ska bli fler j\u00e4gare i Sverige, att \u00f6ka acceptansen f\u00f6r kvinnliga j\u00e4gare, hj\u00e4lpa nya kvinnliga j\u00e4gare samt att kvinnor och m\u00e4n ska jaga tillsammans. Att knyta nya jaktliga kontakter Att umg\u00e5s utifr\u00e5n jakten och ha roligt [&hellip;]<\/p>\n","protected":false},"author":111,"featured_media":0,"parent":351,"menu_order":0,"comment_status":"open","ping_status":"open","template":"","meta":{"footnotes":""},"class_list":["post-530","page","type-page","status-publish","hentry"],"_links":{"self":[{"href":"https:\/\/krets.jagareforbundet.se\/trogd\/wp-json\/wp\/v2\/pages\/530","targetHints":{"allow":["GET"]}}],"collection":[{"href":"https:\/\/krets.jagareforbundet.se\/trogd\/wp-json\/wp\/v2\/pages"}],"about":[{"href":"https:\/\/krets.jagareforbundet.se\/trogd\/wp-json\/wp\/v2\/types\/page"}],"author":[{"embeddable":true,"href":"https:\/\/krets.jagareforbundet.se\/trogd\/wp-json\/wp\/v2\/users\/111"}],"replies":[{"embeddable":true,"href":"https:\/\/krets.jagareforbundet.se\/trogd\/wp-json\/wp\/v2\/comments?post=530"}],"version-history":[{"count":3,"href":"https:\/\/krets.jagareforbundet.se\/trogd\/wp-json\/wp\/v2\/pages\/530\/revisions"}],"predecessor-version":[{"id":1248,"href":"https:\/\/krets.jagareforbundet.se\/trogd\/wp-json\/wp\/v2\/pages\/530\/revisions\/1248"}],"up":[{"embeddable":true,"href":"https:\/\/krets.jagareforbundet.se\/trogd\/wp-json\/wp\/v2\/pages\/351"}],"wp:attachment":[{"href":"https:\/\/krets.jagareforbundet.se\/trogd\/wp-json\/wp\/v2\/media?parent=530"}],"curies":[{"name":"wp","href":"https:\/\/api.w.org\/{rel}","templated":true}]}}