{"id":534,"date":"2014-02-28T13:11:52","date_gmt":"2014-02-28T12:11:52","guid":{"rendered":"https:\/\/krets.jagareforbundet.se\/trogd\/?page_id=534"},"modified":"2019-08-17T15:28:43","modified_gmt":"2019-08-17T13:28:43","slug":"viltovervakning","status":"publish","type":"page","link":"https:\/\/krets.jagareforbundet.se\/trogd\/aktiviteter\/viltovervakning\/","title":{"rendered":"Vilt\u00f6vervakning"},"content":{"rendered":"<h3><em><span style=\"color: #ff6600\">Genom inventeringar och avskjutningsstatistik h\u00e5ller vi koll p\u00e5 v\u00e5ra viltstammar, d\u00e4rf\u00f6r \u00e4r det av st\u00f6rsta vikt att vi alla ser till att rapportera v\u00e5r avskjutning i\u00a0<\/span><a style=\"color: #ff6600\" href=\"http:\/\/www.viltdata.se\">Viltdata<\/a><span style=\"color: #ff6600\">. Vid rapportering av \u00e4lg finns utsedda jaktlagsrapport\u00f6rer men f\u00f6r \u00f6vrigt vilt ska varje \u00a0jaktr\u00e4ttsinnehavare\u00a0g\u00e5 in och rapportera f\u00e4llt vilt. Vill ni ha hj\u00e4lp med rapportering? Kontakta Fredrik!<\/span><\/em><\/h3>\n<p>Spillningsinventering genomf\u00f6rs regelbundet\u00a0f\u00f6r att bygga upp ett statistiskt underlag. Inventeringen sker i \u00c4lgsk\u00f6tselomr\u00e5dets regi.<\/p>\n<p><a href=\"https:\/\/krets.jagareforbundet.se\/trogd\/files\/2014\/02\/Resultatkartor-r\u00e5djur-spillningsinventering-Ekoln-Tr\u00f6gd-\u00c4FO-2013.pdf\">Resultatkartor r\u00e5djur spillningsinventering Ekoln Tr\u00f6gd \u00c4FO 2013<\/a><\/p>\n<p><a href=\"https:\/\/krets.jagareforbundet.se\/trogd\/files\/2014\/02\/Resultatkartor-\u00e4lg-spillningsinventering-Ekoln-Tr\u00f6gd-\u00c4FO-2013.pdf\">Resultatkartor \u00e4lg spillningsinventering Ekoln Tr\u00f6gd \u00c4FO 2013<\/a><\/p>\n<p>Kretsens vilt\u00f6vervakningsansvarige <a href=\"mailto:fredrik@djurby.se\">Fredrik Forsell<\/a> 070-673 93 27<\/p>\n","protected":false},"excerpt":{"rendered":"<p>Genom inventeringar och avskjutningsstatistik h\u00e5ller vi koll p\u00e5 v\u00e5ra viltstammar, d\u00e4rf\u00f6r \u00e4r det av st\u00f6rsta vikt att vi alla ser till att rapportera v\u00e5r avskjutning i\u00a0Viltdata. Vid rapportering av \u00e4lg finns utsedda jaktlagsrapport\u00f6rer men f\u00f6r \u00f6vrigt vilt ska varje \u00a0jaktr\u00e4ttsinnehavare\u00a0g\u00e5 in och rapportera f\u00e4llt vilt. Vill ni ha hj\u00e4lp med rapportering? Kontakta Fredrik! Spillningsinventering genomf\u00f6rs [&hellip;]<\/p>\n","protected":false},"author":111,"featured_media":0,"parent":351,"menu_order":0,"comment_status":"open","ping_status":"open","template":"","meta":{"footnotes":""},"class_list":["post-534","page","type-page","status-publish","hentry"],"_links":{"self":[{"href":"https:\/\/krets.jagareforbundet.se\/trogd\/wp-json\/wp\/v2\/pages\/534","targetHints":{"allow":["GET"]}}],"collection":[{"href":"https:\/\/krets.jagareforbundet.se\/trogd\/wp-json\/wp\/v2\/pages"}],"about":[{"href":"https:\/\/krets.jagareforbundet.se\/trogd\/wp-json\/wp\/v2\/types\/page"}],"author":[{"embeddable":true,"href":"https:\/\/krets.jagareforbundet.se\/trogd\/wp-json\/wp\/v2\/users\/111"}],"replies":[{"embeddable":true,"href":"https:\/\/krets.jagareforbundet.se\/trogd\/wp-json\/wp\/v2\/comments?post=534"}],"version-history":[{"count":2,"href":"https:\/\/krets.jagareforbundet.se\/trogd\/wp-json\/wp\/v2\/pages\/534\/revisions"}],"predecessor-version":[{"id":909,"href":"https:\/\/krets.jagareforbundet.se\/trogd\/wp-json\/wp\/v2\/pages\/534\/revisions\/909"}],"up":[{"embeddable":true,"href":"https:\/\/krets.jagareforbundet.se\/trogd\/wp-json\/wp\/v2\/pages\/351"}],"wp:attachment":[{"href":"https:\/\/krets.jagareforbundet.se\/trogd\/wp-json\/wp\/v2\/media?parent=534"}],"curies":[{"name":"wp","href":"https:\/\/api.w.org\/{rel}","templated":true}]}}