{"id":583,"date":"2017-08-29T09:11:19","date_gmt":"2017-08-29T07:11:19","guid":{"rendered":"https:\/\/krets.jagareforbundet.se\/trogd\/?page_id=583"},"modified":"2023-09-28T21:12:00","modified_gmt":"2023-09-28T19:12:00","slug":"kronvilt","status":"publish","type":"page","link":"https:\/\/krets.jagareforbundet.se\/trogd\/algarenden\/kronvilt\/","title":{"rendered":"Kronviltsjakt 2023"},"content":{"rendered":"<h3><strong><span style=\"text-decoration: underline\">All jakt sker som avropsjakt!<\/span><\/strong><\/h3>\n<p style=\"line-height: 18.0pt\"><span style=\"font-family: 'Georgia',serif;color: #333333\">Rapportering av skjutet kron ska ske omedelbart via <a href=\"https:\/\/krets.jagareforbundet.se\/trogd\/algarenden\/viltrapport\/\">Viltrapport<\/a> i telefonappen Wehunt, via sms eller dator!<br \/>\n<\/span><\/p>\n<p>Kvarvarande tilldelning ses i Viltrapport och Wehunt, liksom taggbegr\u00e4nsningar.<\/p>\n<p><span style=\"font-family: 'Georgia',serif;color: #333333\">Jakt p\u00e5 hind och kalv f\u00e5r bedrivas fr\u00e5n 16 augusti till 30 september som smyg- och vakjakt. Fr\u00e5n 12 oktober till 31 januari f\u00e5r \u00e4ven handjur f\u00e4llas. Av handjuren f\u00e5r <strong><span style=\"font-family: 'Georgia',serif\">1st<\/span><\/strong>\u00a0med\u00a0<strong><span style=\"font-family: 'Georgia',serif\">13\u00a0taggar<\/span><\/strong> eller fler skjutas norr om motorv\u00e4gen, <strong><span style=\"font-family: 'Georgia',serif\">2st<\/span><\/strong> s\u00f6der om motorv\u00e4gen. Resterande handjur max <strong><span style=\"font-family: 'Georgia',serif\">8 taggar<\/span><\/strong>.<\/span><\/p>\n<h3 style=\"line-height: 18.0pt\"><span style=\"font-family: 'Georgia',serif;color: #333333\">Tilldelning Tr\u00f6gds Kronsk\u00f6tselomr\u00e5de<\/span><\/h3>\n<p>Norra:<\/p>\n<ul>\n<li style=\"line-height: 18.0pt\"><span style=\"font-family: 'Georgia',serif;color: #333333\">6 handjur varav 1 kapital<\/span><\/li>\n<li style=\"line-height: 18.0pt\"><span style=\"font-family: 'Georgia',serif;color: #333333\">6 hindar\u00a0<\/span><\/li>\n<li style=\"line-height: 18.0pt\"><span style=\"font-family: 'Georgia',serif;color: #333333\">8 kalvar\u00a0<\/span><\/li>\n<\/ul>\n<p>S\u00f6dra:<\/p>\n<ul>\n<li><span style=\"font-family: 'Georgia',serif;color: #333333\">12 handjur varav 2 kapital<\/span><\/li>\n<li style=\"line-height: 18.0pt\"><span style=\"font-family: 'Georgia',serif;color: #333333\">15 hindar\u00a0<\/span><\/li>\n<li style=\"line-height: 18.0pt\"><span style=\"font-family: 'Georgia',serif;color: #333333\">15 kalvar<\/span><\/li>\n<\/ul>\n<h3>Kronobs<\/h3>\n<p>Precis som f\u00f6r \u00e4lg ska observation av kronvilt rapporteras de f\u00f6rsta 30 dagarna p\u00e5 jakten. Detta ger m\u00f6jlighet att f\u00f6lja viltet utbredning \u00f6ver \u00e5ren.<\/p>\n","protected":false},"excerpt":{"rendered":"<p>All jakt sker som avropsjakt! Rapportering av skjutet kron ska ske omedelbart via Viltrapport i telefonappen Wehunt, via sms eller dator! Kvarvarande tilldelning ses i Viltrapport och Wehunt, liksom taggbegr\u00e4nsningar. Jakt p\u00e5 hind och kalv f\u00e5r bedrivas fr\u00e5n 16 augusti till 30 september som smyg- och vakjakt. Fr\u00e5n 12 oktober till 31 januari f\u00e5r \u00e4ven [&hellip;]<\/p>\n","protected":false},"author":111,"featured_media":770,"parent":331,"menu_order":0,"comment_status":"open","ping_status":"open","template":"","meta":{"footnotes":""},"class_list":["post-583","page","type-page","status-publish","has-post-thumbnail","hentry"],"_links":{"self":[{"href":"https:\/\/krets.jagareforbundet.se\/trogd\/wp-json\/wp\/v2\/pages\/583","targetHints":{"allow":["GET"]}}],"collection":[{"href":"https:\/\/krets.jagareforbundet.se\/trogd\/wp-json\/wp\/v2\/pages"}],"about":[{"href":"https:\/\/krets.jagareforbundet.se\/trogd\/wp-json\/wp\/v2\/types\/page"}],"author":[{"embeddable":true,"href":"https:\/\/krets.jagareforbundet.se\/trogd\/wp-json\/wp\/v2\/users\/111"}],"replies":[{"embeddable":true,"href":"https:\/\/krets.jagareforbundet.se\/trogd\/wp-json\/wp\/v2\/comments?post=583"}],"version-history":[{"count":3,"href":"https:\/\/krets.jagareforbundet.se\/trogd\/wp-json\/wp\/v2\/pages\/583\/revisions"}],"predecessor-version":[{"id":1227,"href":"https:\/\/krets.jagareforbundet.se\/trogd\/wp-json\/wp\/v2\/pages\/583\/revisions\/1227"}],"up":[{"embeddable":true,"href":"https:\/\/krets.jagareforbundet.se\/trogd\/wp-json\/wp\/v2\/pages\/331"}],"wp:featuredmedia":[{"embeddable":true,"href":"https:\/\/krets.jagareforbundet.se\/trogd\/wp-json\/wp\/v2\/media\/770"}],"wp:attachment":[{"href":"https:\/\/krets.jagareforbundet.se\/trogd\/wp-json\/wp\/v2\/media?parent=583"}],"curies":[{"name":"wp","href":"https:\/\/api.w.org\/{rel}","templated":true}]}}