{"id":659,"date":"2015-09-23T20:13:56","date_gmt":"2015-09-23T18:13:56","guid":{"rendered":"https:\/\/krets.jagareforbundet.se\/trogd\/?page_id=659"},"modified":"2019-08-17T13:00:27","modified_gmt":"2019-08-17T11:00:27","slug":"viltrapport","status":"publish","type":"page","link":"https:\/\/krets.jagareforbundet.se\/trogd\/algarenden\/viltrapport\/","title":{"rendered":"Viltrapport"},"content":{"rendered":"<p style=\"line-height: 18.0pt\"><span style=\"font-family: 'Georgia',serif;color: #333333;background: white\">Sedan jakt\u00e5ret 2019 anv\u00e4nder Tr\u00f6gds \u00c4SO rapporteringssystemet Viltrapport f\u00f6r rapportering av avskjutning. Systemet h\u00e5ller \u00e4ven reda p\u00e5 tilldelning f\u00f6r jaktlagen, och man kan se detta och rapportera b\u00e5de via telefonappen Wehunt och dator. Tidigare har sk\u00f6tselomr\u00e5det anv\u00e4nt Vilth, men det \u00e4r nu uppk\u00f6pt av Wehunt och utvecklat till Viltrapport.<br \/>\n<\/span><\/p>\n<p>Avskjutning som rapporteras i Viltrapport skickas vidare till Viltdata. Det g\u00e4ller \u00e4ven sm\u00e5vilt, varf\u00f6r jaktlagen med f\u00f6rdel l\u00f6pande rapporterar sm\u00e5viltavskjutning i Viltrapport, s\u00e5 slipper man komma ih\u00e5g detta till slutet p\u00e5 \u00e5ret. Vi hoppas att \u00e4ven &#8221;\u00f6vrig d\u00f6dlighet&#8221; kommer att kunna rapporteras i Viltrapport i framtiden.<\/p>\n<p>F\u00f6r rapportering av \u00f6vrig d\u00f6dlighet, kontakta Fredrik Fors\u00e9ll eller Erik von Ehrenheim!<\/p>\n<h2>Inrapportering<\/h2>\n<p style=\"line-height: 18.0pt\">Nedan finner ni lathundar f\u00f6r anv\u00e4ndning av Viltrapport. Kontakta Fredrik Fors\u00e9ll 070-673 93 27 om ni f\u00e5r problem!<\/p>\n<p style=\"line-height: 18.0pt\"><a href=\"https:\/\/wehunt.freshdesk.com\/sv-SE\/support\/solutions\/articles\/44001783216-hur-rapporterar-man-till-viltrapport-fran-wehunt-appen-\">Viltrapport &#8211; hur man rapporterar i Wehunt-appen<\/a><\/p>\n<p>Observera att man m\u00e5ste ha ett <a href=\"http:\/\/jfmedlem.wehunt.se\">Wehunt Pro-abonnemang<\/a> f\u00f6r att rapportera via appen!<\/p>\n<p style=\"line-height: 18.0pt\">Du kan \u00e4ven rapportera in avskjutning via sms! Klicka p\u00e5 l\u00e4nken f\u00f6r ett papper du kan skriva ut med dessa koder: <a href=\"https:\/\/krets.jagareforbundet.se\/trogd\/files\/2019\/08\/smskoder-s\u00f6dra.pdf\">smskoder Tr\u00f6gd<\/a><\/p>\n<p>Det g\u00e5r \u00e4ven bra att rapportera via webben, anv\u00e4ndarnamn och l\u00f6sen<\/p>\n<p style=\"line-height: 18.0pt\"><strong><span style=\"font-family: 'Georgia',serif;color: #333333\"><a href=\"https:\/\/viltrapport.wehuntapp.com\" target=\"_blank\" rel=\"noopener noreferrer\">Logga in p\u00e5 Viltrapport h\u00e4r!<\/a><\/span><\/strong><\/p>\n","protected":false},"excerpt":{"rendered":"<p>Sedan jakt\u00e5ret 2019 anv\u00e4nder Tr\u00f6gds \u00c4SO rapporteringssystemet Viltrapport f\u00f6r rapportering av avskjutning. Systemet h\u00e5ller \u00e4ven reda p\u00e5 tilldelning f\u00f6r jaktlagen, och man kan se detta och rapportera b\u00e5de via telefonappen Wehunt och dator. Tidigare har sk\u00f6tselomr\u00e5det anv\u00e4nt Vilth, men det \u00e4r nu uppk\u00f6pt av Wehunt och utvecklat till Viltrapport. Avskjutning som rapporteras i Viltrapport skickas [&hellip;]<\/p>\n","protected":false},"author":111,"featured_media":0,"parent":331,"menu_order":1,"comment_status":"closed","ping_status":"closed","template":"","meta":{"footnotes":""},"class_list":["post-659","page","type-page","status-publish","hentry"],"_links":{"self":[{"href":"https:\/\/krets.jagareforbundet.se\/trogd\/wp-json\/wp\/v2\/pages\/659","targetHints":{"allow":["GET"]}}],"collection":[{"href":"https:\/\/krets.jagareforbundet.se\/trogd\/wp-json\/wp\/v2\/pages"}],"about":[{"href":"https:\/\/krets.jagareforbundet.se\/trogd\/wp-json\/wp\/v2\/types\/page"}],"author":[{"embeddable":true,"href":"https:\/\/krets.jagareforbundet.se\/trogd\/wp-json\/wp\/v2\/users\/111"}],"replies":[{"embeddable":true,"href":"https:\/\/krets.jagareforbundet.se\/trogd\/wp-json\/wp\/v2\/comments?post=659"}],"version-history":[{"count":2,"href":"https:\/\/krets.jagareforbundet.se\/trogd\/wp-json\/wp\/v2\/pages\/659\/revisions"}],"predecessor-version":[{"id":891,"href":"https:\/\/krets.jagareforbundet.se\/trogd\/wp-json\/wp\/v2\/pages\/659\/revisions\/891"}],"up":[{"embeddable":true,"href":"https:\/\/krets.jagareforbundet.se\/trogd\/wp-json\/wp\/v2\/pages\/331"}],"wp:attachment":[{"href":"https:\/\/krets.jagareforbundet.se\/trogd\/wp-json\/wp\/v2\/media?parent=659"}],"curies":[{"name":"wp","href":"https:\/\/api.w.org\/{rel}","templated":true}]}}