{"id":994,"date":"2020-10-10T19:22:29","date_gmt":"2020-10-10T17:22:29","guid":{"rendered":"https:\/\/krets.jagareforbundet.se\/trogd\/?page_id=994"},"modified":"2020-10-10T19:22:29","modified_gmt":"2020-10-10T17:22:29","slug":"handlingsplan-alg","status":"publish","type":"page","link":"https:\/\/krets.jagareforbundet.se\/trogd\/algarenden\/handlingsplan-alg\/","title":{"rendered":"Handlingsplan \u00e4lg"},"content":{"rendered":"<p>Svenska J\u00e4garef\u00f6rbundet har uppr\u00e4ttat en ny handlingsplan f\u00f6r \u00e4lgf\u00f6rvaltningen. Vi uppmanar alla j\u00e4gare och andra intresserade att l\u00e4sa den f\u00f6r att f\u00e5 b\u00e4ttre f\u00f6rst\u00e5else f\u00f6r de resonemang och m\u00e5l som styr v\u00e5r f\u00f6rvaltning av v\u00e5rt viktigaste vilt!<\/p>\n<p>Se nedan f\u00f6r en l\u00e4nk till Svenska J\u00e4garef\u00f6rbundets handlingsplan:<\/p>\n<blockquote class=\"wp-embedded-content\" data-secret=\"cXZa8lzYMK\"><p><a href=\"https:\/\/svenskjakt.se\/start\/nyhet\/ny-handlingsplan-for-battre-algforvaltning\/\">Ny handlingsplan f\u00f6r b\u00e4ttre \u00e4lgf\u00f6rvaltning<\/a><\/p><\/blockquote>\n<p><iframe loading=\"lazy\" class=\"wp-embedded-content\" sandbox=\"allow-scripts\" security=\"restricted\" style=\"position: absolute; clip: rect(1px, 1px, 1px, 1px);\" title=\"\u201dNy handlingsplan f\u00f6r b\u00e4ttre \u00e4lgf\u00f6rvaltning\u201d &ndash; Svensk Jakt\" src=\"https:\/\/svenskjakt.se\/start\/nyhet\/ny-handlingsplan-for-battre-algforvaltning\/embed\/#?secret=kWofNlStTu#?secret=cXZa8lzYMK\" data-secret=\"cXZa8lzYMK\" width=\"500\" height=\"282\" frameborder=\"0\" marginwidth=\"0\" marginheight=\"0\" scrolling=\"no\"><\/iframe><\/p>\n<p><a href=\"https:\/\/jagareforbundet.se\/contentassets\/53e86687821348eb99bea6910746217f\/ny-handlingsplan-alg-for-hemisdan.pdf\">Klicka h\u00e4r f\u00f6r direktl\u00e4nk till pdf<\/a><\/p>\n","protected":false},"excerpt":{"rendered":"<p>Svenska J\u00e4garef\u00f6rbundet har uppr\u00e4ttat en ny handlingsplan f\u00f6r \u00e4lgf\u00f6rvaltningen. Vi uppmanar alla j\u00e4gare och andra intresserade att l\u00e4sa den f\u00f6r att f\u00e5 b\u00e4ttre f\u00f6rst\u00e5else f\u00f6r de resonemang och m\u00e5l som styr v\u00e5r f\u00f6rvaltning av v\u00e5rt viktigaste vilt! Se nedan f\u00f6r en l\u00e4nk till Svenska J\u00e4garef\u00f6rbundets handlingsplan: Ny handlingsplan f\u00f6r b\u00e4ttre \u00e4lgf\u00f6rvaltning Klicka h\u00e4r f\u00f6r direktl\u00e4nk [&hellip;]<\/p>\n","protected":false},"author":111,"featured_media":0,"parent":331,"menu_order":0,"comment_status":"closed","ping_status":"closed","template":"","meta":{"footnotes":""},"class_list":["post-994","page","type-page","status-publish","hentry"],"_links":{"self":[{"href":"https:\/\/krets.jagareforbundet.se\/trogd\/wp-json\/wp\/v2\/pages\/994","targetHints":{"allow":["GET"]}}],"collection":[{"href":"https:\/\/krets.jagareforbundet.se\/trogd\/wp-json\/wp\/v2\/pages"}],"about":[{"href":"https:\/\/krets.jagareforbundet.se\/trogd\/wp-json\/wp\/v2\/types\/page"}],"author":[{"embeddable":true,"href":"https:\/\/krets.jagareforbundet.se\/trogd\/wp-json\/wp\/v2\/users\/111"}],"replies":[{"embeddable":true,"href":"https:\/\/krets.jagareforbundet.se\/trogd\/wp-json\/wp\/v2\/comments?post=994"}],"version-history":[{"count":2,"href":"https:\/\/krets.jagareforbundet.se\/trogd\/wp-json\/wp\/v2\/pages\/994\/revisions"}],"predecessor-version":[{"id":996,"href":"https:\/\/krets.jagareforbundet.se\/trogd\/wp-json\/wp\/v2\/pages\/994\/revisions\/996"}],"up":[{"embeddable":true,"href":"https:\/\/krets.jagareforbundet.se\/trogd\/wp-json\/wp\/v2\/pages\/331"}],"wp:attachment":[{"href":"https:\/\/krets.jagareforbundet.se\/trogd\/wp-json\/wp\/v2\/media?parent=994"}],"curies":[{"name":"wp","href":"https:\/\/api.w.org\/{rel}","templated":true}]}}