{"id":139,"date":"2016-01-26T22:17:44","date_gmt":"2016-01-26T21:17:44","guid":{"rendered":"https:\/\/krets.jagareforbundet.se\/lillaedet\/?page_id=139"},"modified":"2024-02-27T18:09:27","modified_gmt":"2024-02-27T17:09:27","slug":"jakter","status":"publish","type":"page","link":"https:\/\/krets.jagareforbundet.se\/trollhattanlillaedet\/jakter\/","title":{"rendered":"Jakter"},"content":{"rendered":"<div class=\"header\">\n<p>&nbsp;<\/p>\n<p>Trollh\u00e4ttan Lilla Edets Jaktv\u00e5rdskrets kan, enligt ett jakt- och viltv\u00e5rdsavtal med Lilla Edets kommun\/LEIFAB, under h\u00f6sten och vintern erbjuda m\u00f6jlighet till jakt. Vi f\u00e5r enligt detta avtal disponera ca 400 hektar mark \u00f6ster om Lilla Edet i H\u00f6gstorpsomr\u00e5det. Vi erbjuder m\u00f6jlighet till jakt efter b\u00e5de \u00e4lg, r\u00e5djur och sm\u00e5vilt.<\/p>\n<\/div>\n<div class=\"paragraphs\">\n<div class=\"paragraph\">\n<div class=\"text\">\n<p>Jakterna kommer att s\u00e4ljas som kortjakt d\u00e4r jaktr\u00e4tten g\u00e4ller f\u00f6r en jaktdag. I f\u00f6rsta hand \u00e4r jakterna till f\u00f6r i prioriteringsordning; ungdomar som jagar under uppsikt, kvinnor, nyblivna och markl\u00f6sa j\u00e4gare. Om plats finns erbjuds \u00f6vriga j\u00e4gare att delta. Det hela leds och organiseras av Lilla Edets Jaktv\u00e5rdskrets som st\u00e4ller upp med jaktledare, hundf\u00f6rare och ev. efters\u00f6ksekipage.<\/p>\n<\/div>\n<p><span style=\"color: #ff0000\"><strong>Vid all jakt med kulvapen i kretsens regi, skall godk\u00e4nd uppskjutning p\u00e5 \u00e4lgbanan, ha skett under innevarande jakt\u00e5r!\u00a0<\/strong><\/span><\/p>\n<p>Vid \u00f6verteckning av antalet deltagare till jakterna kommer f\u00f6ljande prioritetsordning att till\u00e4mpas:<\/p>\n<\/div>\n<div class=\"paragraph\">\n<div class=\"text\">\n<ol>\n<li>Kvinnor, ungdomar i kommunen har f\u00f6rtur enligt\u00a0kommunfullm\u00e4ktiges beslut<\/li>\n<li>D\u00e4refter \u00f6vriga markl\u00f6sa i kommunen<\/li>\n<li>J\u00e4garskoleelever<\/li>\n<li>Resterande j\u00e4gare som varit med p\u00e5 arbetsdagar<\/li>\n<li>D\u00e4refter \u00f6vriga utanf\u00f6r kommunen<\/li>\n<\/ol>\n<\/div>\n<p>Vid jakterna f\u00f6rv\u00e4ntas deltagarna inklusive skytten \u00e4ven\u00a0att delta i omh\u00e4ndertagandet samt styckningen av f\u00e4llt vilt.<\/p>\n<\/div>\n<ul>\n<li><a href=\"https:\/\/krets.jagareforbundet.se\/trollhattanlillaedet\/jakter\/kommande-jakter\/\"><span style=\"color: #0000ff\">Kommande jakter<\/span><\/a><\/li>\n<li><a href=\"https:\/\/krets.jagareforbundet.se\/trollhattanlillaedet\/jakter\/priser-betalning\/\"><span style=\"color: #0000ff\">Priser &amp; betalning<\/span><\/a><\/li>\n<li><a href=\"https:\/\/krets.jagareforbundet.se\/trollhattanlillaedet\/jakter\/intresseanmalan\/\"><span style=\"color: #0000ff\">Intresseanm\u00e4lan<\/span><\/a><\/li>\n<\/ul>\n<\/div>\n","protected":false},"excerpt":{"rendered":"<p>&nbsp; Trollh\u00e4ttan Lilla Edets Jaktv\u00e5rdskrets kan, enligt ett jakt- och viltv\u00e5rdsavtal med Lilla Edets kommun\/LEIFAB, under h\u00f6sten och vintern erbjuda m\u00f6jlighet till jakt. Vi f\u00e5r enligt detta avtal disponera ca 400 hektar mark \u00f6ster om Lilla Edet i H\u00f6gstorpsomr\u00e5det. Vi erbjuder m\u00f6jlighet till jakt efter b\u00e5de \u00e4lg, r\u00e5djur och sm\u00e5vilt. Jakterna kommer att s\u00e4ljas som [&hellip;]<\/p>\n","protected":false},"author":239,"featured_media":0,"parent":0,"menu_order":3,"comment_status":"closed","ping_status":"closed","template":"","meta":{"jetpack_post_was_ever_published":false,"footnotes":""},"class_list":["post-139","page","type-page","status-publish","hentry"],"_links":{"self":[{"href":"https:\/\/krets.jagareforbundet.se\/trollhattanlillaedet\/wp-json\/wp\/v2\/pages\/139","targetHints":{"allow":["GET"]}}],"collection":[{"href":"https:\/\/krets.jagareforbundet.se\/trollhattanlillaedet\/wp-json\/wp\/v2\/pages"}],"about":[{"href":"https:\/\/krets.jagareforbundet.se\/trollhattanlillaedet\/wp-json\/wp\/v2\/types\/page"}],"author":[{"embeddable":true,"href":"https:\/\/krets.jagareforbundet.se\/trollhattanlillaedet\/wp-json\/wp\/v2\/users\/239"}],"replies":[{"embeddable":true,"href":"https:\/\/krets.jagareforbundet.se\/trollhattanlillaedet\/wp-json\/wp\/v2\/comments?post=139"}],"version-history":[{"count":2,"href":"https:\/\/krets.jagareforbundet.se\/trollhattanlillaedet\/wp-json\/wp\/v2\/pages\/139\/revisions"}],"predecessor-version":[{"id":403,"href":"https:\/\/krets.jagareforbundet.se\/trollhattanlillaedet\/wp-json\/wp\/v2\/pages\/139\/revisions\/403"}],"wp:attachment":[{"href":"https:\/\/krets.jagareforbundet.se\/trollhattanlillaedet\/wp-json\/wp\/v2\/media?parent=139"}],"curies":[{"name":"wp","href":"https:\/\/api.w.org\/{rel}","templated":true}]}}