{"id":143,"date":"2016-01-26T22:41:50","date_gmt":"2016-01-26T21:41:50","guid":{"rendered":"https:\/\/krets.jagareforbundet.se\/lillaedet\/?page_id=143"},"modified":"2024-03-15T15:15:14","modified_gmt":"2024-03-15T14:15:14","slug":"intresseanmalan","status":"publish","type":"page","link":"https:\/\/krets.jagareforbundet.se\/trollhattanlillaedet\/jakter\/intresseanmalan\/","title":{"rendered":"Intresseanm\u00e4lan"},"content":{"rendered":"<p>&nbsp;<\/p>\n<p>Fr\u00e5n och med den 1a Juli kan ni anm\u00e4la intresse f\u00f6r aktuellt jakt\u00e5r.<\/p>\n<p>M\u00e4rk meddelandet med rubriken &#8221;Jakt&#8221;. Din anm\u00e4lan medf\u00f6r att du visat intresse till jakt under hela det kommande jakt\u00e5ret och kan d\u00e4rmed komma att kontaktas n\u00e4r eventuella jakter\/platser finns att erbjudas.<\/p>\n<p><span style=\"color: #ff0000\">All jakt i kretsens regi bedrivs med utbildade jaktledare. F\u00f6r att f\u00e5 delta p\u00e5 jakterna kr\u00e4vs uppvisande av f\u00f6r det aktuella\u00a0<strong>jakt\u00e5ret giltigt (OBS! f.o.m. 1a Juli)<\/strong>:<\/span><\/p>\n<ul>\n<li><span style=\"color: #ff0000\">Statligt jaktkort<\/span><\/li>\n<li><span style=\"color: #ff0000\">Jaktf\u00f6rs\u00e4kring (ex medlemsbevis i n\u00e5got av j\u00e4garf\u00f6rbunden eller t ex en hemf\u00f6rs\u00e4kring d\u00e4r jaktf\u00f6rs\u00e4kring med ansvarsdel ing\u00e5r)<\/span><\/li>\n<\/ul>\n<p><span style=\"color: #ff0000\">Intyg fr\u00e5n godk\u00e4nd bronsserie p\u00e5 \u00e4lgbanan kr\u00e4vs och skall ej vara \u00e4ldre \u00e4n 14 m\u00e5nader. (G\u00e4ller vid all jakt med kulvapen)<\/span><\/p>\n<p>Ungdomar tom 25 \u00e5r jagar gratis. Vid jakterna f\u00f6rv\u00e4ntas deltagarna inkl. skytten delta i omh\u00e4ndertagandet samt styckningen av f\u00e4llt vilt.<\/p>\n<p>F\u00f6r mer detaljerad information ang. jakterna samt priser v.g se under fliken \u201dJakter\u201d i menyn.<\/p>\n<h2><strong><span style=\"color: #ff0000\"><a style=\"color: #ff0000\" href=\"https:\/\/krets.jagareforbundet.se\/trollhattanlillaedet\/kontakta-oss\/\">ANM\u00c4L H\u00c4R<\/a><\/span><\/strong><\/h2>\n<p>&nbsp;<\/p>\n","protected":false},"excerpt":{"rendered":"<p>&nbsp; Fr\u00e5n och med den 1a Juli kan ni anm\u00e4la intresse f\u00f6r aktuellt jakt\u00e5r. M\u00e4rk meddelandet med rubriken &#8221;Jakt&#8221;. Din anm\u00e4lan medf\u00f6r att du visat intresse till jakt under hela det kommande jakt\u00e5ret och kan d\u00e4rmed komma att kontaktas n\u00e4r eventuella jakter\/platser finns att erbjudas. All jakt i kretsens regi bedrivs med utbildade jaktledare. F\u00f6r [&hellip;]<\/p>\n","protected":false},"author":239,"featured_media":0,"parent":139,"menu_order":1,"comment_status":"closed","ping_status":"closed","template":"","meta":{"jetpack_post_was_ever_published":false,"footnotes":""},"class_list":["post-143","page","type-page","status-publish","hentry"],"_links":{"self":[{"href":"https:\/\/krets.jagareforbundet.se\/trollhattanlillaedet\/wp-json\/wp\/v2\/pages\/143","targetHints":{"allow":["GET"]}}],"collection":[{"href":"https:\/\/krets.jagareforbundet.se\/trollhattanlillaedet\/wp-json\/wp\/v2\/pages"}],"about":[{"href":"https:\/\/krets.jagareforbundet.se\/trollhattanlillaedet\/wp-json\/wp\/v2\/types\/page"}],"author":[{"embeddable":true,"href":"https:\/\/krets.jagareforbundet.se\/trollhattanlillaedet\/wp-json\/wp\/v2\/users\/239"}],"replies":[{"embeddable":true,"href":"https:\/\/krets.jagareforbundet.se\/trollhattanlillaedet\/wp-json\/wp\/v2\/comments?post=143"}],"version-history":[{"count":2,"href":"https:\/\/krets.jagareforbundet.se\/trollhattanlillaedet\/wp-json\/wp\/v2\/pages\/143\/revisions"}],"predecessor-version":[{"id":408,"href":"https:\/\/krets.jagareforbundet.se\/trollhattanlillaedet\/wp-json\/wp\/v2\/pages\/143\/revisions\/408"}],"up":[{"embeddable":true,"href":"https:\/\/krets.jagareforbundet.se\/trollhattanlillaedet\/wp-json\/wp\/v2\/pages\/139"}],"wp:attachment":[{"href":"https:\/\/krets.jagareforbundet.se\/trollhattanlillaedet\/wp-json\/wp\/v2\/media?parent=143"}],"curies":[{"name":"wp","href":"https:\/\/api.w.org\/{rel}","templated":true}]}}