{"id":148,"date":"2016-01-26T23:44:58","date_gmt":"2016-01-26T22:44:58","guid":{"rendered":"https:\/\/krets.jagareforbundet.se\/lillaedet\/?page_id=148"},"modified":"2018-03-28T22:56:11","modified_gmt":"2018-03-28T20:56:11","slug":"viltolycka","status":"publish","type":"page","link":"https:\/\/krets.jagareforbundet.se\/trollhattanlillaedet\/viltolycka\/","title":{"rendered":"Viltolycka"},"content":{"rendered":"<p>&nbsp;<\/p>\n<p><strong>Det \u00e4r enligt lag anm\u00e4lningsplikt vid all\u00a0<span style=\"text-decoration: underline\">sammanst\u00f6tning<\/span> mellan motorfordon och f\u00f6ljande vilt:<\/strong><br \/>\n<strong> Bj\u00f6rn, Varg, J\u00e4rv, Lodjur, \u00c4lg, Kronhjort, Dovdjort, R\u00e5djur, Utter, Vildsvin, Mufflonf\u00e5r, \u00d6rn.<\/strong><br \/>\n<strong> Detta g\u00e4ller oavsett om djuret \u00e4r d\u00f6tt, skadat <span style=\"text-decoration: underline\">eller synbart oskadat<\/span>!<\/strong><\/p>\n<p style=\"text-align: justify\">S\u00e5 h\u00e4r kommer lite tips som \u00e4r bra att ha med sig om olyckan \u00e4r framme:<\/p>\n<p style=\"text-align: justify\">Har du med dig en viltolycksremsa i bilen f\u00f6r att markera platsen?<br \/>\nBeh\u00e5ll lugnet, anv\u00e4nd varningsblinkers eller varningstriangel om det beh\u00f6vs.<\/p>\n<h1 style=\"text-align: center\"><strong>Ring <span style=\"color: #ff0000\">112<span style=\"color: #000000\">\u00a0<\/span><\/span><\/strong><strong style=\"font-size: 16px;line-height: 1.5\">&#8230; och l\u00e4mna all information som efterfr\u00e5gas!<\/strong><\/h1>\n<p>Var befinner du dig, v\u00e4gnummer, ort, k\u00e4nnem\u00e4rke, ev koordinater?<br \/>\nVad \u00e4r det f\u00f6r viltslag, om du har k\u00f6rt p\u00e5 flera djur, eller var det fler djur med vid olycksplatsen?<\/p>\n<p>M\u00e4rk upp platsen med viltolycksremsa\u00a0eller annan tydlig markering p\u00e5 den sida djuret f\u00f6rsvann?<br \/>\n(\u00c4ven om viltet ligger d\u00f6tt p\u00e5 platsen ska markering ske f\u00f6r att\u00a0informera att olyckan \u00e4r inrapporterad)<br \/>\nVid kollision med vildsvin eller stora rovdjur vidtag f\u00f6rsiktighet och g\u00f6r eventuellt markeringen p\u00e5\u00a0ca\u00a0100m\u00a0avst\u00e5nd, men gl\u00f6m inte att meddela detta i s\u00e5 fall!<br \/>\nL\u00e4mna namn, telefonnummer, registreringsnummer samt eventuella skador p\u00e5 bilen.<br \/>\nOm du \u00e4r intresserad s\u00e5 beg\u00e4r \u00e5terkoppling p\u00e5 resultatet av Polisen.<\/p>\n<p><span style=\"color: #0000ff\"><a style=\"color: #0000ff\" href=\"https:\/\/www.viltolycka.se\/service\/hamta-markeringsremsor\/\" target=\"_blank\" rel=\"noopener\">H\u00e4r kan du ladda ner och skriva ut markeringsremsan f\u00f6r viltolycka<\/a>\u00a0<span style=\"color: #000000\">(finns \u00e4ven att h\u00e4mta p\u00e5 bilprovningen).<\/span><\/span><br \/>\nSkriv ut remsan, vik och f\u00e4st ett sn\u00f6re eller ett gummiband i den f\u00f6rtryckta markeringen.<\/p>\n<p>Mer information och statistik hittar du p\u00e5 <span style=\"color: #0000ff\"><a style=\"color: #0000ff\" href=\"http:\/\/www.viltolycka.se\/hem\/\">Nationella Viltolycksr\u00e5dets<\/a><\/span> hemsida.<\/p>\n<p><strong>Hoppas det inte<\/strong><strong>\u00a0beh\u00f6ver h\u00e4nda!<\/strong><\/p>\n","protected":false},"excerpt":{"rendered":"<p>&nbsp; Det \u00e4r enligt lag anm\u00e4lningsplikt vid all\u00a0sammanst\u00f6tning mellan motorfordon och f\u00f6ljande vilt: Bj\u00f6rn, Varg, J\u00e4rv, Lodjur, \u00c4lg, Kronhjort, Dovdjort, R\u00e5djur, Utter, Vildsvin, Mufflonf\u00e5r, \u00d6rn. Detta g\u00e4ller oavsett om djuret \u00e4r d\u00f6tt, skadat eller synbart oskadat! S\u00e5 h\u00e4r kommer lite tips som \u00e4r bra att ha med sig om olyckan \u00e4r framme: Har du med [&hellip;]<\/p>\n","protected":false},"author":239,"featured_media":0,"parent":0,"menu_order":15,"comment_status":"closed","ping_status":"closed","template":"","meta":{"jetpack_post_was_ever_published":false,"footnotes":""},"class_list":["post-148","page","type-page","status-publish","hentry"],"_links":{"self":[{"href":"https:\/\/krets.jagareforbundet.se\/trollhattanlillaedet\/wp-json\/wp\/v2\/pages\/148","targetHints":{"allow":["GET"]}}],"collection":[{"href":"https:\/\/krets.jagareforbundet.se\/trollhattanlillaedet\/wp-json\/wp\/v2\/pages"}],"about":[{"href":"https:\/\/krets.jagareforbundet.se\/trollhattanlillaedet\/wp-json\/wp\/v2\/types\/page"}],"author":[{"embeddable":true,"href":"https:\/\/krets.jagareforbundet.se\/trollhattanlillaedet\/wp-json\/wp\/v2\/users\/239"}],"replies":[{"embeddable":true,"href":"https:\/\/krets.jagareforbundet.se\/trollhattanlillaedet\/wp-json\/wp\/v2\/comments?post=148"}],"version-history":[{"count":1,"href":"https:\/\/krets.jagareforbundet.se\/trollhattanlillaedet\/wp-json\/wp\/v2\/pages\/148\/revisions"}],"predecessor-version":[{"id":149,"href":"https:\/\/krets.jagareforbundet.se\/trollhattanlillaedet\/wp-json\/wp\/v2\/pages\/148\/revisions\/149"}],"wp:attachment":[{"href":"https:\/\/krets.jagareforbundet.se\/trollhattanlillaedet\/wp-json\/wp\/v2\/media?parent=148"}],"curies":[{"name":"wp","href":"https:\/\/api.w.org\/{rel}","templated":true}]}}