{"id":150,"date":"2016-01-27T00:07:31","date_gmt":"2016-01-26T23:07:31","guid":{"rendered":"https:\/\/krets.jagareforbundet.se\/lillaedet\/?page_id=150"},"modified":"2024-03-15T15:42:27","modified_gmt":"2024-03-15T14:42:27","slug":"priser-betalning","status":"publish","type":"page","link":"https:\/\/krets.jagareforbundet.se\/trollhattanlillaedet\/jakter\/priser-betalning\/","title":{"rendered":"Priser &amp; betalning"},"content":{"rendered":"<p>&nbsp;<\/p>\n<p><b><strong>Kostnad per jaktdag under kommande s\u00e4song:<\/strong><\/b><\/p>\n<p>Jaktdag:\u00a0 200:-<\/p>\n<p>R\u00e4vjakt Gratis.<br \/>\nTrof\u00e9er tillfaller skytten.<br \/>\nUngdomar, upp tom \u00e5ret man fyller 25 \u00e5r, jagar gratis.<\/p>\n<p><b><strong>Aktuellt\u00a0pris f\u00f6r viltk\u00f6tt fr\u00e5n jakterna:<br \/>\n<\/strong><\/b>K\u00f6ttpris \u00e4lgk\u00f6tt, hjort samt vildsvin: 60 kr\/kg, slaktvikt,\u00a0 (K\u00f6ttet s\u00e4ljs inom jaktlaget)<\/p>\n<p>R\u00e5djur: Vuxet djur: 500 kr, kid: 300 kr. (Skjutet r\u00e5djur skall k\u00f6pas av skytten)<\/p>\n<p>Vid jakterna f\u00f6rv\u00e4ntas deltagarna inklusive skytten att delta i omh\u00e4ndertagandet samt styckningen av f\u00e4llt vilt.<\/p>\n<p>SWISH (bekr\u00e4fta med aktuell jaktledare) alt. kontant betalning (tag med j\u00e4mna pengar) vid samlingen inf\u00f6r jakten.<\/p>\n<p>&nbsp;<\/p>\n","protected":false},"excerpt":{"rendered":"<p>&nbsp; Kostnad per jaktdag under kommande s\u00e4song: Jaktdag:\u00a0 200:- R\u00e4vjakt Gratis. Trof\u00e9er tillfaller skytten. Ungdomar, upp tom \u00e5ret man fyller 25 \u00e5r, jagar gratis. Aktuellt\u00a0pris f\u00f6r viltk\u00f6tt fr\u00e5n jakterna: K\u00f6ttpris \u00e4lgk\u00f6tt, hjort samt vildsvin: 60 kr\/kg, slaktvikt,\u00a0 (K\u00f6ttet s\u00e4ljs inom jaktlaget) R\u00e5djur: Vuxet djur: 500 kr, kid: 300 kr. (Skjutet r\u00e5djur skall k\u00f6pas av skytten) [&hellip;]<\/p>\n","protected":false},"author":239,"featured_media":0,"parent":139,"menu_order":0,"comment_status":"closed","ping_status":"closed","template":"","meta":{"jetpack_post_was_ever_published":false,"footnotes":""},"class_list":["post-150","page","type-page","status-publish","hentry"],"_links":{"self":[{"href":"https:\/\/krets.jagareforbundet.se\/trollhattanlillaedet\/wp-json\/wp\/v2\/pages\/150","targetHints":{"allow":["GET"]}}],"collection":[{"href":"https:\/\/krets.jagareforbundet.se\/trollhattanlillaedet\/wp-json\/wp\/v2\/pages"}],"about":[{"href":"https:\/\/krets.jagareforbundet.se\/trollhattanlillaedet\/wp-json\/wp\/v2\/types\/page"}],"author":[{"embeddable":true,"href":"https:\/\/krets.jagareforbundet.se\/trollhattanlillaedet\/wp-json\/wp\/v2\/users\/239"}],"replies":[{"embeddable":true,"href":"https:\/\/krets.jagareforbundet.se\/trollhattanlillaedet\/wp-json\/wp\/v2\/comments?post=150"}],"version-history":[{"count":3,"href":"https:\/\/krets.jagareforbundet.se\/trollhattanlillaedet\/wp-json\/wp\/v2\/pages\/150\/revisions"}],"predecessor-version":[{"id":410,"href":"https:\/\/krets.jagareforbundet.se\/trollhattanlillaedet\/wp-json\/wp\/v2\/pages\/150\/revisions\/410"}],"up":[{"embeddable":true,"href":"https:\/\/krets.jagareforbundet.se\/trollhattanlillaedet\/wp-json\/wp\/v2\/pages\/139"}],"wp:attachment":[{"href":"https:\/\/krets.jagareforbundet.se\/trollhattanlillaedet\/wp-json\/wp\/v2\/media?parent=150"}],"curies":[{"name":"wp","href":"https:\/\/api.w.org\/{rel}","templated":true}]}}