{"id":157,"date":"2016-01-28T15:26:20","date_gmt":"2016-01-28T14:26:20","guid":{"rendered":"https:\/\/krets.jagareforbundet.se\/lillaedet\/?page_id=157"},"modified":"2022-05-11T20:44:00","modified_gmt":"2022-05-11T18:44:00","slug":"rovdjur","status":"publish","type":"page","link":"https:\/\/krets.jagareforbundet.se\/trollhattanlillaedet\/rovdjur\/","title":{"rendered":"Rovdjur"},"content":{"rendered":"<h2><\/h2>\n<h2><strong>Har du sett varg, lo\u00a0eller sp\u00e5r av dessa rovdjur \u00e4r det viktigt att du rapporterar det snarast<\/strong><strong>!<\/strong><\/h2>\n<div class=\"TextImageContent\" id=\"1\">\n<p>Samtliga sp\u00e5r av varg och lodjur\u00a0\u00e4r intressanta under hela \u00e5ret!<br \/>\nRapportera direkt p\u00e5 <span style=\"color: #0000ff\"><a style=\"color: #0000ff\" title=\"Skandobs\" href=\"http:\/\/www.skandobs.se\/\" target=\"_blank\" rel=\"noopener\">Skandobs<\/a><\/span>.<br \/>\nDet \u00e4r s\u00e4rskilt viktigt att\u00a0ringa om du har sett:<\/p>\n<ul>\n<li>varg eller vargsp\u00e5r p\u00e5 sn\u00f6<\/li>\n<li>flera lodjur tillsammans under november-februari<\/li>\n<li>varg n\u00e4ra bebyggelse<\/li>\n<\/ul>\n<\/div>\n<p>Mer och aktuell information hittar du p\u00e5<span style=\"color: #0000ff\"> <a style=\"color: #0000ff\" href=\"https:\/\/www.lansstyrelsen.se\/vastra-gotaland\/privat\/djur-och-natur\/djur\/rovdjur.html\" target=\"_blank\" rel=\"noopener\">L\u00e4nsstyrelsens hemsida<\/a><\/span> inkl. deras publikation &#8221;Viltnytt&#8221;.<\/p>\n","protected":false},"excerpt":{"rendered":"<p>Har du sett varg, lo\u00a0eller sp\u00e5r av dessa rovdjur \u00e4r det viktigt att du rapporterar det snarast! Samtliga sp\u00e5r av varg och lodjur\u00a0\u00e4r intressanta under hela \u00e5ret! Rapportera direkt p\u00e5 Skandobs. Det \u00e4r s\u00e4rskilt viktigt att\u00a0ringa om du har sett: varg eller vargsp\u00e5r p\u00e5 sn\u00f6 flera lodjur tillsammans under november-februari varg n\u00e4ra bebyggelse Mer och [&hellip;]<\/p>\n","protected":false},"author":239,"featured_media":0,"parent":0,"menu_order":9,"comment_status":"closed","ping_status":"closed","template":"","meta":{"jetpack_post_was_ever_published":false,"footnotes":""},"class_list":["post-157","page","type-page","status-publish","hentry"],"_links":{"self":[{"href":"https:\/\/krets.jagareforbundet.se\/trollhattanlillaedet\/wp-json\/wp\/v2\/pages\/157","targetHints":{"allow":["GET"]}}],"collection":[{"href":"https:\/\/krets.jagareforbundet.se\/trollhattanlillaedet\/wp-json\/wp\/v2\/pages"}],"about":[{"href":"https:\/\/krets.jagareforbundet.se\/trollhattanlillaedet\/wp-json\/wp\/v2\/types\/page"}],"author":[{"embeddable":true,"href":"https:\/\/krets.jagareforbundet.se\/trollhattanlillaedet\/wp-json\/wp\/v2\/users\/239"}],"replies":[{"embeddable":true,"href":"https:\/\/krets.jagareforbundet.se\/trollhattanlillaedet\/wp-json\/wp\/v2\/comments?post=157"}],"version-history":[{"count":3,"href":"https:\/\/krets.jagareforbundet.se\/trollhattanlillaedet\/wp-json\/wp\/v2\/pages\/157\/revisions"}],"predecessor-version":[{"id":356,"href":"https:\/\/krets.jagareforbundet.se\/trollhattanlillaedet\/wp-json\/wp\/v2\/pages\/157\/revisions\/356"}],"wp:attachment":[{"href":"https:\/\/krets.jagareforbundet.se\/trollhattanlillaedet\/wp-json\/wp\/v2\/media?parent=157"}],"curies":[{"name":"wp","href":"https:\/\/api.w.org\/{rel}","templated":true}]}}