{"id":2,"date":"2011-09-07T09:28:43","date_gmt":"2011-09-07T09:28:43","guid":{"rendered":"https:\/\/krets.jagareforbundet.se\/template\/?page_id=2"},"modified":"2019-03-27T22:27:40","modified_gmt":"2019-03-27T21:27:40","slug":"exempelsida","status":"publish","type":"page","link":"https:\/\/krets.jagareforbundet.se\/trollhattanlillaedet\/","title":{"rendered":"V\u00c4LKOMMEN till Trollh\u00e4ttan och Lilla Edets jaktv\u00e5rdskrets"},"content":{"rendered":"<p><a href=\"https:\/\/krets.jagareforbundet.se\/trollhattanlillaedet\/files\/2019\/03\/framsida2.jpg\"><img loading=\"lazy\" decoding=\"async\" class=\"alignnone size-large wp-image-258\" src=\"https:\/\/krets.jagareforbundet.se\/trollhattanlillaedet\/files\/2019\/03\/framsida2-1024x1024.jpg\" alt=\"\" width=\"1024\" height=\"1024\" srcset=\"https:\/\/krets.jagareforbundet.se\/trollhattanlillaedet\/files\/2019\/03\/framsida2-1024x1024.jpg 1024w, https:\/\/krets.jagareforbundet.se\/trollhattanlillaedet\/files\/2019\/03\/framsida2-150x150.jpg 150w, https:\/\/krets.jagareforbundet.se\/trollhattanlillaedet\/files\/2019\/03\/framsida2-300x300.jpg 300w, https:\/\/krets.jagareforbundet.se\/trollhattanlillaedet\/files\/2019\/03\/framsida2-768x768.jpg 768w, https:\/\/krets.jagareforbundet.se\/trollhattanlillaedet\/files\/2019\/03\/framsida2.jpg 1800w\" sizes=\"auto, (max-width: 1024px) 100vw, 1024px\" \/><\/a><\/p>\n<h3 style=\"text-align: center\"><span style=\"color: #ff6600\">\u00a0<span class=\"shortcode-highlight\">Trollh\u00e4ttan Lilla Edets Jaktv\u00e5rdskrets<\/span><!--\/.shortcode-highlight--><\/span><\/h3>\n<h4 style=\"text-align: left\"><\/h4>\n<p>&nbsp;<\/p>\n<h4>Gl\u00f6m inte bort att anm\u00e4la intresse f\u00f6r \u00e5rets jakter som planeras l\u00f6pande!<\/h4>\n<h4><span style=\"color: #0000ff\"><em><a style=\"color: #0000ff\" href=\"https:\/\/krets.jagareforbundet.se\/trollhattanlillaedet\/jakter\/intresseanmalan\/\">Intresseanm\u00e4lan<\/a><\/em><\/span><\/h4>\n<p>&nbsp;<\/p>\n<p>&nbsp;<\/p>\n<h4><em><span style=\"color: #ff6600\">F\u00f6lj oss p\u00e5 Facebook och h\u00e5ll dig uppdaterad kring evenemang i din n\u00e4rhet<\/span><\/em><\/h4>\n<ul>\n<li><span style=\"color: #ff6600\"><a style=\"color: #ff6600\" href=\"https:\/\/www.facebook.com\/groups\/416572101878503\/?ref=bookmarks\">https:\/\/www.facebook.com\/groups\/416572101878503\/?ref=bookmarks<\/a><\/span><\/li>\n<\/ul>\n<p>&nbsp;<\/p>\n<p>&nbsp;<\/p>\n<p>&nbsp;<\/p>\n<h3><\/h3>\n<h2><\/h2>\n<h2><\/h2>\n<p>&nbsp;<\/p>\n<h4><\/h4>\n<p>&nbsp;<\/p>\n<h2><\/h2>\n<h2><\/h2>\n<p><span style=\"color: #0000ff\">\u00a0<\/span><\/p>\n<p>&nbsp;<\/p>\n<h2><\/h2>\n","protected":false},"excerpt":{"rendered":"<p>\u00a0 &nbsp; Gl\u00f6m inte bort att anm\u00e4la intresse f\u00f6r \u00e5rets jakter som planeras l\u00f6pande! Intresseanm\u00e4lan &nbsp; &nbsp; F\u00f6lj oss p\u00e5 Facebook och h\u00e5ll dig uppdaterad kring evenemang i din n\u00e4rhet https:\/\/www.facebook.com\/groups\/416572101878503\/?ref=bookmarks &nbsp; &nbsp; &nbsp; &nbsp; &nbsp; \u00a0 &nbsp;<\/p>\n","protected":false},"author":3,"featured_media":0,"parent":0,"menu_order":0,"comment_status":"open","ping_status":"open","template":"","meta":{"jetpack_post_was_ever_published":false,"footnotes":""},"class_list":["post-2","page","type-page","status-publish","hentry"],"_links":{"self":[{"href":"https:\/\/krets.jagareforbundet.se\/trollhattanlillaedet\/wp-json\/wp\/v2\/pages\/2","targetHints":{"allow":["GET"]}}],"collection":[{"href":"https:\/\/krets.jagareforbundet.se\/trollhattanlillaedet\/wp-json\/wp\/v2\/pages"}],"about":[{"href":"https:\/\/krets.jagareforbundet.se\/trollhattanlillaedet\/wp-json\/wp\/v2\/types\/page"}],"author":[{"embeddable":true,"href":"https:\/\/krets.jagareforbundet.se\/trollhattanlillaedet\/wp-json\/wp\/v2\/users\/3"}],"replies":[{"embeddable":true,"href":"https:\/\/krets.jagareforbundet.se\/trollhattanlillaedet\/wp-json\/wp\/v2\/comments?post=2"}],"version-history":[{"count":1,"href":"https:\/\/krets.jagareforbundet.se\/trollhattanlillaedet\/wp-json\/wp\/v2\/pages\/2\/revisions"}],"predecessor-version":[{"id":135,"href":"https:\/\/krets.jagareforbundet.se\/trollhattanlillaedet\/wp-json\/wp\/v2\/pages\/2\/revisions\/135"}],"wp:attachment":[{"href":"https:\/\/krets.jagareforbundet.se\/trollhattanlillaedet\/wp-json\/wp\/v2\/media?parent=2"}],"curies":[{"name":"wp","href":"https:\/\/api.w.org\/{rel}","templated":true}]}}