{"id":28,"date":"2011-09-09T08:06:13","date_gmt":"2011-09-09T06:06:13","guid":{"rendered":"https:\/\/krets.jagareforbundet.se\/template\/?page_id=28"},"modified":"2018-05-10T20:57:21","modified_gmt":"2018-05-10T18:57:21","slug":"kontakta-oss","status":"publish","type":"page","link":"https:\/\/krets.jagareforbundet.se\/trollhattanlillaedet\/kontakta-oss\/","title":{"rendered":"Kontakta oss"},"content":{"rendered":"<h2>Hej och v\u00e4lkommen till att kontakta styrelsen inom Trollh\u00e4ttan och Lilla Edets jaktv\u00e5rdskrets.<\/h2>\n<h4>Innan du kontaktar kretsens styrelse via formul\u00e4ret nedan \u00e4r det viktigt f\u00f6r oss att veta vad ditt \u00e4rende g\u00e4ller.<\/h4>\n<hr \/>\n<p><span style=\"color: #ff6600\">\u21d2Vid \u00f6vriga fr\u00e5gor<\/span> m\u00e4rk meddelandet med\u00a0 rubriken &#8221;\u00f6vrig fr\u00e5ga&#8221;.<\/p>\n<hr \/>\n<p>Fr\u00e5n och med den 1a Juli kan ni anm\u00e4la intresse f\u00f6r aktuellt jakt\u00e5r.<\/p>\n<p><span style=\"color: #ff6600\">\u21d2Vid Jaktintresse<\/span> m\u00e4rker ni meddelandet med rubriken &#8221;Jakt&#8221;. Det \u00e4r viktigt f\u00f6r dig att veta att din anm\u00e4lan medf\u00f6r att du visat intresse till jakt under hela det kommande jakt\u00e5ret och inte enbart till en enskild jakt. Du kan d\u00e4rmed komma att kontaktas n\u00e4r eventuella platser finns f\u00f6r att f\u00e5\/ge besked om ditt deltagande.<\/p>\n<p><span style=\"color: #ff0000\">\u2192Vid kulvapens jakt ska du medf\u00f6ra en f\u00f6r jakt\u00e5ret godk\u00e4nd bronsserie p\u00e5 \u00e4lgbanan.<\/span> \u00d6vrig information som jaktintresserad m\u00e5ste delge i sitt meddelande f\u00f6ljer nedan:<\/p>\n<ul>\n<li style=\"list-style-type: none\">\n<ul>\n<li>Namn<\/li>\n<li>Adress<\/li>\n<li>Telefonnummer<\/li>\n<li>\u00c5lder<\/li>\n<li>En kortfattad redog\u00f6relse av era jaktliga erfarenheter. Skriv \u00e4ven vilken typ av jakt du \u00f6nskar delta i.<\/li>\n<\/ul>\n<\/li>\n<\/ul>\n<hr \/>\n<p>&nbsp;<\/p>\n","protected":false},"excerpt":{"rendered":"<p>Hej och v\u00e4lkommen till att kontakta styrelsen inom Trollh\u00e4ttan och Lilla Edets jaktv\u00e5rdskrets. Innan du kontaktar kretsens styrelse via formul\u00e4ret nedan \u00e4r det viktigt f\u00f6r oss att veta vad ditt \u00e4rende g\u00e4ller. \u21d2Vid \u00f6vriga fr\u00e5gor m\u00e4rk meddelandet med\u00a0 rubriken &#8221;\u00f6vrig fr\u00e5ga&#8221;. Fr\u00e5n och med den 1a Juli kan ni anm\u00e4la intresse f\u00f6r aktuellt jakt\u00e5r. \u21d2Vid [&hellip;]<\/p>\n","protected":false},"author":3,"featured_media":0,"parent":0,"menu_order":19,"comment_status":"open","ping_status":"closed","template":"template-contact.php","meta":{"jetpack_post_was_ever_published":false,"footnotes":""},"class_list":["post-28","page","type-page","status-publish","hentry"],"_links":{"self":[{"href":"https:\/\/krets.jagareforbundet.se\/trollhattanlillaedet\/wp-json\/wp\/v2\/pages\/28","targetHints":{"allow":["GET"]}}],"collection":[{"href":"https:\/\/krets.jagareforbundet.se\/trollhattanlillaedet\/wp-json\/wp\/v2\/pages"}],"about":[{"href":"https:\/\/krets.jagareforbundet.se\/trollhattanlillaedet\/wp-json\/wp\/v2\/types\/page"}],"author":[{"embeddable":true,"href":"https:\/\/krets.jagareforbundet.se\/trollhattanlillaedet\/wp-json\/wp\/v2\/users\/3"}],"replies":[{"embeddable":true,"href":"https:\/\/krets.jagareforbundet.se\/trollhattanlillaedet\/wp-json\/wp\/v2\/comments?post=28"}],"version-history":[{"count":1,"href":"https:\/\/krets.jagareforbundet.se\/trollhattanlillaedet\/wp-json\/wp\/v2\/pages\/28\/revisions"}],"predecessor-version":[{"id":151,"href":"https:\/\/krets.jagareforbundet.se\/trollhattanlillaedet\/wp-json\/wp\/v2\/pages\/28\/revisions\/151"}],"wp:attachment":[{"href":"https:\/\/krets.jagareforbundet.se\/trollhattanlillaedet\/wp-json\/wp\/v2\/media?parent=28"}],"curies":[{"name":"wp","href":"https:\/\/api.w.org\/{rel}","templated":true}]}}