{"id":38,"date":"2011-09-09T08:13:57","date_gmt":"2011-09-09T06:13:57","guid":{"rendered":"https:\/\/krets.jagareforbundet.se\/template\/?page_id=38"},"modified":"2020-02-16T20:31:26","modified_gmt":"2020-02-16T19:31:26","slug":"bildgalleri","status":"publish","type":"page","link":"https:\/\/krets.jagareforbundet.se\/trollhattanlillaedet\/bildgalleri\/","title":{"rendered":"Bildgalleri"},"content":{"rendered":"<p><span style=\"color: #0000ff\">\u00c5rsm\u00f6te 2020<\/span><\/p>\n<p>L\u00e4nk till film om viltf\u00f6rvaltning och biotopf\u00f6rb\u00e4ttringar:<\/p>\n<p><a href=\"https:\/\/www.youtube.com\/results?search_query=vild+och+bortsk%C3%A4md\">https:\/\/www.youtube.com\/results?search_query=vild+och+bortsk%C3%A4md<\/a><\/p>\n<p><a href=\"https:\/\/krets.jagareforbundet.se\/trollhattanlillaedet\/files\/2020\/02\/bild4.jpg\"><img loading=\"lazy\" decoding=\"async\" class=\"alignnone size-large wp-image-303\" src=\"https:\/\/krets.jagareforbundet.se\/trollhattanlillaedet\/files\/2020\/02\/bild4-1024x924.jpg\" alt=\"\" width=\"1024\" height=\"924\" srcset=\"https:\/\/krets.jagareforbundet.se\/trollhattanlillaedet\/files\/2020\/02\/bild4-1024x924.jpg 1024w, https:\/\/krets.jagareforbundet.se\/trollhattanlillaedet\/files\/2020\/02\/bild4-300x271.jpg 300w, https:\/\/krets.jagareforbundet.se\/trollhattanlillaedet\/files\/2020\/02\/bild4-768x693.jpg 768w, https:\/\/krets.jagareforbundet.se\/trollhattanlillaedet\/files\/2020\/02\/bild4.jpg 1280w\" sizes=\"auto, (max-width: 1024px) 100vw, 1024px\" \/><\/a><\/p>\n<p><a href=\"https:\/\/krets.jagareforbundet.se\/trollhattanlillaedet\/files\/2019\/05\/jagarc2.jpg\">J\u00e4garCaf\u00e9\u00a0 15\/5 2019 i Samarbete med Interjakt och Normark. <img loading=\"lazy\" decoding=\"async\" class=\"alignnone size-large wp-image-286\" src=\"https:\/\/krets.jagareforbundet.se\/trollhattanlillaedet\/files\/2019\/05\/jagarc2-1024x1024.jpg\" alt=\"\" width=\"1024\" height=\"1024\" srcset=\"https:\/\/krets.jagareforbundet.se\/trollhattanlillaedet\/files\/2019\/05\/jagarc2-1024x1024.jpg 1024w, https:\/\/krets.jagareforbundet.se\/trollhattanlillaedet\/files\/2019\/05\/jagarc2-150x150.jpg 150w, https:\/\/krets.jagareforbundet.se\/trollhattanlillaedet\/files\/2019\/05\/jagarc2-300x300.jpg 300w, https:\/\/krets.jagareforbundet.se\/trollhattanlillaedet\/files\/2019\/05\/jagarc2-768x768.jpg 768w, https:\/\/krets.jagareforbundet.se\/trollhattanlillaedet\/files\/2019\/05\/jagarc2.jpg 1080w\" sizes=\"auto, (max-width: 1024px) 100vw, 1024px\" \/><\/a><a href=\"https:\/\/krets.jagareforbundet.se\/trollhattanlillaedet\/files\/2019\/05\/jagarbild.jpg\">J\u00e4garCaf\u00e9 jaktskyttarna Trollh\u00e4ttan 15\/5 2019<img loading=\"lazy\" decoding=\"async\" class=\"alignnone size-large wp-image-284\" src=\"https:\/\/krets.jagareforbundet.se\/trollhattanlillaedet\/files\/2019\/05\/jagarbild-1024x1024.jpg\" alt=\"\" width=\"1024\" height=\"1024\" srcset=\"https:\/\/krets.jagareforbundet.se\/trollhattanlillaedet\/files\/2019\/05\/jagarbild-1024x1024.jpg 1024w, https:\/\/krets.jagareforbundet.se\/trollhattanlillaedet\/files\/2019\/05\/jagarbild-150x150.jpg 150w, https:\/\/krets.jagareforbundet.se\/trollhattanlillaedet\/files\/2019\/05\/jagarbild-300x300.jpg 300w, https:\/\/krets.jagareforbundet.se\/trollhattanlillaedet\/files\/2019\/05\/jagarbild-768x768.jpg 768w, https:\/\/krets.jagareforbundet.se\/trollhattanlillaedet\/files\/2019\/05\/jagarbild.jpg 1080w\" sizes=\"auto, (max-width: 1024px) 100vw, 1024px\" \/><\/a><\/p>\n<p>&nbsp;<\/p>\n","protected":false},"excerpt":{"rendered":"<p>\u00c5rsm\u00f6te 2020 L\u00e4nk till film om viltf\u00f6rvaltning och biotopf\u00f6rb\u00e4ttringar: https:\/\/www.youtube.com\/results?search_query=vild+och+bortsk%C3%A4md J\u00e4garCaf\u00e9\u00a0 15\/5 2019 i Samarbete med Interjakt och Normark. J\u00e4garCaf\u00e9 jaktskyttarna Trollh\u00e4ttan 15\/5 2019 &nbsp;<\/p>\n","protected":false},"author":3,"featured_media":0,"parent":0,"menu_order":17,"comment_status":"open","ping_status":"closed","template":"","meta":{"jetpack_post_was_ever_published":false,"footnotes":""},"class_list":["post-38","page","type-page","status-publish","hentry"],"_links":{"self":[{"href":"https:\/\/krets.jagareforbundet.se\/trollhattanlillaedet\/wp-json\/wp\/v2\/pages\/38","targetHints":{"allow":["GET"]}}],"collection":[{"href":"https:\/\/krets.jagareforbundet.se\/trollhattanlillaedet\/wp-json\/wp\/v2\/pages"}],"about":[{"href":"https:\/\/krets.jagareforbundet.se\/trollhattanlillaedet\/wp-json\/wp\/v2\/types\/page"}],"author":[{"embeddable":true,"href":"https:\/\/krets.jagareforbundet.se\/trollhattanlillaedet\/wp-json\/wp\/v2\/users\/3"}],"replies":[{"embeddable":true,"href":"https:\/\/krets.jagareforbundet.se\/trollhattanlillaedet\/wp-json\/wp\/v2\/comments?post=38"}],"version-history":[{"count":2,"href":"https:\/\/krets.jagareforbundet.se\/trollhattanlillaedet\/wp-json\/wp\/v2\/pages\/38\/revisions"}],"predecessor-version":[{"id":304,"href":"https:\/\/krets.jagareforbundet.se\/trollhattanlillaedet\/wp-json\/wp\/v2\/pages\/38\/revisions\/304"}],"wp:attachment":[{"href":"https:\/\/krets.jagareforbundet.se\/trollhattanlillaedet\/wp-json\/wp\/v2\/media?parent=38"}],"curies":[{"name":"wp","href":"https:\/\/api.w.org\/{rel}","templated":true}]}}