{"id":412,"date":"2025-01-06T11:53:19","date_gmt":"2025-01-06T10:53:19","guid":{"rendered":"https:\/\/krets.jagareforbundet.se\/trollhattanlillaedet\/?page_id=412"},"modified":"2026-01-20T14:37:18","modified_gmt":"2026-01-20T13:37:18","slug":"anmalan-arsmote-2026","status":"publish","type":"page","link":"https:\/\/krets.jagareforbundet.se\/trollhattanlillaedet\/anmalan-arsmote-2026\/","title":{"rendered":"Anm\u00e4lan \u00c5rsm\u00f6te 2026"},"content":{"rendered":"<p>Kallelse till \u00c5rsm\u00f6te i Trollh\u00e4ttan och Lilla Edet jaktv\u00e5rdskrets.<\/p>\n<p>M\u00f6tet kommer att h\u00e5llas Tisdag 10 februari kl 19:00 i klubbstugan f\u00f6r Jaktskyttarna, Trollh\u00e4ttan.<\/p>\n<p>Alla medlemmar \u00e4r v\u00e4lkomna, men f\u00f6r att f\u00e5 mat kr\u00e4vs f\u00f6ranm\u00e4lan senast 27 Jan.<\/p>\n<p><strong>Maten serveras kl 18:00 till de som \u00e4r f\u00f6ranm\u00e4lda, och m\u00f6tet b\u00f6rjar kl 19:00.<\/strong><\/p>\n<p>F\u00f6ranm\u00e4lan g\u00f6rs nedan, skriv &#8221;\u00c5rsm\u00f6te&#8221; samt ange om du anm\u00e4ler f\u00f6r bara dig eller flera samt om det \u00e4r n\u00e5gra allergier.<\/p>\n<p>Varmt v\u00e4lkomna \u00f6nskar<br \/>\nStyrelsen Trollh\u00e4ttan Lilla-Edet JVK<\/p>\n<p>&nbsp;<\/p>\n","protected":false},"excerpt":{"rendered":"<p>Kallelse till \u00c5rsm\u00f6te i Trollh\u00e4ttan och Lilla Edet jaktv\u00e5rdskrets. M\u00f6tet kommer att h\u00e5llas Tisdag 10 februari kl 19:00 i klubbstugan f\u00f6r Jaktskyttarna, Trollh\u00e4ttan. Alla medlemmar \u00e4r v\u00e4lkomna, men f\u00f6r att f\u00e5 mat kr\u00e4vs f\u00f6ranm\u00e4lan senast 27 Jan. Maten serveras kl 18:00 till de som \u00e4r f\u00f6ranm\u00e4lda, och m\u00f6tet b\u00f6rjar kl 19:00. F\u00f6ranm\u00e4lan g\u00f6rs nedan, skriv [&hellip;]<\/p>\n","protected":false},"author":239,"featured_media":0,"parent":0,"menu_order":20,"comment_status":"closed","ping_status":"closed","template":"template-contact.php","meta":{"jetpack_post_was_ever_published":true,"footnotes":""},"class_list":["post-412","page","type-page","status-publish","hentry"],"_links":{"self":[{"href":"https:\/\/krets.jagareforbundet.se\/trollhattanlillaedet\/wp-json\/wp\/v2\/pages\/412","targetHints":{"allow":["GET"]}}],"collection":[{"href":"https:\/\/krets.jagareforbundet.se\/trollhattanlillaedet\/wp-json\/wp\/v2\/pages"}],"about":[{"href":"https:\/\/krets.jagareforbundet.se\/trollhattanlillaedet\/wp-json\/wp\/v2\/types\/page"}],"author":[{"embeddable":true,"href":"https:\/\/krets.jagareforbundet.se\/trollhattanlillaedet\/wp-json\/wp\/v2\/users\/239"}],"replies":[{"embeddable":true,"href":"https:\/\/krets.jagareforbundet.se\/trollhattanlillaedet\/wp-json\/wp\/v2\/comments?post=412"}],"version-history":[{"count":4,"href":"https:\/\/krets.jagareforbundet.se\/trollhattanlillaedet\/wp-json\/wp\/v2\/pages\/412\/revisions"}],"predecessor-version":[{"id":443,"href":"https:\/\/krets.jagareforbundet.se\/trollhattanlillaedet\/wp-json\/wp\/v2\/pages\/412\/revisions\/443"}],"wp:attachment":[{"href":"https:\/\/krets.jagareforbundet.se\/trollhattanlillaedet\/wp-json\/wp\/v2\/media?parent=412"}],"curies":[{"name":"wp","href":"https:\/\/api.w.org\/{rel}","templated":true}]}}