{"id":131,"date":"2013-05-21T14:51:56","date_gmt":"2013-05-21T12:51:56","guid":{"rendered":"https:\/\/krets.jagareforbundet.se\/uddevallanejden\/?page_id=131"},"modified":"2024-02-21T18:20:26","modified_gmt":"2024-02-21T17:20:26","slug":"jaktmarkerkortjakt-2","status":"publish","type":"page","link":"https:\/\/krets.jagareforbundet.se\/uddevallanejden\/jaktmarkerkortjakt-2\/","title":{"rendered":"Jaktmarker"},"content":{"rendered":"<p><strong>Kretsen erbjuder sm\u00e5viltjakt.<\/strong><\/p>\n<p>Kretsen arrenderar jaktmark p\u00e5 Herrestadsfj\u00e4llet 313 ha och Glimmingen ca: 350 ha av Uddevalla kommun. Kretsen arrangerar jakt f\u00f6r medlemmar i svenska j\u00e4garf\u00f6rbundet vid x tillf\u00e4llen. Jakten bedrivs fr\u00e4mst som r\u00e5djursjakt men \u00e4ven hare och r\u00e4v jagas. Kretsen har d\u00e5 utsedda jaktledare och hundf\u00f6rare som sk\u00f6ter jakten.\u00a0 Kostnad 200 :-, f\u00e4llavgift tillkommer. Datum och tider l\u00e4ggs ut h\u00e4r och\/eller p\u00e5 kretsens Facebook sida.<\/p>\n<p>F\u00e4llavgifter<br \/>\nR\u00e5djur:\u00a0 400:-<br \/>\nPyrchbock 500:-<br \/>\nHare 150:-<\/p>\n<p>F\u00f6ruts\u00e4ttningar pyrchjakt r\u00e5djur<br \/>\n1\/2 dag morgon 04.00-12.00\u00a0\u00a0\u00a0 Kv\u00e4ll 1200-2100. \u00a0200:- per tillf\u00e4lle. F\u00e4llavgift tillkommer.<br \/>\nTillg\u00e5ng till efters\u00f6kshund inom en timme ska finnas. Kretsen kan vara behj\u00e4lplig med kontaktuppgifter till efters\u00f6ks ekipage.<\/p>\n<p>Vid fr\u00e5gor och anm\u00e4lan maila till\u00a0\u00a0<a href=\"mailto:uddevallajakt@gmail.com\">uddevallajakt@gmail.com<\/a><\/p>\n<p>&nbsp;<\/p>\n","protected":false},"excerpt":{"rendered":"<p>Kretsen erbjuder sm\u00e5viltjakt. Kretsen arrenderar jaktmark p\u00e5 Herrestadsfj\u00e4llet 313 ha och Glimmingen ca: 350 ha av Uddevalla kommun. Kretsen arrangerar jakt f\u00f6r medlemmar i svenska j\u00e4garf\u00f6rbundet vid x tillf\u00e4llen. Jakten bedrivs fr\u00e4mst som r\u00e5djursjakt men \u00e4ven hare och r\u00e4v jagas. Kretsen har d\u00e5 utsedda jaktledare och hundf\u00f6rare som sk\u00f6ter jakten.\u00a0 Kostnad 200 :-, f\u00e4llavgift tillkommer. [&hellip;]<\/p>\n","protected":false},"author":116,"featured_media":0,"parent":0,"menu_order":10,"comment_status":"open","ping_status":"open","template":"","meta":{"footnotes":""},"class_list":["post-131","page","type-page","status-publish","hentry"],"_links":{"self":[{"href":"https:\/\/krets.jagareforbundet.se\/uddevallanejden\/wp-json\/wp\/v2\/pages\/131","targetHints":{"allow":["GET"]}}],"collection":[{"href":"https:\/\/krets.jagareforbundet.se\/uddevallanejden\/wp-json\/wp\/v2\/pages"}],"about":[{"href":"https:\/\/krets.jagareforbundet.se\/uddevallanejden\/wp-json\/wp\/v2\/types\/page"}],"author":[{"embeddable":true,"href":"https:\/\/krets.jagareforbundet.se\/uddevallanejden\/wp-json\/wp\/v2\/users\/116"}],"replies":[{"embeddable":true,"href":"https:\/\/krets.jagareforbundet.se\/uddevallanejden\/wp-json\/wp\/v2\/comments?post=131"}],"version-history":[{"count":3,"href":"https:\/\/krets.jagareforbundet.se\/uddevallanejden\/wp-json\/wp\/v2\/pages\/131\/revisions"}],"predecessor-version":[{"id":513,"href":"https:\/\/krets.jagareforbundet.se\/uddevallanejden\/wp-json\/wp\/v2\/pages\/131\/revisions\/513"}],"wp:attachment":[{"href":"https:\/\/krets.jagareforbundet.se\/uddevallanejden\/wp-json\/wp\/v2\/media?parent=131"}],"curies":[{"name":"wp","href":"https:\/\/api.w.org\/{rel}","templated":true}]}}