{"id":141,"date":"2013-05-21T15:08:33","date_gmt":"2013-05-21T13:08:33","guid":{"rendered":"https:\/\/krets.jagareforbundet.se\/uddevallanejden\/?page_id=141"},"modified":"2023-03-26T19:42:40","modified_gmt":"2023-03-26T17:42:40","slug":"algskotselomraden","status":"publish","type":"page","link":"https:\/\/krets.jagareforbundet.se\/uddevallanejden\/algskotselomraden\/","title":{"rendered":"\u00c4lgsk\u00f6tselomr\u00e5den"},"content":{"rendered":"<p>I Uddevallanejdns krets ing\u00e5r f\u00f6ljande \u00c4SO.<\/p>\n<p>Forsh\u00e4lla \u00c4lgsk\u00f6tselomr\u00e5de.\u00a0<a href=\"http:\/\/www.forshallaalg.se\/\">http:\/\/www.forshallaalg.se\/<\/a><\/p>\n<p>Fr\u00e4nde\/Lane-\u00c4SO<\/p>\n<p>Uddevalla Norra \u00c4SO<\/p>\n<p>&nbsp;<\/p>\n<p>Kommer att uppdateras med kontaktinformation mm.<\/p>\n","protected":false},"excerpt":{"rendered":"<p>I Uddevallanejdns krets ing\u00e5r f\u00f6ljande \u00c4SO. Forsh\u00e4lla \u00c4lgsk\u00f6tselomr\u00e5de.\u00a0http:\/\/www.forshallaalg.se\/ Fr\u00e4nde\/Lane-\u00c4SO Uddevalla Norra \u00c4SO &nbsp; Kommer att uppdateras med kontaktinformation mm.<\/p>\n","protected":false},"author":116,"featured_media":0,"parent":0,"menu_order":10,"comment_status":"open","ping_status":"open","template":"","meta":{"footnotes":""},"class_list":["post-141","page","type-page","status-publish","hentry"],"_links":{"self":[{"href":"https:\/\/krets.jagareforbundet.se\/uddevallanejden\/wp-json\/wp\/v2\/pages\/141","targetHints":{"allow":["GET"]}}],"collection":[{"href":"https:\/\/krets.jagareforbundet.se\/uddevallanejden\/wp-json\/wp\/v2\/pages"}],"about":[{"href":"https:\/\/krets.jagareforbundet.se\/uddevallanejden\/wp-json\/wp\/v2\/types\/page"}],"author":[{"embeddable":true,"href":"https:\/\/krets.jagareforbundet.se\/uddevallanejden\/wp-json\/wp\/v2\/users\/116"}],"replies":[{"embeddable":true,"href":"https:\/\/krets.jagareforbundet.se\/uddevallanejden\/wp-json\/wp\/v2\/comments?post=141"}],"version-history":[{"count":1,"href":"https:\/\/krets.jagareforbundet.se\/uddevallanejden\/wp-json\/wp\/v2\/pages\/141\/revisions"}],"predecessor-version":[{"id":469,"href":"https:\/\/krets.jagareforbundet.se\/uddevallanejden\/wp-json\/wp\/v2\/pages\/141\/revisions\/469"}],"wp:attachment":[{"href":"https:\/\/krets.jagareforbundet.se\/uddevallanejden\/wp-json\/wp\/v2\/media?parent=141"}],"curies":[{"name":"wp","href":"https:\/\/api.w.org\/{rel}","templated":true}]}}