{"id":148,"date":"2013-05-21T15:22:07","date_gmt":"2013-05-21T13:22:07","guid":{"rendered":"https:\/\/krets.jagareforbundet.se\/uddevallanejden\/?page_id=148"},"modified":"2023-03-26T19:47:29","modified_gmt":"2023-03-26T17:47:29","slug":"eftersoktrafikolycka","status":"publish","type":"page","link":"https:\/\/krets.jagareforbundet.se\/uddevallanejden\/eftersoktrafikolycka\/","title":{"rendered":"Efters\u00f6k\/Trafikolycka"},"content":{"rendered":"<div>\n<h1>Efters\u00f6ksorganisationen<\/h1>\n<\/div>\n<div>\n<div><strong>Polisen har det \u00f6vergripande ansvaret\u00a0f\u00f6r efters\u00f6k av trafikskadat vilt.<\/strong><\/div>\n<div>Uddevallanejdens Jaktv\u00e5rdskrets \u00e4r behj\u00e4lplig vid organiserandet av efters\u00f6ksekipage\u00a0 vilka skall verka l\u00e4ngs v\u00e4garna inom Uddevalla kommun,\u00a0utom inom\u00a0stadsplanerat\u00a0omr\u00e5de\u00a0d\u00e4r\u00a0kommunens jourj\u00e4gare\u00a0svarar f\u00f6r efters\u00f6ken.<\/div>\n<div><\/div>\n<h2>Ring 112 om du r\u00e5kat ut f\u00f6r viltolycka!<\/h2>\n<\/div>\n","protected":false},"excerpt":{"rendered":"<p>Efters\u00f6ksorganisationen Polisen har det \u00f6vergripande ansvaret\u00a0f\u00f6r efters\u00f6k av trafikskadat vilt. Uddevallanejdens Jaktv\u00e5rdskrets \u00e4r behj\u00e4lplig vid organiserandet av efters\u00f6ksekipage\u00a0 vilka skall verka l\u00e4ngs v\u00e4garna inom Uddevalla kommun,\u00a0utom inom\u00a0stadsplanerat\u00a0omr\u00e5de\u00a0d\u00e4r\u00a0kommunens jourj\u00e4gare\u00a0svarar f\u00f6r efters\u00f6ken. Ring 112 om du r\u00e5kat ut f\u00f6r viltolycka!<\/p>\n","protected":false},"author":116,"featured_media":0,"parent":0,"menu_order":10,"comment_status":"open","ping_status":"closed","template":"","meta":{"footnotes":""},"class_list":["post-148","page","type-page","status-publish","hentry"],"_links":{"self":[{"href":"https:\/\/krets.jagareforbundet.se\/uddevallanejden\/wp-json\/wp\/v2\/pages\/148","targetHints":{"allow":["GET"]}}],"collection":[{"href":"https:\/\/krets.jagareforbundet.se\/uddevallanejden\/wp-json\/wp\/v2\/pages"}],"about":[{"href":"https:\/\/krets.jagareforbundet.se\/uddevallanejden\/wp-json\/wp\/v2\/types\/page"}],"author":[{"embeddable":true,"href":"https:\/\/krets.jagareforbundet.se\/uddevallanejden\/wp-json\/wp\/v2\/users\/116"}],"replies":[{"embeddable":true,"href":"https:\/\/krets.jagareforbundet.se\/uddevallanejden\/wp-json\/wp\/v2\/comments?post=148"}],"version-history":[{"count":3,"href":"https:\/\/krets.jagareforbundet.se\/uddevallanejden\/wp-json\/wp\/v2\/pages\/148\/revisions"}],"predecessor-version":[{"id":458,"href":"https:\/\/krets.jagareforbundet.se\/uddevallanejden\/wp-json\/wp\/v2\/pages\/148\/revisions\/458"}],"wp:attachment":[{"href":"https:\/\/krets.jagareforbundet.se\/uddevallanejden\/wp-json\/wp\/v2\/media?parent=148"}],"curies":[{"name":"wp","href":"https:\/\/api.w.org\/{rel}","templated":true}]}}