{"id":2,"date":"2011-09-07T09:28:43","date_gmt":"2011-09-07T09:28:43","guid":{"rendered":"https:\/\/krets.jagareforbundet.se\/template\/?page_id=2"},"modified":"2026-03-14T12:53:22","modified_gmt":"2026-03-14T11:53:22","slug":"exempelsida","status":"publish","type":"page","link":"https:\/\/krets.jagareforbundet.se\/uddevallanejden\/","title":{"rendered":"V\u00e4lkommen till Uddevallanejdens JVK."},"content":{"rendered":"<h1 style=\"text-align: left\">Aktuellt<a href=\"https:\/\/krets.jagareforbundet.se\/uddevallanejden\/files\/2026\/03\/Ungdom-familjedag-1.png\"><img loading=\"lazy\" decoding=\"async\" class=\"wp-image-560 aligncenter\" src=\"https:\/\/krets.jagareforbundet.se\/uddevallanejden\/files\/2026\/03\/Ungdom-familjedag-1.png\" alt=\"\" width=\"328\" height=\"464\" \/><\/a><\/h1>\n<p>&nbsp;<\/p>\n<p>&nbsp;<\/p>\n<p>&nbsp;<\/p>\n<p>&nbsp;<\/p>\n<p>&nbsp;<\/p>\n<p>&nbsp;<\/p>\n<p>&nbsp;<\/p>\n<p>&nbsp;<\/p>\n<p><strong>V\u00e4lkommen till h\u00f6stens sm\u00e5viltjakter\u00a0<\/strong><br \/>\nVid intresse s\u00e5 anm\u00e4ler ni det p\u00e5 mejl till <a href=\"mailto:uddevallajakt@gmail.com\">uddevallajakt@gmail.com<\/a><br \/>\nVi har d\u00e5 jaktledare och hundf\u00f6rare p\u00e5 plats.<br \/>\nPris 200:- plus f\u00e4llavgift<br \/>\nF\u00e4llavgift: r\u00e5djur 400:-, hare 150:-<br \/>\nBegr\u00e4nsat antal platser p\u00e5 jakterna!<\/p>\n<p>Prelimin\u00e4ra datum<br \/>\n26\/10-25 kl 08:00<br \/>\n23\/11-25 kl 08:00<br \/>\n28\/12-25 kl 08:00<br \/>\n4\/1-25 kl 08:00<br \/>\n25\/1-26 kl 08:00<\/p>\n<p>PLATS\/SAMLINGSPLATS F\u00d6R JAKTEN KOMMER DAGARNA INNAN JAKTEN OCH KOMMER D\u00c5 ST\u00c5 ANGIVEN EFTER AKTUELLT DATUM.<\/p>\n<p>F\u00f6r anm\u00e4lan eller fr\u00e5gor ,mejla <a href=\"mailto:uddevallajakt@gmail.com\">uddevallajakt@gmail.com<\/a><br \/>\nAnge: namn och krets tillh\u00f6righet och telefonnummer.<\/p>\n<p>Under dessa sm\u00e5viltsjakter jagas det med <b>hagelgev\u00e4r, <\/b>vi\u00a0anv\u00e4nder jakt radio 155mhz, vi anv\u00e4nder wehuntappen d\u00e4r pass och mark gr\u00e4nser framg\u00e5r, signal f\u00e4rgade jakt kl\u00e4der\/hattband eller dyligt, kl\u00e4der och mat f\u00f6r dagen. <strong>Medlemskap i svenska j\u00e4garf\u00f6rbundet, statligt jaktkort och vapenlicens medtages.\u00a0<\/strong><\/p>\n<p>OBS: Jakt avgift betalas till kretsen via swish p\u00e5 1231705326 (Uddevalla nejdens jaktv\u00e5rds krets) n\u00e4r ni f\u00e5r besked\/svar att ni f\u00e5tt en plats skall avgiften p\u00e5 200:- swishas och f\u00f6rst n\u00e4r pengarna \u00e4r betalda har ni en plats.<\/p>\n","protected":false},"excerpt":{"rendered":"<p>Aktuellt &nbsp; &nbsp; &nbsp; &nbsp; &nbsp; &nbsp; &nbsp; &nbsp; V\u00e4lkommen till h\u00f6stens sm\u00e5viltjakter\u00a0 Vid intresse s\u00e5 anm\u00e4ler ni det p\u00e5 mejl till uddevallajakt@gmail.com Vi har d\u00e5 jaktledare och hundf\u00f6rare p\u00e5 plats. Pris 200:- plus f\u00e4llavgift F\u00e4llavgift: r\u00e5djur 400:-, hare 150:- Begr\u00e4nsat antal platser p\u00e5 jakterna! Prelimin\u00e4ra datum 26\/10-25 kl 08:00 23\/11-25 kl 08:00 28\/12-25 kl [&hellip;]<\/p>\n","protected":false},"author":3,"featured_media":136,"parent":0,"menu_order":1,"comment_status":"open","ping_status":"open","template":"","meta":{"footnotes":""},"class_list":["post-2","page","type-page","status-publish","has-post-thumbnail","hentry"],"_links":{"self":[{"href":"https:\/\/krets.jagareforbundet.se\/uddevallanejden\/wp-json\/wp\/v2\/pages\/2","targetHints":{"allow":["GET"]}}],"collection":[{"href":"https:\/\/krets.jagareforbundet.se\/uddevallanejden\/wp-json\/wp\/v2\/pages"}],"about":[{"href":"https:\/\/krets.jagareforbundet.se\/uddevallanejden\/wp-json\/wp\/v2\/types\/page"}],"author":[{"embeddable":true,"href":"https:\/\/krets.jagareforbundet.se\/uddevallanejden\/wp-json\/wp\/v2\/users\/3"}],"replies":[{"embeddable":true,"href":"https:\/\/krets.jagareforbundet.se\/uddevallanejden\/wp-json\/wp\/v2\/comments?post=2"}],"version-history":[{"count":3,"href":"https:\/\/krets.jagareforbundet.se\/uddevallanejden\/wp-json\/wp\/v2\/pages\/2\/revisions"}],"predecessor-version":[{"id":561,"href":"https:\/\/krets.jagareforbundet.se\/uddevallanejden\/wp-json\/wp\/v2\/pages\/2\/revisions\/561"}],"wp:featuredmedia":[{"embeddable":true,"href":"https:\/\/krets.jagareforbundet.se\/uddevallanejden\/wp-json\/wp\/v2\/media\/136"}],"wp:attachment":[{"href":"https:\/\/krets.jagareforbundet.se\/uddevallanejden\/wp-json\/wp\/v2\/media?parent=2"}],"curies":[{"name":"wp","href":"https:\/\/api.w.org\/{rel}","templated":true}]}}