{"id":386,"date":"2020-02-25T08:16:48","date_gmt":"2020-02-25T07:16:48","guid":{"rendered":"https:\/\/krets.jagareforbundet.se\/uddevallanejden\/?page_id=386"},"modified":"2023-03-26T19:38:50","modified_gmt":"2023-03-26T17:38:50","slug":"utbildning","status":"publish","type":"page","link":"https:\/\/krets.jagareforbundet.se\/uddevallanejden\/utbildning\/","title":{"rendered":"Utbildning."},"content":{"rendered":"<p>J\u00e4garef\u00f6rbundets utbildningar hittar du p\u00e5 f\u00f6rbundets hemsida.<\/p>\n<p>&nbsp;<\/p>\n<p><a href=\"https:\/\/jagareforbundet.se\/utbildning\/\">Utbildning &#8211; Svenska J\u00e4garef\u00f6rbundet (jagareforbundet.se)<\/a><\/p>\n<p>&nbsp;<\/p>\n<p>&nbsp;<\/p>\n","protected":false},"excerpt":{"rendered":"<p>J\u00e4garef\u00f6rbundets utbildningar hittar du p\u00e5 f\u00f6rbundets hemsida. &nbsp; Utbildning &#8211; Svenska J\u00e4garef\u00f6rbundet (jagareforbundet.se) &nbsp; &nbsp;<\/p>\n","protected":false},"author":116,"featured_media":0,"parent":0,"menu_order":10,"comment_status":"closed","ping_status":"closed","template":"","meta":{"footnotes":""},"class_list":["post-386","page","type-page","status-publish","hentry"],"_links":{"self":[{"href":"https:\/\/krets.jagareforbundet.se\/uddevallanejden\/wp-json\/wp\/v2\/pages\/386","targetHints":{"allow":["GET"]}}],"collection":[{"href":"https:\/\/krets.jagareforbundet.se\/uddevallanejden\/wp-json\/wp\/v2\/pages"}],"about":[{"href":"https:\/\/krets.jagareforbundet.se\/uddevallanejden\/wp-json\/wp\/v2\/types\/page"}],"author":[{"embeddable":true,"href":"https:\/\/krets.jagareforbundet.se\/uddevallanejden\/wp-json\/wp\/v2\/users\/116"}],"replies":[{"embeddable":true,"href":"https:\/\/krets.jagareforbundet.se\/uddevallanejden\/wp-json\/wp\/v2\/comments?post=386"}],"version-history":[{"count":3,"href":"https:\/\/krets.jagareforbundet.se\/uddevallanejden\/wp-json\/wp\/v2\/pages\/386\/revisions"}],"predecessor-version":[{"id":460,"href":"https:\/\/krets.jagareforbundet.se\/uddevallanejden\/wp-json\/wp\/v2\/pages\/386\/revisions\/460"}],"wp:attachment":[{"href":"https:\/\/krets.jagareforbundet.se\/uddevallanejden\/wp-json\/wp\/v2\/media?parent=386"}],"curies":[{"name":"wp","href":"https:\/\/api.w.org\/{rel}","templated":true}]}}