{"id":136,"date":"2016-02-27T14:47:04","date_gmt":"2016-02-27T13:47:04","guid":{"rendered":"https:\/\/krets.jagareforbundet.se\/uppsala\/?page_id=136"},"modified":"2026-03-30T21:01:54","modified_gmt":"2026-03-30T19:01:54","slug":"jagarexamen","status":"publish","type":"page","link":"https:\/\/krets.jagareforbundet.se\/uppsala\/jagarexamen\/","title":{"rendered":"J\u00e4garexamen"},"content":{"rendered":"<h3 style=\"text-align: center\"><a href=\"https:\/\/krets.jagareforbundet.se\/uppsala\/files\/2016\/02\/img_1190.jpg\"><img loading=\"lazy\" decoding=\"async\" class=\"alignnone size-medium wp-image-139\" src=\"https:\/\/krets.jagareforbundet.se\/uppsala\/files\/2016\/02\/img_1190-300x200.jpg\" alt=\"IMG_1190\" width=\"300\" height=\"200\" srcset=\"https:\/\/krets.jagareforbundet.se\/uppsala\/files\/2016\/02\/img_1190-300x200.jpg 300w, https:\/\/krets.jagareforbundet.se\/uppsala\/files\/2016\/02\/img_1190-1024x683.jpg 1024w\" sizes=\"auto, (max-width: 300px) 100vw, 300px\" \/><\/a><\/h3>\n<p><strong>Teoriprov<\/strong><br \/>\nSkriftliga prov kan avl\u00e4ggas samtliga kv\u00e4llar d\u00e5 \u00e4lgbanan \u00e4r \u00f6ppen.<\/p>\n<p>Se nedan f\u00f6r andra tider efter \u00f6verenskommelse.<\/p>\n<p><strong><span style=\"color: #ff0000\"><span style=\"color: #000000\"><span style=\"color: #ff0000\"><span style=\"color: #000000\">Datum f\u00f6r teoriprov (ut\u00f6ver \u00e4lgbanans \u00f6ppettider):<br \/>\n<\/span><\/span><\/span><\/span><\/strong><span style=\"color: #000000\">F\u00f6r n\u00e4rvarande inga inplanerade teoriprov ut\u00f6ver banans \u00f6ppettider.<\/span><\/p>\n<p><span style=\"color: #000000\">Kontakta Sven-Erik L\u00f6vstr\u00f6m f\u00f6r anm\u00e4lan: 070-3453851<\/span><strong><span style=\"color: #ff0000\"><span style=\"color: #000000\"><span style=\"color: #ff0000\"><span style=\"color: #000000\"><br \/>\n<\/span><\/span><\/span><\/span><\/strong><\/p>\n<p><strong>H\u00f6gvilt<br \/>\n<\/strong>Prov f\u00f6r h\u00f6gvilt kan avl\u00e4ggas kv\u00e4llar d\u00e5 \u00e4lgbanan \u00e4r \u00f6ppen. S\u00e4g till p\u00e5 expeditionen.<br \/>\nT\u00e4nk p\u00e5 att komma i god tid om du vill skjuta prov d\u00e5 det kan vara l\u00e5nga v\u00e4ntetider vissa kv\u00e4llar.<br \/>\nVapen g\u00e5r att l\u00e5na.<\/p>\n<p><span style=\"color: #ff0000\"><strong>\u00d6vningstillf\u00e4llen och examination g\u00e4llande hagel;<br \/>\n(OBS! \u00d6nskar du delta p\u00e5 ett \u00f6vnings- eller provtillf\u00e4lle s\u00e5 vill vi att du anm\u00e4ler dig SENAST en vecka i f\u00f6rv\u00e4g.)<\/strong><\/span><\/p>\n<p><strong><span style=\"color: #ff0000\">Kontakta Sven-Erik L\u00f6vstr\u00f6m (070-3453851) vid anm\u00e4lan eller om du har n\u00e5gra fr\u00e5gor.<\/span><\/strong><\/p>\n<p><strong>\u00d6vnings- och examinationstillf\u00e4llen f\u00f6r hagel VT26:<br \/>\n<\/strong>Se banans \u00f6ppettider; Klicka <a href=\"https:\/\/krets.jagareforbundet.se\/uppsala\/varen\/\">H\u00c4R<\/a><\/p>\n<p><strong>Priser<\/strong><\/p>\n<p>Teoretiskt prov 500 kr<br \/>\nKomplett hagelvapenprov 400 Kr<br \/>\nOmprov lerduveskjutning 100 Kr<br \/>\nOmprov markm\u00e5l 100 Kr<br \/>\nOmprov avst\u00e5ndsbed\u00f6mning 100 Kr<br \/>\nOmprov kombinationsprov 100 Kr<br \/>\nKomplett grundprov kulvapen 200 Kr<br \/>\nOmprov precisionsskjutning 100 Kr<br \/>\nPraktiskt kulvapenprov h\u00f6gvilt 200 Kr<br \/>\ntill\u00e4ggsserie 1 50 Kr<br \/>\ntill\u00e4ggsserie 2 50 Kr<\/p>\n<p>Ovanst\u00e5ende priser \u00e4r samma p\u00e5 alla skjutbanor och beslutas av Naturv\u00e5rdsverket!<br \/>\nUt\u00f6ver detta tillkommer skjutbanans kostnad f\u00f6r ammunition och m\u00e5ltavlor.<\/p>\n","protected":false},"excerpt":{"rendered":"<p>Teoriprov Skriftliga prov kan avl\u00e4ggas samtliga kv\u00e4llar d\u00e5 \u00e4lgbanan \u00e4r \u00f6ppen. Se nedan f\u00f6r andra tider efter \u00f6verenskommelse. Datum f\u00f6r teoriprov (ut\u00f6ver \u00e4lgbanans \u00f6ppettider): F\u00f6r n\u00e4rvarande inga inplanerade teoriprov ut\u00f6ver banans \u00f6ppettider. Kontakta Sven-Erik L\u00f6vstr\u00f6m f\u00f6r anm\u00e4lan: 070-3453851 H\u00f6gvilt Prov f\u00f6r h\u00f6gvilt kan avl\u00e4ggas kv\u00e4llar d\u00e5 \u00e4lgbanan \u00e4r \u00f6ppen. S\u00e4g till p\u00e5 expeditionen. T\u00e4nk p\u00e5 [&hellip;]<\/p>\n","protected":false},"author":244,"featured_media":0,"parent":0,"menu_order":0,"comment_status":"closed","ping_status":"closed","template":"","meta":{"footnotes":""},"class_list":["post-136","page","type-page","status-publish","hentry"],"_links":{"self":[{"href":"https:\/\/krets.jagareforbundet.se\/uppsala\/wp-json\/wp\/v2\/pages\/136","targetHints":{"allow":["GET"]}}],"collection":[{"href":"https:\/\/krets.jagareforbundet.se\/uppsala\/wp-json\/wp\/v2\/pages"}],"about":[{"href":"https:\/\/krets.jagareforbundet.se\/uppsala\/wp-json\/wp\/v2\/types\/page"}],"author":[{"embeddable":true,"href":"https:\/\/krets.jagareforbundet.se\/uppsala\/wp-json\/wp\/v2\/users\/244"}],"replies":[{"embeddable":true,"href":"https:\/\/krets.jagareforbundet.se\/uppsala\/wp-json\/wp\/v2\/comments?post=136"}],"version-history":[{"count":4,"href":"https:\/\/krets.jagareforbundet.se\/uppsala\/wp-json\/wp\/v2\/pages\/136\/revisions"}],"predecessor-version":[{"id":690,"href":"https:\/\/krets.jagareforbundet.se\/uppsala\/wp-json\/wp\/v2\/pages\/136\/revisions\/690"}],"wp:attachment":[{"href":"https:\/\/krets.jagareforbundet.se\/uppsala\/wp-json\/wp\/v2\/media?parent=136"}],"curies":[{"name":"wp","href":"https:\/\/api.w.org\/{rel}","templated":true}]}}