{"id":140,"date":"2016-02-27T14:35:09","date_gmt":"2016-02-27T13:35:09","guid":{"rendered":"https:\/\/krets.jagareforbundet.se\/uppsala\/?page_id=140"},"modified":"2026-04-16T20:35:13","modified_gmt":"2026-04-16T18:35:13","slug":"algskyttebanan-ekebyboda","status":"publish","type":"page","link":"https:\/\/krets.jagareforbundet.se\/uppsala\/algskyttebanan-ekebyboda\/","title":{"rendered":"\u00c4lgskyttebanan Ekebyboda"},"content":{"rendered":"<p><img loading=\"lazy\" decoding=\"async\" class=\"wp-image-141 aligncenter\" src=\"https:\/\/krets.jagareforbundet.se\/uppsala\/files\/2016\/02\/img_1207-300x200.jpg\" alt=\"IMG_1207\" width=\"563\" height=\"375\" srcset=\"https:\/\/krets.jagareforbundet.se\/uppsala\/files\/2016\/02\/img_1207-300x200.jpg 300w, https:\/\/krets.jagareforbundet.se\/uppsala\/files\/2016\/02\/img_1207-1024x683.jpg 1024w\" sizes=\"auto, (max-width: 563px) 100vw, 563px\" \/><\/p>\n<div><\/div>\n<div>\n<p>F\u00f6r information om \u00f6ppettider s\u00e5 kan du klicka <a href=\"https:\/\/krets.jagareforbundet.se\/uppsala\/varen\/\">h\u00e4r.<\/a> (\u00d6ppettider uppdateras med j\u00e4mna mellanrum)<\/p>\n<\/div>\n<div>\n<p>Under v\u00e5ren \u00e4r k\u00f6tiderna mycket kortare \u00e4n p\u00e5 h\u00f6sten. Passa p\u00e5 att skjuta godk\u00e4nt inf\u00f6r h\u00f6stens jakt och slipp stressa veckorna innan jakten.<\/p>\n<p>Inskjutningen \u00e4r som vanligt \u00f6ppen enligt tider nedan. Ing\u00e5ng fr\u00e5n markplan.<\/p>\n<\/div>\n<p><strong>Vall 15B, inskjutningsb\u00e5set<\/strong><\/p>\n<p><strong><span style=\"color: #ff0000\">Skjutning endast till\u00e5ten f\u00f6ljande tider<\/span><\/strong><\/p>\n<p><strong><span style=\"color: #ff0000\">OBS INSKJUTNINGEN \u00c4R ST\u00c4NGD 18 OCH 19 APRIL!<\/span><\/strong><\/p>\n<table style=\"height: 80px\" width=\"426\">\n<tbody>\n<tr>\n<td width=\"85\">M\u00e5ndag- torsdag<\/td>\n<td>08.00-21.00<\/td>\n<td><\/td>\n<td><\/td>\n<\/tr>\n<tr>\n<td>Fredag<\/td>\n<td>08.00<span style=\"color: #000000\">&#8211;<\/span> 18.00<\/td>\n<td><\/td>\n<td><\/td>\n<\/tr>\n<tr>\n<td>L\u00f6rdag &#8211; s\u00f6ndag<\/td>\n<td><span style=\"color: #ff0000\">09.00-16.00<\/span><\/td>\n<td><\/td>\n<td><\/td>\n<\/tr>\n<tr>\n<td><\/td>\n<td><\/td>\n<td><\/td>\n<td><\/td>\n<\/tr>\n<\/tbody>\n<\/table>\n<p>&nbsp;<\/p>\n<table style=\"border-collapse: collapse;width: 515px;height: 158px\" border=\"0\" width=\"85\" cellspacing=\"0\" cellpadding=\"0\">\n<colgroup>\n<col style=\"width: 64pt\" width=\"85\" \/> <\/colgroup>\n<tbody>\n<tr style=\"height: 21.0pt\">\n<td class=\"xl65\" style=\"height: 21.0pt;width: 64pt\" width=\"85\" height=\"28\"><span style=\"color: #ff0000\">Skjutf\u00f6rbud f\u00f6ljande dagar:<\/span><\/td>\n<\/tr>\n<tr style=\"height: 21.0pt\">\n<td class=\"xl65\" style=\"height: 21.0pt\" height=\"28\"><span style=\"color: #ff0000\">L\u00e5ngfredag, p\u00e5skafton, p\u00e5skdagen\u00a0<\/span><\/td>\n<\/tr>\n<tr style=\"height: 21.0pt\">\n<td class=\"xl65\" style=\"height: 21.0pt\" height=\"28\"><span style=\"color: #ff0000\">Hela midsommarhelgen\u00a0<\/span><\/td>\n<\/tr>\n<tr style=\"height: 21.0pt\">\n<td class=\"xl65\" style=\"height: 21.0pt\" height=\"28\"><span style=\"color: #ff0000\">Alla helgons dag\u00a0<\/span><\/td>\n<\/tr>\n<tr style=\"height: 21.0pt\">\n<td class=\"xl65\" style=\"height: 21.0pt\" height=\"28\"><span style=\"color: #ff0000\">Julafton, juldagen 24-25 december<\/span><\/td>\n<\/tr>\n<\/tbody>\n<\/table>\n<p style=\"text-align: left\"><b><br \/>\nPraktiska prov j\u00e4garexamen och \u00f6vningsskytte f\u00f6r elever<\/b><\/p>\n<p style=\"text-align: left\">Se\u00a0<a href=\"https:\/\/krets.jagareforbundet.se\/uppsala\/jagarexamen\/\">J\u00e4garexamen<\/a><br \/>\n<b><\/b><\/p>\n<p style=\"text-align: left\"><b>Bokn<\/b><b>ing av banan<br \/>\n<\/b>Jaktlag och klubbar har m\u00f6jlighet att boka egna tider efter \u00f6verenskommelse med \u00a0tf banchefen Hermann Blenk 070-629 36 02.<\/p>\n<p style=\"text-align: left\">Ammunition i kalibrarna 6,5&#215;55, 308W och 30-06 finns att k\u00f6pa.<br \/>\n<b><\/b><\/p>\n<p style=\"text-align: left\"><b>Inskjutning av vapen<br \/>\n<\/b>Skjutbanan \u00e4r \u00f6ppen f\u00f6r inskjutning av vapen. M\u00e5lmaterial finns i skjutboden f\u00f6r st\u00e5ende \u00e4lgen, till h\u00f6ger p\u00e5 banan.<\/p>\n<p style=\"text-align: left\">Under tider d\u00e5 \u00e4lgbanan \u00e4r \u00f6ppen f\u00f6r allm\u00e4nheten f\u00e5r endast inskjutning ske under ledning av skjutledare mot erl\u00e4ggande av avgift.<\/p>\n<p style=\"text-align: left\">Se \u00e4ven tider f\u00f6r praktiska prov j\u00e4garexamen och funktion\u00e4rsskjutningar d\u00e5 banan ocks\u00e5 \u00e4r avst\u00e4ngd f\u00f6r allm\u00e4nheten.<br \/>\n<b><\/b><\/p>\n<p style=\"text-align: left\"><b>Hagelskytte<br \/>\n<\/b>P\u00e5 Ekebyboda finns ocks\u00e5 goda m\u00f6jligheter till hagelskytte. Du kan skjuta Skeet, Olympisk trap och Nordisk trap samt Compact Sporting.<\/p>\n<p style=\"text-align: left\">Se Uppsala Jaktskytteklubbs hemsida f\u00f6r \u00f6ppettider mm.<br \/>\n<b>V\u00e4gbeskrivning<\/b><\/p>\n<p style=\"text-align: left\"><a href=\"https:\/\/goo.gl\/maps\/Fc6pV9EandB2\">Google maps l\u00e4nk<\/a><\/p>\n<p style=\"text-align: left\">K\u00f6r v\u00e4g 272 mot Gysinge ut ur Uppsala. Efter ca 3,5 km sv\u00e4ng v\u00e4nster i fyrv\u00e4gskorsning (skylt Ekebyboda).<br \/>\nPassera \u00e5n, efter 100 m sv\u00e4ng h\u00f6ger (skylt Skjutbana).<br \/>\nF\u00f6lj d\u00e4refter skyltning mot skjutbanan.<\/p>\n<p style=\"text-align: left\"><img decoding=\"async\" src=\"http:\/\/img.laget.se\/2897043.jpg\" alt=\"\" \/><\/p>\n<p><b>Kontakt klicka <span style=\"color: #ff0000\"><a style=\"color: #ff0000\" href=\"https:\/\/krets.jagareforbundet.se\/uppsala\/kontakta-oss\/\">h\u00e4r<\/a><\/span><\/b><\/p>\n<p>&nbsp;<\/p>\n<p>V\u00e4lkommen till Ekebyboda!<\/p>\n<p style=\"text-align: left\">Uppsala jaktv\u00e5rdskrets<\/p>\n","protected":false},"excerpt":{"rendered":"<p>F\u00f6r information om \u00f6ppettider s\u00e5 kan du klicka h\u00e4r. (\u00d6ppettider uppdateras med j\u00e4mna mellanrum) Under v\u00e5ren \u00e4r k\u00f6tiderna mycket kortare \u00e4n p\u00e5 h\u00f6sten. Passa p\u00e5 att skjuta godk\u00e4nt inf\u00f6r h\u00f6stens jakt och slipp stressa veckorna innan jakten. Inskjutningen \u00e4r som vanligt \u00f6ppen enligt tider nedan. Ing\u00e5ng fr\u00e5n markplan. Vall 15B, inskjutningsb\u00e5set Skjutning endast till\u00e5ten f\u00f6ljande [&hellip;]<\/p>\n","protected":false},"author":244,"featured_media":0,"parent":0,"menu_order":0,"comment_status":"closed","ping_status":"closed","template":"","meta":{"footnotes":""},"class_list":["post-140","page","type-page","status-publish","hentry"],"_links":{"self":[{"href":"https:\/\/krets.jagareforbundet.se\/uppsala\/wp-json\/wp\/v2\/pages\/140","targetHints":{"allow":["GET"]}}],"collection":[{"href":"https:\/\/krets.jagareforbundet.se\/uppsala\/wp-json\/wp\/v2\/pages"}],"about":[{"href":"https:\/\/krets.jagareforbundet.se\/uppsala\/wp-json\/wp\/v2\/types\/page"}],"author":[{"embeddable":true,"href":"https:\/\/krets.jagareforbundet.se\/uppsala\/wp-json\/wp\/v2\/users\/244"}],"replies":[{"embeddable":true,"href":"https:\/\/krets.jagareforbundet.se\/uppsala\/wp-json\/wp\/v2\/comments?post=140"}],"version-history":[{"count":3,"href":"https:\/\/krets.jagareforbundet.se\/uppsala\/wp-json\/wp\/v2\/pages\/140\/revisions"}],"predecessor-version":[{"id":694,"href":"https:\/\/krets.jagareforbundet.se\/uppsala\/wp-json\/wp\/v2\/pages\/140\/revisions\/694"}],"wp:attachment":[{"href":"https:\/\/krets.jagareforbundet.se\/uppsala\/wp-json\/wp\/v2\/media?parent=140"}],"curies":[{"name":"wp","href":"https:\/\/api.w.org\/{rel}","templated":true}]}}