{"id":146,"date":"2016-02-27T15:35:54","date_gmt":"2016-02-27T14:35:54","guid":{"rendered":"https:\/\/krets.jagareforbundet.se\/uppsala\/?page_id=146"},"modified":"2026-03-30T21:04:57","modified_gmt":"2026-03-30T19:04:57","slug":"uppsala-jaktvardskrets-styrelse","status":"publish","type":"page","link":"https:\/\/krets.jagareforbundet.se\/uppsala\/uppsala-jaktvardskrets-styrelse\/","title":{"rendered":"Uppsala jaktv\u00e5rdskrets styrelse"},"content":{"rendered":"<p><strong>Styrelsen i kretsen best\u00e5r efter \u00e5rsm\u00f6tet 2024.<\/strong><\/p>\n<p>Hans Engberg, Ordf\u00f6rande.<\/p>\n<p>Robert Gustavsson, Vice ordf\u00f6rande och sekreterare.<\/p>\n<p>Michael Sundb\u00e4ck, Ledamot.<\/p>\n<p>Ammie Eklund, Ledamot.<\/p>\n<p>Lennart Samuelsson, Ledamot<\/p>\n<p>Wilmer Wennerholm, Ledamot<\/p>\n<p>Sven Erik L\u00f6vstr\u00f6m Ledamot, koordinator j\u00e4garexamen<\/p>\n<p>Erik J\u00e4der, Adjungerad, kass\u00f6r och webbansvarig.<\/p>\n","protected":false},"excerpt":{"rendered":"<p>Styrelsen i kretsen best\u00e5r efter \u00e5rsm\u00f6tet 2024. Hans Engberg, Ordf\u00f6rande. Robert Gustavsson, Vice ordf\u00f6rande och sekreterare. Michael Sundb\u00e4ck, Ledamot. Ammie Eklund, Ledamot. Lennart Samuelsson, Ledamot Wilmer Wennerholm, Ledamot Sven Erik L\u00f6vstr\u00f6m Ledamot, koordinator j\u00e4garexamen Erik J\u00e4der, Adjungerad, kass\u00f6r och webbansvarig.<\/p>\n","protected":false},"author":244,"featured_media":0,"parent":0,"menu_order":0,"comment_status":"closed","ping_status":"closed","template":"","meta":{"footnotes":""},"class_list":["post-146","page","type-page","status-publish","hentry"],"_links":{"self":[{"href":"https:\/\/krets.jagareforbundet.se\/uppsala\/wp-json\/wp\/v2\/pages\/146","targetHints":{"allow":["GET"]}}],"collection":[{"href":"https:\/\/krets.jagareforbundet.se\/uppsala\/wp-json\/wp\/v2\/pages"}],"about":[{"href":"https:\/\/krets.jagareforbundet.se\/uppsala\/wp-json\/wp\/v2\/types\/page"}],"author":[{"embeddable":true,"href":"https:\/\/krets.jagareforbundet.se\/uppsala\/wp-json\/wp\/v2\/users\/244"}],"replies":[{"embeddable":true,"href":"https:\/\/krets.jagareforbundet.se\/uppsala\/wp-json\/wp\/v2\/comments?post=146"}],"version-history":[{"count":3,"href":"https:\/\/krets.jagareforbundet.se\/uppsala\/wp-json\/wp\/v2\/pages\/146\/revisions"}],"predecessor-version":[{"id":691,"href":"https:\/\/krets.jagareforbundet.se\/uppsala\/wp-json\/wp\/v2\/pages\/146\/revisions\/691"}],"wp:attachment":[{"href":"https:\/\/krets.jagareforbundet.se\/uppsala\/wp-json\/wp\/v2\/media?parent=146"}],"curies":[{"name":"wp","href":"https:\/\/api.w.org\/{rel}","templated":true}]}}