{"id":2,"date":"2011-09-07T09:28:43","date_gmt":"2011-09-07T09:28:43","guid":{"rendered":"https:\/\/krets.jagareforbundet.se\/template\/?page_id=2"},"modified":"2026-01-24T16:28:49","modified_gmt":"2026-01-24T15:28:49","slug":"exempelsida","status":"publish","type":"page","link":"https:\/\/krets.jagareforbundet.se\/uppsala\/","title":{"rendered":"Uppsala Jaktv\u00e5rdskrets"},"content":{"rendered":"<p>J\u00e4garef\u00f6rbundet Uppsala jaktv\u00e5rdskrets \u00e4r l\u00e4nets till medlemsantalet st\u00f6rsta krets, ca 900 medlemmar. Medlemmarna i Uppsala JVK jagar i allm\u00e4nhet p\u00e5 andra h\u00e5ll i landet.<\/p>\n<p>Verksamheten i kretsen \u00e4r d\u00e4rf\u00f6r i huvudsak inriktad p\u00e5 att driva \u00e4lgskyttebanan p\u00e5 Ekebyboda samt en omfattande j\u00e4garexamensutbildning inte minst riktad mot studerande vid stadens b\u00e5da universitet.<\/p>\n<p>Under fliken &#8221;<a href=\"https:\/\/krets.jagareforbundet.se\/uppsala\/algskyttebanan-ekebyboda\/\">\u00c4lgskyttebanan Ekebyboda<\/a>&#8221; hittar du all information om \u00e4lg- och inskjutningsbanan.<\/p>\n<p>Under fliken &#8221;<a href=\"https:\/\/krets.jagareforbundet.se\/uppsala\/jagarexamen\/\">J\u00e4garexamen<\/a>&#8221; hittar du allting du beh\u00f6ver veta om du \u00e4r intresserad av att g\u00f6ra n\u00e5got utav proven.<\/p>\n<p>Hundverksamheten har \u00e4ntligen dragit ig\u00e5ng igen,<br \/>\nUnder fliken &#8221;<a href=\"https:\/\/krets.jagareforbundet.se\/uppsala\/hundverksamhet\/\">Hundverksamhet<\/a>&#8221; hittar du datum och vilka aktiviteter som \u00e4r i fokus.<\/p>\n<p>Under fliken &#8221;<a href=\"https:\/\/krets.jagareforbundet.se\/uppsala\/varen\/\">\u00d6ppettider v\u00e5ren 2026<\/a>&#8221; hittar du inte bara \u00e4lgbanans \u00f6ppettider utan \u00e4ven de datum d\u00e5 vi har \u00f6vningsskytte med hagel och det praktiska hagelprovet.<\/p>\n","protected":false},"excerpt":{"rendered":"<p>J\u00e4garef\u00f6rbundet Uppsala jaktv\u00e5rdskrets \u00e4r l\u00e4nets till medlemsantalet st\u00f6rsta krets, ca 900 medlemmar. Medlemmarna i Uppsala JVK jagar i allm\u00e4nhet p\u00e5 andra h\u00e5ll i landet. Verksamheten i kretsen \u00e4r d\u00e4rf\u00f6r i huvudsak inriktad p\u00e5 att driva \u00e4lgskyttebanan p\u00e5 Ekebyboda samt en omfattande j\u00e4garexamensutbildning inte minst riktad mot studerande vid stadens b\u00e5da universitet. Under fliken &#8221;\u00c4lgskyttebanan Ekebyboda&#8221; [&hellip;]<\/p>\n","protected":false},"author":3,"featured_media":138,"parent":0,"menu_order":0,"comment_status":"open","ping_status":"open","template":"","meta":{"footnotes":""},"class_list":["post-2","page","type-page","status-publish","has-post-thumbnail","hentry"],"_links":{"self":[{"href":"https:\/\/krets.jagareforbundet.se\/uppsala\/wp-json\/wp\/v2\/pages\/2","targetHints":{"allow":["GET"]}}],"collection":[{"href":"https:\/\/krets.jagareforbundet.se\/uppsala\/wp-json\/wp\/v2\/pages"}],"about":[{"href":"https:\/\/krets.jagareforbundet.se\/uppsala\/wp-json\/wp\/v2\/types\/page"}],"author":[{"embeddable":true,"href":"https:\/\/krets.jagareforbundet.se\/uppsala\/wp-json\/wp\/v2\/users\/3"}],"replies":[{"embeddable":true,"href":"https:\/\/krets.jagareforbundet.se\/uppsala\/wp-json\/wp\/v2\/comments?post=2"}],"version-history":[{"count":4,"href":"https:\/\/krets.jagareforbundet.se\/uppsala\/wp-json\/wp\/v2\/pages\/2\/revisions"}],"predecessor-version":[{"id":665,"href":"https:\/\/krets.jagareforbundet.se\/uppsala\/wp-json\/wp\/v2\/pages\/2\/revisions\/665"}],"wp:featuredmedia":[{"embeddable":true,"href":"https:\/\/krets.jagareforbundet.se\/uppsala\/wp-json\/wp\/v2\/media\/138"}],"wp:attachment":[{"href":"https:\/\/krets.jagareforbundet.se\/uppsala\/wp-json\/wp\/v2\/media?parent=2"}],"curies":[{"name":"wp","href":"https:\/\/api.w.org\/{rel}","templated":true}]}}