{"id":28,"date":"2011-09-09T08:06:13","date_gmt":"2011-09-09T08:06:13","guid":{"rendered":"https:\/\/krets.jagareforbundet.se\/template\/?page_id=28"},"modified":"2024-05-23T23:13:42","modified_gmt":"2024-05-23T21:13:42","slug":"kontakta-oss","status":"publish","type":"page","link":"https:\/\/krets.jagareforbundet.se\/uppsala\/kontakta-oss\/","title":{"rendered":"Kontakta oss"},"content":{"rendered":"<p>Tf Banchef \u00e4lgbanan: Hermann Blenk 070-629 36 02<\/p>\n<p>Bitr banchef \u00e4lgbanan:<\/p>\n<p>J\u00e4garexamenskoordinator: Sven-Erik L\u00f6vstr\u00f6m 070-345 38 51<\/p>\n<p>Hundansvarig: Ammie Eklund<\/p>\n<p>Skytteunionen:\u00a0<a href=\"http:\/\/www.skytteunionen.se\/kontakt\/\">http:\/\/www.skytteunionen.se\/kontakt\/<\/a><\/p>\n<p>&nbsp;<\/p>\n<p>&nbsp;<\/p>\n<h3><span style=\"color: #ff0000\">Det g\u00e5r \u00e4ven bra att maila styrelsen via nedanst\u00e5ende kontaktformul\u00e4r.<\/span><\/h3>\n","protected":false},"excerpt":{"rendered":"<p>Tf Banchef \u00e4lgbanan: Hermann Blenk 070-629 36 02 Bitr banchef \u00e4lgbanan: J\u00e4garexamenskoordinator: Sven-Erik L\u00f6vstr\u00f6m 070-345 38 51 Hundansvarig: Ammie Eklund Skytteunionen:\u00a0http:\/\/www.skytteunionen.se\/kontakt\/ &nbsp; &nbsp; Det g\u00e5r \u00e4ven bra att maila styrelsen via nedanst\u00e5ende kontaktformul\u00e4r.<\/p>\n","protected":false},"author":3,"featured_media":0,"parent":0,"menu_order":0,"comment_status":"open","ping_status":"open","template":"template-contact.php","meta":{"footnotes":""},"class_list":["post-28","page","type-page","status-publish","hentry"],"_links":{"self":[{"href":"https:\/\/krets.jagareforbundet.se\/uppsala\/wp-json\/wp\/v2\/pages\/28","targetHints":{"allow":["GET"]}}],"collection":[{"href":"https:\/\/krets.jagareforbundet.se\/uppsala\/wp-json\/wp\/v2\/pages"}],"about":[{"href":"https:\/\/krets.jagareforbundet.se\/uppsala\/wp-json\/wp\/v2\/types\/page"}],"author":[{"embeddable":true,"href":"https:\/\/krets.jagareforbundet.se\/uppsala\/wp-json\/wp\/v2\/users\/3"}],"replies":[{"embeddable":true,"href":"https:\/\/krets.jagareforbundet.se\/uppsala\/wp-json\/wp\/v2\/comments?post=28"}],"version-history":[{"count":3,"href":"https:\/\/krets.jagareforbundet.se\/uppsala\/wp-json\/wp\/v2\/pages\/28\/revisions"}],"predecessor-version":[{"id":552,"href":"https:\/\/krets.jagareforbundet.se\/uppsala\/wp-json\/wp\/v2\/pages\/28\/revisions\/552"}],"wp:attachment":[{"href":"https:\/\/krets.jagareforbundet.se\/uppsala\/wp-json\/wp\/v2\/media?parent=28"}],"curies":[{"name":"wp","href":"https:\/\/api.w.org\/{rel}","templated":true}]}}