{"id":316,"date":"2019-10-24T18:04:51","date_gmt":"2019-10-24T16:04:51","guid":{"rendered":"https:\/\/krets.jagareforbundet.se\/vaggeryds\/?page_id=316"},"modified":"2025-07-14T18:21:31","modified_gmt":"2025-07-14T16:21:31","slug":"hund-eftersok","status":"publish","type":"page","link":"https:\/\/krets.jagareforbundet.se\/vaggeryds\/hund-eftersok\/","title":{"rendered":"Hund &amp; Efters\u00f6k"},"content":{"rendered":"<p><a href=\"https:\/\/krets.jagareforbundet.se\/vaggeryds\/files\/2025\/07\/VJVK_spartraff_250811.jpg\"><img loading=\"lazy\" decoding=\"async\" data-attachment-id=\"787\" data-permalink=\"https:\/\/krets.jagareforbundet.se\/vaggeryds\/exempelsida\/vjvk_spartraff_250811\/\" data-orig-file=\"https:\/\/krets.jagareforbundet.se\/vaggeryds\/files\/2025\/07\/VJVK_spartraff_250811.jpg\" data-orig-size=\"2024,2024\" data-comments-opened=\"1\" data-image-meta=\"{&quot;aperture&quot;:&quot;0&quot;,&quot;credit&quot;:&quot;&quot;,&quot;camera&quot;:&quot;&quot;,&quot;caption&quot;:&quot;&quot;,&quot;created_timestamp&quot;:&quot;0&quot;,&quot;copyright&quot;:&quot;&quot;,&quot;focal_length&quot;:&quot;0&quot;,&quot;iso&quot;:&quot;0&quot;,&quot;shutter_speed&quot;:&quot;0&quot;,&quot;title&quot;:&quot;&quot;,&quot;orientation&quot;:&quot;0&quot;}\" data-image-title=\"VJVK_spa\u030artra\u0308ff_250811\" data-image-description=\"\" data-image-caption=\"\" data-medium-file=\"https:\/\/krets.jagareforbundet.se\/vaggeryds\/files\/2025\/07\/VJVK_spartraff_250811-300x300.jpg\" data-large-file=\"https:\/\/krets.jagareforbundet.se\/vaggeryds\/files\/2025\/07\/VJVK_spartraff_250811-1024x1024.jpg\" class=\"alignnone size-large wp-image-787\" src=\"https:\/\/krets.jagareforbundet.se\/vaggeryds\/files\/2025\/07\/VJVK_spartraff_250811-1024x1024.jpg\" alt=\"\" width=\"1024\" height=\"1024\" srcset=\"https:\/\/krets.jagareforbundet.se\/vaggeryds\/files\/2025\/07\/VJVK_spartraff_250811-1024x1024.jpg 1024w, https:\/\/krets.jagareforbundet.se\/vaggeryds\/files\/2025\/07\/VJVK_spartraff_250811-300x300.jpg 300w, https:\/\/krets.jagareforbundet.se\/vaggeryds\/files\/2025\/07\/VJVK_spartraff_250811-150x150.jpg 150w, https:\/\/krets.jagareforbundet.se\/vaggeryds\/files\/2025\/07\/VJVK_spartraff_250811-768x768.jpg 768w, https:\/\/krets.jagareforbundet.se\/vaggeryds\/files\/2025\/07\/VJVK_spartraff_250811-1536x1536.jpg 1536w, https:\/\/krets.jagareforbundet.se\/vaggeryds\/files\/2025\/07\/VJVK_spartraff_250811.jpg 2024w\" sizes=\"auto, (max-width: 1024px) 100vw, 1024px\" \/><\/a><\/p>\n<hr \/>\n<p><a href=\"https:\/\/krets.jagareforbundet.se\/vaggeryds\/files\/2025\/05\/VJVK_hundkurs06-25.jpg\"><img loading=\"lazy\" decoding=\"async\" data-attachment-id=\"783\" data-permalink=\"https:\/\/krets.jagareforbundet.se\/vaggeryds\/hund-eftersok\/vjvk_hundkurs06-25\/\" data-orig-file=\"https:\/\/krets.jagareforbundet.se\/vaggeryds\/files\/2025\/05\/VJVK_hundkurs06-25.jpg\" data-orig-size=\"2160,2160\" data-comments-opened=\"1\" data-image-meta=\"{&quot;aperture&quot;:&quot;0&quot;,&quot;credit&quot;:&quot;&quot;,&quot;camera&quot;:&quot;&quot;,&quot;caption&quot;:&quot;&quot;,&quot;created_timestamp&quot;:&quot;0&quot;,&quot;copyright&quot;:&quot;&quot;,&quot;focal_length&quot;:&quot;0&quot;,&quot;iso&quot;:&quot;0&quot;,&quot;shutter_speed&quot;:&quot;0&quot;,&quot;title&quot;:&quot;&quot;,&quot;orientation&quot;:&quot;1&quot;}\" data-image-title=\"VJVK_hundkurs06-25\" data-image-description=\"\" data-image-caption=\"\" data-medium-file=\"https:\/\/krets.jagareforbundet.se\/vaggeryds\/files\/2025\/05\/VJVK_hundkurs06-25-300x300.jpg\" data-large-file=\"https:\/\/krets.jagareforbundet.se\/vaggeryds\/files\/2025\/05\/VJVK_hundkurs06-25-1024x1024.jpg\" class=\"alignnone wp-image-783 size-large\" src=\"https:\/\/krets.jagareforbundet.se\/vaggeryds\/files\/2025\/05\/VJVK_hundkurs06-25-1024x1024.jpg\" alt=\"\" width=\"1024\" height=\"1024\" srcset=\"https:\/\/krets.jagareforbundet.se\/vaggeryds\/files\/2025\/05\/VJVK_hundkurs06-25-1024x1024.jpg 1024w, https:\/\/krets.jagareforbundet.se\/vaggeryds\/files\/2025\/05\/VJVK_hundkurs06-25-300x300.jpg 300w, https:\/\/krets.jagareforbundet.se\/vaggeryds\/files\/2025\/05\/VJVK_hundkurs06-25-150x150.jpg 150w, https:\/\/krets.jagareforbundet.se\/vaggeryds\/files\/2025\/05\/VJVK_hundkurs06-25-768x768.jpg 768w, https:\/\/krets.jagareforbundet.se\/vaggeryds\/files\/2025\/05\/VJVK_hundkurs06-25-1536x1536.jpg 1536w, https:\/\/krets.jagareforbundet.se\/vaggeryds\/files\/2025\/05\/VJVK_hundkurs06-25-2048x2048.jpg 2048w\" sizes=\"auto, (max-width: 1024px) 100vw, 1024px\" \/><\/a><\/p>\n<hr \/>\n<p>Hundkurser finns hos Anders Sch\u00f6nborgs <a href=\"https:\/\/grundlydnadforjakthundar.com\/\" target=\"_blank\" rel=\"noopener\"><strong>Zemax hundtr\u00e4ning\u00a0<\/strong><\/a><\/p>\n<hr \/>\n<p>Vaggeryds Jaktv\u00e5rdskrets inbjuder till:<\/p>\n<p>KM i viltsp\u00e5r: <strong><em>s\u00f6ndag<\/em><\/strong> <strong><em>11 maj 2025<\/em><\/strong> med kvalificering till L\u00e4nsm\u00e4sterskap i efters\u00f6k.<\/p>\n<p>Sista anm\u00e4lningsdag 1 maj.<\/p>\n<p>KM Viltsp\u00e5r \u00e4r en <em>rolig<\/em> och bra aktivitet f\u00f6r b\u00e5da dig och din hund.<\/p>\n<p>T\u00e4vlingen genomf\u00f6rs enligt SKKs regler om r\u00f6rligt viltsp\u00e5rprov. Medlemskap i kretsen kr\u00e4vs.<\/p>\n<p>T\u00e4vlingen genomf\u00f6rs i \u00f6ppenklass viltsp\u00e5rprov i trakterna av K\u00e4vsj\u00f6 och det \u00e4r Bengt Eriksson som ska bed\u00f6ma proverna. Efter proven samlar vi p\u00e5 skjutbanan, Hookortens Jaktv\u00e5rdsf\u00f6rening i Hok.<\/p>\n<p>Kostnad 450kr som betalas till domaren p\u00e5 plats via Swish.<\/p>\n<p>Anm\u00e4lan skickas via formul\u00e4r som hittas via <a href=\"https:\/\/docs.google.com\/forms\/d\/1sGph4j4LRxtG6wN-4j0z5Cn9pJKHhAOUsHqMuw-kvis\/edit?pli=1\" target=\"_blank\" rel=\"noopener\"><span style=\"color: #ff0000\"><em><strong>l\u00e4nken<\/strong><\/em><\/span><\/a>.<\/p>\n<p>Ytterligare information om t\u00e4vlingsdagen skickas ut en vecka innan t\u00e4vlingsdag.<\/p>\n<p>V\u00c4LKOMNA MED DIN HUND!<\/p>\n<p>Om v\u00e4dret medarbetar d\u00e5 \u00e4r det en duktig fotograf p\u00e5 plats som kan ta kort av dig och din hund som team. Digitala kort bjuder vi p\u00e5!<\/p>\n<p>Ivar Sonneveld-de Jong<\/p>\n<hr \/>\n<p><span class=\"x193iq5w xeuugli x13faqbe x1vvkbs xlh3980 xvmahel x1n0sxbx x1lliihq x1s928wv xhkezso x1gmr53x x1cpjm7i x1fgarty x1943h6x xudqn12 x3x7a5m x6prxxf xvq8zen xo1l8bm xzsf02u x1yc453h\" dir=\"auto\">13 Augusti 2023, v\u00e5r representant i regionsm\u00e4sterskapet i efters\u00f6k, Josefin B\u00f6rjesson med sin hund H\u00e5lli knep en 4,e plats n\u00e4r arrangemanget gick av stapeln. Stort grattis till er<span class=\"x3nfvp2 x1j61x8r x1fcty0u xdj266r xhhsvwb xat24cr xgzva0m xxymvpz xlup9mm x1kky2od\"><img loading=\"lazy\" decoding=\"async\" src=\"https:\/\/static.xx.fbcdn.net\/images\/emoji.php\/v9\/t7b\/1\/16\/1f44c.png\" alt=\"\ud83d\udc4c\" width=\"16\" height=\"16\" \/><\/span><span class=\"x3nfvp2 x1j61x8r x1fcty0u xdj266r xhhsvwb xat24cr xgzva0m xxymvpz xlup9mm x1kky2od\"><img loading=\"lazy\" decoding=\"async\" src=\"https:\/\/static.xx.fbcdn.net\/images\/emoji.php\/v9\/t6d\/1\/16\/1f973.png\" alt=\"\ud83e\udd73\" width=\"16\" height=\"16\" \/><\/span><\/span><\/p>\n<p><img loading=\"lazy\" decoding=\"async\" class=\"x1bwycvy x193iq5w x4fas0m x19kjcj4 aligncenter\" src=\"https:\/\/scontent-arn2-1.xx.fbcdn.net\/v\/t39.30808-6\/367429408_10230272205166700_2219337517709203964_n.jpg?_nc_cat=104&amp;ccb=1-7&amp;_nc_sid=5cd70e&amp;_nc_ohc=_pvgBKh9LZEAX_3VT5W&amp;_nc_ht=scontent-arn2-1.xx&amp;oh=00_AfBo-td0OgLTzxviykwH6YMOcMaB7ncB-R3JeOkRnbsiMg&amp;oe=64E64246\" alt=\"Kan vara en bild av 1 person, hund och gr\u00e4s\" width=\"557\" height=\"1236\" data-visualcompletion=\"media-vc-image\" \/><\/p>\n<hr \/>\n<p><em><strong>Utst\u00e4llningstr\u00e4ning<\/strong><\/em> 15 juni 2023, kl. 18:00, se under evenemang, eller <a href=\"https:\/\/www.facebook.com\/groups\/1568649026734470\/posts\/3369656139967074\/?__cft__[0]=AZU5s53cjHTLSkcyX9QNOQn6GfT9VBKWeMD_xPhLnGKFxmG188d_8BVcOudeSptckKWoLJM4_DP9e20PPAvZxBuVsnt2UpsvjXVvPITboGGecV21nXjiSL-5GwlVoNfuXVh5LI0Ei6geyoFfqMRSLQNE&amp;__tn__=%2CO%2CP-R\" target=\"_blank\" rel=\"noopener\">klicka h\u00e4r.<\/a><\/p>\n<hr \/>\n<p>S\u00f6ndag 21 maj 2023 har KM I viltsp\u00e5r med kval till LM i efters\u00f6k g\u00e5tt av stapeln. Tv\u00e5 duktiga ekipage kom till start som fick g\u00e5 varsitt \u00f6kl sp\u00e5r med skott. Innan start s\u00e5 fick hundf\u00f6rarna ocks\u00e5 svara p\u00e5 lite efters\u00f6ksrelaterade fr\u00e5gor som komplement till provet. Sp\u00e5rprovet d\u00f6mdes enligt skk,s reglemente och skogskort anv\u00e4ndes f\u00f6r att f\u00e5 det s\u00e5 r\u00e4ttvist som m\u00f6jligt.<\/p>\n<p>Domare: Anne-Charlotte Larsson <a href=\"https:\/\/www.facebook.com\/hashtag\/svenskaadbklubben?__eep__=6&amp;__cft__%5b0%5d=AZVry1NVm0AS_koaxbCPAArfhUM-yRJd-lXbLC9FT63VAS0CO9pa-UTgn63KFIL2hYqJQhE0w3lQ98U5ObQP4oCYbrViHimlnliuqY15gOPBUI7MRpQXPNZ-ixO9xC8Tw-65gOlyyGikKUdA5KCM1wL_UQNXpVpSU9TYCfLMz7Lu4cXcot5seYG2bwwobVV2oR4&amp;__tn__=*NK-R\">#svenskaadbklubben<\/a><\/p>\n<p>P\u00e5 f\u00f6rsta plats kom Petra Sonneveld-de Jong med hunden Dejeskr\u00e4ckens Saga, Hannoveransk viltsp\u00e5rhund som fick ett 1,a pris p\u00e5 sp\u00e5rprov och totalt 162p.<\/p>\n<p>P\u00e5 andra plats kom Josefin B\u00f6rjesson med hunden H\u00e5lli, Drever som fick 1,a pris p\u00e5 sp\u00e5rprov och totalt 144p, d\u00e4rmed ocks\u00e5 sista 1,an och kan nu titulera sig Svensk viltsp\u00e5r champion.<\/p>\n<p>Stort grattis s\u00e4ger vi till b\u00e5da ekipagen som k\u00e4mpade mycket v\u00e4l i torka och v\u00e4rme.<\/p>\n<p>D\u00e5 vinnaren av KM f\u00e5tt f\u00f6rhinder och inte kan st\u00e4lla upp p\u00e5 LM s\u00e5 kommer nu Josefin B\u00f6rjesson att representera Vaggeryds jaktv\u00e5rdskrets med sin Drever. LM g\u00e5r av stapeln i N\u00e4ssj\u00f6 den 18\/6. Vi \u00f6nskar nu Josefin stort lycka till!<\/p>\n<p>Anne-Charlotte Larsson, hundansvarig<\/p>\n<div id=\"attachment_556\" style=\"width: 1034px\" class=\"wp-caption alignnone\"><a href=\"https:\/\/krets.jagareforbundet.se\/vaggeryds\/files\/2023\/05\/M2_9483-scaled.jpg\"><img loading=\"lazy\" decoding=\"async\" aria-describedby=\"caption-attachment-556\" data-attachment-id=\"556\" data-permalink=\"https:\/\/krets.jagareforbundet.se\/vaggeryds\/exempelsida\/josefine-met-halli-anne-charlotte-en-wij\/\" data-orig-file=\"https:\/\/krets.jagareforbundet.se\/vaggeryds\/files\/2023\/05\/M2_9483-scaled.jpg\" data-orig-size=\"2560,2048\" data-comments-opened=\"1\" data-image-meta=\"{&quot;aperture&quot;:&quot;8&quot;,&quot;credit&quot;:&quot;Petra Sonneveld-de Jong&quot;,&quot;camera&quot;:&quot;Canon EOS 5D Mark IV&quot;,&quot;caption&quot;:&quot;&quot;,&quot;created_timestamp&quot;:&quot;1684658534&quot;,&quot;copyright&quot;:&quot;Petra Sonneveld-de Jong&quot;,&quot;focal_length&quot;:&quot;26&quot;,&quot;iso&quot;:&quot;1000&quot;,&quot;shutter_speed&quot;:&quot;0.008&quot;,&quot;title&quot;:&quot;Josefine met H\\u00e5lli, Anne-Charlotte... en wij.&quot;,&quot;orientation&quot;:&quot;0&quot;}\" data-image-title=\"Josefine met H\u00e5lli, Anne-Charlotte&amp;#8230; en wij.\" data-image-description=\"\" data-image-caption=\"\" data-medium-file=\"https:\/\/krets.jagareforbundet.se\/vaggeryds\/files\/2023\/05\/M2_9483-300x240.jpg\" data-large-file=\"https:\/\/krets.jagareforbundet.se\/vaggeryds\/files\/2023\/05\/M2_9483-1024x819.jpg\" class=\"wp-image-556 size-large\" src=\"https:\/\/krets.jagareforbundet.se\/vaggeryds\/files\/2023\/05\/M2_9483-1024x819.jpg\" alt=\"\" width=\"1024\" height=\"819\" srcset=\"https:\/\/krets.jagareforbundet.se\/vaggeryds\/files\/2023\/05\/M2_9483-1024x819.jpg 1024w, https:\/\/krets.jagareforbundet.se\/vaggeryds\/files\/2023\/05\/M2_9483-300x240.jpg 300w, https:\/\/krets.jagareforbundet.se\/vaggeryds\/files\/2023\/05\/M2_9483-768x614.jpg 768w, https:\/\/krets.jagareforbundet.se\/vaggeryds\/files\/2023\/05\/M2_9483-1536x1229.jpg 1536w, https:\/\/krets.jagareforbundet.se\/vaggeryds\/files\/2023\/05\/M2_9483-2048x1638.jpg 2048w\" sizes=\"auto, (max-width: 1024px) 100vw, 1024px\" \/><\/a><p id=\"caption-attachment-556\" class=\"wp-caption-text\">Josefin B\u00f6rjesson, H\u00e5lli, Anne-Charlotte Larsson, Petra Sonneveld-de Jong, Dejeskr\u00e4ckens Saga<\/p><\/div>\n<div id=\"attachment_557\" style=\"width: 693px\" class=\"wp-caption alignnone\"><a href=\"https:\/\/krets.jagareforbundet.se\/vaggeryds\/files\/2023\/05\/M2_9498-scaled.jpg\"><img loading=\"lazy\" decoding=\"async\" aria-describedby=\"caption-attachment-557\" data-attachment-id=\"557\" data-permalink=\"https:\/\/krets.jagareforbundet.se\/vaggeryds\/exempelsida\/die-had-ook-een-hele-mooie-score\/\" data-orig-file=\"https:\/\/krets.jagareforbundet.se\/vaggeryds\/files\/2023\/05\/M2_9498-scaled.jpg\" data-orig-size=\"1707,2560\" data-comments-opened=\"1\" data-image-meta=\"{&quot;aperture&quot;:&quot;8&quot;,&quot;credit&quot;:&quot;Petra Sonneveld-de Jong&quot;,&quot;camera&quot;:&quot;Canon EOS 5D Mark IV&quot;,&quot;caption&quot;:&quot;&quot;,&quot;created_timestamp&quot;:&quot;1684658663&quot;,&quot;copyright&quot;:&quot;Petra Sonneveld-de Jong&quot;,&quot;focal_length&quot;:&quot;35&quot;,&quot;iso&quot;:&quot;1000&quot;,&quot;shutter_speed&quot;:&quot;0.008&quot;,&quot;title&quot;:&quot;Die had ook een hele mooie score!!&quot;,&quot;orientation&quot;:&quot;0&quot;}\" data-image-title=\"\" data-image-description=\"\" data-image-caption=\"&lt;p&gt;Vaggeryds kretsens representant p\u00e5 LM, 18 juni i N\u00e4ssj\u00f6: Josefin B\u00f6rjesson med H\u00e5lli.&lt;\/p&gt;\n\" data-medium-file=\"https:\/\/krets.jagareforbundet.se\/vaggeryds\/files\/2023\/05\/M2_9498-200x300.jpg\" data-large-file=\"https:\/\/krets.jagareforbundet.se\/vaggeryds\/files\/2023\/05\/M2_9498-683x1024.jpg\" class=\"wp-image-557 size-large\" src=\"https:\/\/krets.jagareforbundet.se\/vaggeryds\/files\/2023\/05\/M2_9498-683x1024.jpg\" alt=\"\" width=\"683\" height=\"1024\" srcset=\"https:\/\/krets.jagareforbundet.se\/vaggeryds\/files\/2023\/05\/M2_9498-683x1024.jpg 683w, https:\/\/krets.jagareforbundet.se\/vaggeryds\/files\/2023\/05\/M2_9498-200x300.jpg 200w, https:\/\/krets.jagareforbundet.se\/vaggeryds\/files\/2023\/05\/M2_9498-768x1152.jpg 768w, https:\/\/krets.jagareforbundet.se\/vaggeryds\/files\/2023\/05\/M2_9498-1024x1536.jpg 1024w, https:\/\/krets.jagareforbundet.se\/vaggeryds\/files\/2023\/05\/M2_9498-1365x2048.jpg 1365w, https:\/\/krets.jagareforbundet.se\/vaggeryds\/files\/2023\/05\/M2_9498-scaled.jpg 1707w\" sizes=\"auto, (max-width: 683px) 100vw, 683px\" \/><\/a><p id=\"caption-attachment-557\" class=\"wp-caption-text\">Vaggeryds kretsens representant p\u00e5 LM, 18 juni i N\u00e4ssj\u00f6: Josefin B\u00f6rjesson med H\u00e5lli.<\/p><\/div>\n","protected":false},"excerpt":{"rendered":"<p>Hundkurser finns hos Anders Sch\u00f6nborgs Zemax hundtr\u00e4ning\u00a0 Vaggeryds Jaktv\u00e5rdskrets inbjuder till: KM i viltsp\u00e5r: s\u00f6ndag 11 maj 2025 med kvalificering till L\u00e4nsm\u00e4sterskap i efters\u00f6k. Sista anm\u00e4lningsdag 1 maj. KM Viltsp\u00e5r \u00e4r en rolig och bra aktivitet f\u00f6r b\u00e5da dig och din hund. T\u00e4vlingen genomf\u00f6rs enligt SKKs regler om r\u00f6rligt viltsp\u00e5rprov. Medlemskap i kretsen kr\u00e4vs. T\u00e4vlingen [&hellip;]<\/p>\n","protected":false},"author":75,"featured_media":558,"parent":0,"menu_order":0,"comment_status":"closed","ping_status":"closed","template":"","meta":{"footnotes":""},"class_list":["post-316","page","type-page","status-publish","has-post-thumbnail","hentry"],"jetpack_sharing_enabled":true,"_links":{"self":[{"href":"https:\/\/krets.jagareforbundet.se\/vaggeryds\/wp-json\/wp\/v2\/pages\/316","targetHints":{"allow":["GET"]}}],"collection":[{"href":"https:\/\/krets.jagareforbundet.se\/vaggeryds\/wp-json\/wp\/v2\/pages"}],"about":[{"href":"https:\/\/krets.jagareforbundet.se\/vaggeryds\/wp-json\/wp\/v2\/types\/page"}],"author":[{"embeddable":true,"href":"https:\/\/krets.jagareforbundet.se\/vaggeryds\/wp-json\/wp\/v2\/users\/75"}],"replies":[{"embeddable":true,"href":"https:\/\/krets.jagareforbundet.se\/vaggeryds\/wp-json\/wp\/v2\/comments?post=316"}],"version-history":[{"count":3,"href":"https:\/\/krets.jagareforbundet.se\/vaggeryds\/wp-json\/wp\/v2\/pages\/316\/revisions"}],"predecessor-version":[{"id":789,"href":"https:\/\/krets.jagareforbundet.se\/vaggeryds\/wp-json\/wp\/v2\/pages\/316\/revisions\/789"}],"wp:featuredmedia":[{"embeddable":true,"href":"https:\/\/krets.jagareforbundet.se\/vaggeryds\/wp-json\/wp\/v2\/media\/558"}],"wp:attachment":[{"href":"https:\/\/krets.jagareforbundet.se\/vaggeryds\/wp-json\/wp\/v2\/media?parent=316"}],"curies":[{"name":"wp","href":"https:\/\/api.w.org\/{rel}","templated":true}]}}