{"id":321,"date":"2019-10-29T10:14:26","date_gmt":"2019-10-29T09:14:26","guid":{"rendered":"https:\/\/krets.jagareforbundet.se\/vaggeryds\/?page_id=321"},"modified":"2023-09-30T07:22:38","modified_gmt":"2023-09-30T05:22:38","slug":"jaqt","status":"publish","type":"page","link":"https:\/\/krets.jagareforbundet.se\/vaggeryds\/jaqt\/","title":{"rendered":"JAQT"},"content":{"rendered":"<hr \/>\n<p>\u2b50\ufe0f Skytte Fredriksdal \u2b50\ufe0f<\/p>\n<p>7\/10 \u00e4r det s\u00e4songens sista JAQT-skytte p\u00e5 Fredriksdal, N\u00e4ssj\u00f6<\/p>\n<p>Vi ses mellan kl 13.00-16.00 och skjuter mest kula men, \u00e4ven hagel g\u00e5r att ordna om n\u00e5gon vill.<\/p>\n<p>L\u00e5nevapen finns i vanlig ordning f\u00f6r den som beh\u00f6ver, likas\u00e5 ammo om du beh\u00f6ver k\u00f6pa<\/p>\n<p>Passar \u00e4ven dej som inte skjutit upp \u00e4nnu<\/p>\n<p>Medtag fika<\/p>\n<p>Fr\u00e5gor? Kontakta Margareta Bunnfors<\/p>\n<p>V\u00e4lkomna! Hoppas vi ses \ud83d\ude0a<\/p>\n<hr \/>\n<p>JAQT \u00e4r n\u00e4tverket f\u00f6r kvinnor som jagar.<\/p>\n<p><a href=\"https:\/\/krets.jagareforbundet.se\/vaggeryds\/files\/2023\/04\/JAQT_skytte_Fredriksdal.jpg\"><img loading=\"lazy\" decoding=\"async\" data-attachment-id=\"546\" data-permalink=\"https:\/\/krets.jagareforbundet.se\/vaggeryds\/jaqt\/jaqt_skytte_fredriksdal\/\" data-orig-file=\"https:\/\/krets.jagareforbundet.se\/vaggeryds\/files\/2023\/04\/JAQT_skytte_Fredriksdal.jpg\" data-orig-size=\"2160,2160\" data-comments-opened=\"1\" data-image-meta=\"{&quot;aperture&quot;:&quot;0&quot;,&quot;credit&quot;:&quot;&quot;,&quot;camera&quot;:&quot;&quot;,&quot;caption&quot;:&quot;&quot;,&quot;created_timestamp&quot;:&quot;0&quot;,&quot;copyright&quot;:&quot;&quot;,&quot;focal_length&quot;:&quot;0&quot;,&quot;iso&quot;:&quot;0&quot;,&quot;shutter_speed&quot;:&quot;0&quot;,&quot;title&quot;:&quot;&quot;,&quot;orientation&quot;:&quot;1&quot;}\" data-image-title=\"JAQT_skytte_Fredriksdal\" data-image-description=\"\" data-image-caption=\"\" data-medium-file=\"https:\/\/krets.jagareforbundet.se\/vaggeryds\/files\/2023\/04\/JAQT_skytte_Fredriksdal-300x300.jpg\" data-large-file=\"https:\/\/krets.jagareforbundet.se\/vaggeryds\/files\/2023\/04\/JAQT_skytte_Fredriksdal-1024x1024.jpg\" class=\"alignnone size-full wp-image-546\" src=\"https:\/\/krets.jagareforbundet.se\/vaggeryds\/files\/2023\/04\/JAQT_skytte_Fredriksdal.jpg\" alt=\"\" width=\"2160\" height=\"2160\" srcset=\"https:\/\/krets.jagareforbundet.se\/vaggeryds\/files\/2023\/04\/JAQT_skytte_Fredriksdal.jpg 2160w, https:\/\/krets.jagareforbundet.se\/vaggeryds\/files\/2023\/04\/JAQT_skytte_Fredriksdal-300x300.jpg 300w, https:\/\/krets.jagareforbundet.se\/vaggeryds\/files\/2023\/04\/JAQT_skytte_Fredriksdal-1024x1024.jpg 1024w, https:\/\/krets.jagareforbundet.se\/vaggeryds\/files\/2023\/04\/JAQT_skytte_Fredriksdal-150x150.jpg 150w, https:\/\/krets.jagareforbundet.se\/vaggeryds\/files\/2023\/04\/JAQT_skytte_Fredriksdal-768x768.jpg 768w, https:\/\/krets.jagareforbundet.se\/vaggeryds\/files\/2023\/04\/JAQT_skytte_Fredriksdal-1536x1536.jpg 1536w, https:\/\/krets.jagareforbundet.se\/vaggeryds\/files\/2023\/04\/JAQT_skytte_Fredriksdal-2048x2048.jpg 2048w\" sizes=\"auto, (max-width: 2160px) 100vw, 2160px\" \/><\/a><\/p>\n<p>&nbsp;<\/p>\n<p>&nbsp;<\/p>\n","protected":false},"excerpt":{"rendered":"<p>\u2b50\ufe0f Skytte Fredriksdal \u2b50\ufe0f 7\/10 \u00e4r det s\u00e4songens sista JAQT-skytte p\u00e5 Fredriksdal, N\u00e4ssj\u00f6 Vi ses mellan kl 13.00-16.00 och skjuter mest kula men, \u00e4ven hagel g\u00e5r att ordna om n\u00e5gon vill. L\u00e5nevapen finns i vanlig ordning f\u00f6r den som beh\u00f6ver, likas\u00e5 ammo om du beh\u00f6ver k\u00f6pa Passar \u00e4ven dej som inte skjutit upp \u00e4nnu Medtag [&hellip;]<\/p>\n","protected":false},"author":75,"featured_media":0,"parent":0,"menu_order":0,"comment_status":"closed","ping_status":"closed","template":"","meta":{"footnotes":""},"class_list":["post-321","page","type-page","status-publish","hentry"],"jetpack_sharing_enabled":true,"_links":{"self":[{"href":"https:\/\/krets.jagareforbundet.se\/vaggeryds\/wp-json\/wp\/v2\/pages\/321","targetHints":{"allow":["GET"]}}],"collection":[{"href":"https:\/\/krets.jagareforbundet.se\/vaggeryds\/wp-json\/wp\/v2\/pages"}],"about":[{"href":"https:\/\/krets.jagareforbundet.se\/vaggeryds\/wp-json\/wp\/v2\/types\/page"}],"author":[{"embeddable":true,"href":"https:\/\/krets.jagareforbundet.se\/vaggeryds\/wp-json\/wp\/v2\/users\/75"}],"replies":[{"embeddable":true,"href":"https:\/\/krets.jagareforbundet.se\/vaggeryds\/wp-json\/wp\/v2\/comments?post=321"}],"version-history":[{"count":4,"href":"https:\/\/krets.jagareforbundet.se\/vaggeryds\/wp-json\/wp\/v2\/pages\/321\/revisions"}],"predecessor-version":[{"id":645,"href":"https:\/\/krets.jagareforbundet.se\/vaggeryds\/wp-json\/wp\/v2\/pages\/321\/revisions\/645"}],"wp:attachment":[{"href":"https:\/\/krets.jagareforbundet.se\/vaggeryds\/wp-json\/wp\/v2\/media?parent=321"}],"curies":[{"name":"wp","href":"https:\/\/api.w.org\/{rel}","templated":true}]}}