{"id":354,"date":"2019-12-21T18:39:46","date_gmt":"2019-12-21T17:39:46","guid":{"rendered":"https:\/\/krets.jagareforbundet.se\/vaggeryds\/?page_id=354"},"modified":"2020-10-08T15:04:08","modified_gmt":"2020-10-08T13:04:08","slug":"rovvilt","status":"publish","type":"page","link":"https:\/\/krets.jagareforbundet.se\/vaggeryds\/rovvilt\/","title":{"rendered":"Rovvilt"},"content":{"rendered":"<p>F\u00f6r att kunna genomf\u00f6ra en h\u00e5llbar och l\u00e5ngsiktig viltf\u00f6rvaltning inventeras de stora rovdjuren \u00e5rligen. Till dem r\u00e4knas lodjur, varg, bj\u00f6rn, j\u00e4rv och kungs\u00f6rn.<\/p>\n<p>Lodjursstammen \u00f6kar i l\u00e4net och inventering p\u00e5g\u00e5r mellan oktober och februari.<\/p>\n<p><em><strong>Dina observationer \u00e4r viktiga f\u00f6r inventeringen.<\/strong><\/em><\/p>\n<p>Skandobs \u00e4r en \u00f6ppen databas d\u00e4r det \u00e4r m\u00f6jligt f\u00f6r alla att registrera sina observationer av stora rovdjur i Skandinavien. Du kan \u00e4ven se observationer som andra gjort.\u00a0 N\u00e4r du rapporterar i Skandobs skickas ett meddelande till personal p\u00e5 l\u00e4nsstyrelsen som granskar relevanta observationer och tar med resultatet i de \u00e5rliga inventeringsrapporterna.<\/p>\n<p>G\u00e5 in p\u00e5 <a href=\"http:\/\/www.skandobs.se\" target=\"_blank\" rel=\"noopener noreferrer\">www.skandobs.se<\/a> eller ladda ned appen Skandobs och rapportera om du ser rovdjur eller sp\u00e5r av dem.<\/p>\n<p><a href=\"http:\/\/www.rovbase.se\" target=\"_blank\" rel=\"noopener noreferrer\">www.rovbase.se<\/a> \u00e4r en databas d\u00e4r du kan se kvalitetss\u00e4krade observationer.<\/p>\n<p><a href=\"https:\/\/krets.jagareforbundet.se\/vaggeryds\/files\/2020\/10\/IMG_4551-scaled.jpg\"><img loading=\"lazy\" decoding=\"async\" data-attachment-id=\"437\" data-permalink=\"https:\/\/krets.jagareforbundet.se\/vaggeryds\/rovvilt\/en-een-korte-staart-het-is-er-echt-een\/\" data-orig-file=\"https:\/\/krets.jagareforbundet.se\/vaggeryds\/files\/2020\/10\/IMG_4551-scaled.jpg\" data-orig-size=\"2560,2048\" data-comments-opened=\"1\" data-image-meta=\"{&quot;aperture&quot;:&quot;10&quot;,&quot;credit&quot;:&quot;Petra de Jong&quot;,&quot;camera&quot;:&quot;Canon EOS 5D Mark IV&quot;,&quot;caption&quot;:&quot;&quot;,&quot;created_timestamp&quot;:&quot;1502910083&quot;,&quot;copyright&quot;:&quot;Petra de Jong&quot;,&quot;focal_length&quot;:&quot;300&quot;,&quot;iso&quot;:&quot;4000&quot;,&quot;shutter_speed&quot;:&quot;0.0025&quot;,&quot;title&quot;:&quot;En een korte staart. Het is er echt een!&quot;,&quot;orientation&quot;:&quot;0&quot;}\" data-image-title=\"IMG_4551-scaled\" data-image-description=\"\" data-image-caption=\"\" data-medium-file=\"https:\/\/krets.jagareforbundet.se\/vaggeryds\/files\/2020\/10\/IMG_4551-300x240.jpg\" data-large-file=\"https:\/\/krets.jagareforbundet.se\/vaggeryds\/files\/2020\/10\/IMG_4551-1024x819.jpg\" class=\"alignnone size-medium wp-image-437\" src=\"https:\/\/krets.jagareforbundet.se\/vaggeryds\/files\/2020\/10\/IMG_4551-300x240.jpg\" alt=\"\" width=\"300\" height=\"240\" srcset=\"https:\/\/krets.jagareforbundet.se\/vaggeryds\/files\/2020\/10\/IMG_4551-300x240.jpg 300w, https:\/\/krets.jagareforbundet.se\/vaggeryds\/files\/2020\/10\/IMG_4551-1024x819.jpg 1024w, https:\/\/krets.jagareforbundet.se\/vaggeryds\/files\/2020\/10\/IMG_4551-768x614.jpg 768w, https:\/\/krets.jagareforbundet.se\/vaggeryds\/files\/2020\/10\/IMG_4551-1536x1229.jpg 1536w, https:\/\/krets.jagareforbundet.se\/vaggeryds\/files\/2020\/10\/IMG_4551-2048x1639.jpg 2048w\" sizes=\"auto, (max-width: 300px) 100vw, 300px\" \/><\/a><\/p>\n","protected":false},"excerpt":{"rendered":"<p>F\u00f6r att kunna genomf\u00f6ra en h\u00e5llbar och l\u00e5ngsiktig viltf\u00f6rvaltning inventeras de stora rovdjuren \u00e5rligen. Till dem r\u00e4knas lodjur, varg, bj\u00f6rn, j\u00e4rv och kungs\u00f6rn. Lodjursstammen \u00f6kar i l\u00e4net och inventering p\u00e5g\u00e5r mellan oktober och februari. Dina observationer \u00e4r viktiga f\u00f6r inventeringen. Skandobs \u00e4r en \u00f6ppen databas d\u00e4r det \u00e4r m\u00f6jligt f\u00f6r alla att registrera sina observationer [&hellip;]<\/p>\n","protected":false},"author":75,"featured_media":0,"parent":0,"menu_order":0,"comment_status":"closed","ping_status":"closed","template":"","meta":{"footnotes":""},"class_list":["post-354","page","type-page","status-publish","hentry"],"jetpack_sharing_enabled":true,"_links":{"self":[{"href":"https:\/\/krets.jagareforbundet.se\/vaggeryds\/wp-json\/wp\/v2\/pages\/354","targetHints":{"allow":["GET"]}}],"collection":[{"href":"https:\/\/krets.jagareforbundet.se\/vaggeryds\/wp-json\/wp\/v2\/pages"}],"about":[{"href":"https:\/\/krets.jagareforbundet.se\/vaggeryds\/wp-json\/wp\/v2\/types\/page"}],"author":[{"embeddable":true,"href":"https:\/\/krets.jagareforbundet.se\/vaggeryds\/wp-json\/wp\/v2\/users\/75"}],"replies":[{"embeddable":true,"href":"https:\/\/krets.jagareforbundet.se\/vaggeryds\/wp-json\/wp\/v2\/comments?post=354"}],"version-history":[{"count":3,"href":"https:\/\/krets.jagareforbundet.se\/vaggeryds\/wp-json\/wp\/v2\/pages\/354\/revisions"}],"predecessor-version":[{"id":443,"href":"https:\/\/krets.jagareforbundet.se\/vaggeryds\/wp-json\/wp\/v2\/pages\/354\/revisions\/443"}],"wp:attachment":[{"href":"https:\/\/krets.jagareforbundet.se\/vaggeryds\/wp-json\/wp\/v2\/media?parent=354"}],"curies":[{"name":"wp","href":"https:\/\/api.w.org\/{rel}","templated":true}]}}