{"id":356,"date":"2019-12-21T18:40:14","date_gmt":"2019-12-21T17:40:14","guid":{"rendered":"https:\/\/krets.jagareforbundet.se\/vaggeryds\/?page_id=356"},"modified":"2023-06-08T08:25:59","modified_gmt":"2023-06-08T06:25:59","slug":"ungdom","status":"publish","type":"page","link":"https:\/\/krets.jagareforbundet.se\/vaggeryds\/ungdom\/","title":{"rendered":"Ungdom"},"content":{"rendered":"<h1>Aktuellt:<\/h1>\n<div>\n<div class=\"\">\n<div class=\"x1iorvi4 x1pi30zi x1swvt13 xjkvuk6\" id=\":r7j:\" data-ad-comet-preview=\"message\" data-ad-preview=\"message\">\n<div class=\"x78zum5 xdt5ytf xz62fqu x16ldp7u\">\n<div class=\"xu06os2 x1ok221b\">\n<div class=\"xdj266r x11i5rnm xat24cr x1mh8g0r x1vvkbs x126k92a\">\n<div>Nu startar vi upp <span style=\"color: #008000\"><em><strong>ungdomsakademin<\/strong><\/em><\/span>!<\/div>\n<div>Den riktar sig i f\u00f6rsta hand till dig med nytagen j\u00e4garexamen och under 21 \u00e5r, men i m\u00e5n av plats \u00e4ven f\u00f6r dig som \u00e4r \u00e4ldre och vetgirig. Vi startar upp i b\u00f6rjan av augusti 2023 med tips inf\u00f6r bockpremi\u00e4ren och f\u00f6ljer upp med tillvaratagande och styckning. Sedan har vi aktiviteter som f\u00f6ljer hela jakt\u00e5ret ut.<\/div>\n<div>Vi har begr\u00e4nsat deltagar antalet till 10 platser. V\u00e4lkommen med anm\u00e4lan till 070-928 14 76.<\/div>\n<div><\/div>\n<div>Styrelsen.<\/div>\n<\/div>\n<\/div>\n<\/div>\n<\/div>\n<\/div>\n<\/div>\n<div>\n<div class=\"x168nmei x13lgxp2 x30kzoy x9jhf4c x6ikm8r x10wlt62\" data-visualcompletion=\"ignore-dynamic\">\n<div>\n<div>\n<div>\n<div class=\"x1n2onr6\">\n<div class=\"x6s0dn4 xi81zsa x78zum5 x6prxxf x13a6bvl xvq8zen xdj266r xktsk01 xat24cr x1d52u69 x889kno x4uap5 x1a8lsjc xkhd6sd xdppsyt\">\n<div class=\"x6s0dn4 x78zum5 x1iyjqo2 x6ikm8r x10wlt62\"><\/div>\n<\/div>\n<\/div>\n<\/div>\n<\/div>\n<\/div>\n<\/div>\n<\/div>\n<div class=\"\"><\/div>\n","protected":false},"excerpt":{"rendered":"<p>Aktuellt: Nu startar vi upp ungdomsakademin! Den riktar sig i f\u00f6rsta hand till dig med nytagen j\u00e4garexamen och under 21 \u00e5r, men i m\u00e5n av plats \u00e4ven f\u00f6r dig som \u00e4r \u00e4ldre och vetgirig. Vi startar upp i b\u00f6rjan av augusti 2023 med tips inf\u00f6r bockpremi\u00e4ren och f\u00f6ljer upp med tillvaratagande och styckning. Sedan har [&hellip;]<\/p>\n","protected":false},"author":75,"featured_media":0,"parent":0,"menu_order":0,"comment_status":"closed","ping_status":"closed","template":"","meta":{"footnotes":""},"class_list":["post-356","page","type-page","status-publish","hentry"],"jetpack_sharing_enabled":true,"_links":{"self":[{"href":"https:\/\/krets.jagareforbundet.se\/vaggeryds\/wp-json\/wp\/v2\/pages\/356","targetHints":{"allow":["GET"]}}],"collection":[{"href":"https:\/\/krets.jagareforbundet.se\/vaggeryds\/wp-json\/wp\/v2\/pages"}],"about":[{"href":"https:\/\/krets.jagareforbundet.se\/vaggeryds\/wp-json\/wp\/v2\/types\/page"}],"author":[{"embeddable":true,"href":"https:\/\/krets.jagareforbundet.se\/vaggeryds\/wp-json\/wp\/v2\/users\/75"}],"replies":[{"embeddable":true,"href":"https:\/\/krets.jagareforbundet.se\/vaggeryds\/wp-json\/wp\/v2\/comments?post=356"}],"version-history":[{"count":4,"href":"https:\/\/krets.jagareforbundet.se\/vaggeryds\/wp-json\/wp\/v2\/pages\/356\/revisions"}],"predecessor-version":[{"id":573,"href":"https:\/\/krets.jagareforbundet.se\/vaggeryds\/wp-json\/wp\/v2\/pages\/356\/revisions\/573"}],"wp:attachment":[{"href":"https:\/\/krets.jagareforbundet.se\/vaggeryds\/wp-json\/wp\/v2\/media?parent=356"}],"curies":[{"name":"wp","href":"https:\/\/api.w.org\/{rel}","templated":true}]}}