{"id":690,"date":"2024-06-26T14:09:44","date_gmt":"2024-06-26T12:09:44","guid":{"rendered":"https:\/\/krets.jagareforbundet.se\/vaggeryds\/?page_id=690"},"modified":"2024-06-26T14:09:44","modified_gmt":"2024-06-26T12:09:44","slug":"viltvard","status":"publish","type":"page","link":"https:\/\/krets.jagareforbundet.se\/vaggeryds\/viltvard\/","title":{"rendered":"Viltv\u00e5rd"},"content":{"rendered":"<hr \/>\n<p><strong>\u00d6ka eller bekr\u00e4fta din kunskap om Skogens Konung.<\/strong><\/p>\n<p>Intressanta l\u00e4nkar utifr\u00e5n ett viltv\u00e5rdsperspektiv p\u00e5 den allm\u00e4nna diskussionen avseende \u00e4lgen samt eventuell \u00e4lgf\u00f6rvaltning.<\/p>\n<p><a href=\"https:\/\/krets.jagareforbundet.se\/folkarna\/jaktfragor\/algjakt\/algbiologi\/\" target=\"_blank\" rel=\"noopener\">https:\/\/krets.jagareforbundet.se\/folkarna\/jaktfragor\/algjakt\/algbiologi\/<\/a><\/p>\n<p><a href=\"https:\/\/jagareforbundet.se\/aktuellt\/forbundsnyheter\/2019\/08\/algens-forutsattningar-ska-styra-jakten\/\" target=\"_blank\" rel=\"noopener\">https:\/\/jagareforbundet.se\/aktuellt\/forbundsnyheter\/2019\/08\/algens-forutsattningar-ska-styra-jakten\/<\/a><\/p>\n<p><a href=\"https:\/\/www.slu.se\/kampanjsajter\/alg\/alg-faq\/\" target=\"_blank\" rel=\"noopener\">https:\/\/www.slu.se\/kampanjsajter\/alg\/alg-faq\/<\/a><\/p>\n<hr \/>\n<p>&nbsp;<\/p>\n","protected":false},"excerpt":{"rendered":"<p>\u00d6ka eller bekr\u00e4fta din kunskap om Skogens Konung. Intressanta l\u00e4nkar utifr\u00e5n ett viltv\u00e5rdsperspektiv p\u00e5 den allm\u00e4nna diskussionen avseende \u00e4lgen samt eventuell \u00e4lgf\u00f6rvaltning. https:\/\/krets.jagareforbundet.se\/folkarna\/jaktfragor\/algjakt\/algbiologi\/ https:\/\/jagareforbundet.se\/aktuellt\/forbundsnyheter\/2019\/08\/algens-forutsattningar-ska-styra-jakten\/ https:\/\/www.slu.se\/kampanjsajter\/alg\/alg-faq\/ &nbsp;<\/p>\n","protected":false},"author":75,"featured_media":665,"parent":0,"menu_order":0,"comment_status":"closed","ping_status":"closed","template":"","meta":{"footnotes":""},"class_list":["post-690","page","type-page","status-publish","has-post-thumbnail","hentry"],"jetpack_sharing_enabled":true,"_links":{"self":[{"href":"https:\/\/krets.jagareforbundet.se\/vaggeryds\/wp-json\/wp\/v2\/pages\/690","targetHints":{"allow":["GET"]}}],"collection":[{"href":"https:\/\/krets.jagareforbundet.se\/vaggeryds\/wp-json\/wp\/v2\/pages"}],"about":[{"href":"https:\/\/krets.jagareforbundet.se\/vaggeryds\/wp-json\/wp\/v2\/types\/page"}],"author":[{"embeddable":true,"href":"https:\/\/krets.jagareforbundet.se\/vaggeryds\/wp-json\/wp\/v2\/users\/75"}],"replies":[{"embeddable":true,"href":"https:\/\/krets.jagareforbundet.se\/vaggeryds\/wp-json\/wp\/v2\/comments?post=690"}],"version-history":[{"count":1,"href":"https:\/\/krets.jagareforbundet.se\/vaggeryds\/wp-json\/wp\/v2\/pages\/690\/revisions"}],"predecessor-version":[{"id":691,"href":"https:\/\/krets.jagareforbundet.se\/vaggeryds\/wp-json\/wp\/v2\/pages\/690\/revisions\/691"}],"wp:featuredmedia":[{"embeddable":true,"href":"https:\/\/krets.jagareforbundet.se\/vaggeryds\/wp-json\/wp\/v2\/media\/665"}],"wp:attachment":[{"href":"https:\/\/krets.jagareforbundet.se\/vaggeryds\/wp-json\/wp\/v2\/media?parent=690"}],"curies":[{"name":"wp","href":"https:\/\/api.w.org\/{rel}","templated":true}]}}